{"id":2751,"date":"2015-01-22T18:08:48","date_gmt":"2015-01-22T18:08:48","guid":{"rendered":"http:\/\/www.lecturavertical.com\/tres-motius-per-escriure\/"},"modified":"2015-04-03T17:13:56","modified_gmt":"2015-04-03T17:13:56","slug":"tres-motius-per-escriure","status":"publish","type":"page","link":"https:\/\/www.lecturavertical.com\/es\/coaching-descriptura\/tres-motius-per-escriure\/","title":{"rendered":"Narrar la propia vida"},"content":{"rendered":"<p><span style=\"color: #808080;\"><strong>\u00bfESCRIBIR SOBRE NUESTRA VIDA?<br \/>\u00bfPORQU\u00c8?<\/strong><\/span><strong><\/strong><\/p>\n<style type=\"text\/css\"><!--\nP { margin-bottom: 0.21cm; }\n--><\/style>\n<ul>\n<li style=\"color: #808080;\"><strong><strong><strong><span style=\"color: #808080;\"><span style=\"color: #ff9900;\">Por el placer de escribir<\/span><br \/><\/span><\/strong><\/strong><\/strong>\n<p>\u00a0 \u00a0 \u00a0 \u00a0 \u00a0 \u00a0\u00a0<br \/>\u00a0\u00a0\u00a0\u00a0\u00a0\u00a0\u00a0\u00a0\u00a0\u00a0\u00a0\u00a0<span style=\"color: #808080;\"> -Haz de tu sue\u00f1o, una realidad!<br \/>\u00a0\u00a0\u00a0\u00a0\u00a0\u00a0\u00a0\u00a0\u00a0\u00a0\u00a0\u00a0\u00a0 Hace tiempo que te gustar\u00eda\u00a0escribir un libro pero no te atreves .<br \/>\u00a0\u00a0\u00a0\u00a0\u00a0\u00a0\u00a0\u00a0\u00a0\u00a0\u00a0\u00a0\u00a0 Narrar las propias vivencias es una buena manera de empezar a escribir.<\/span><\/p>\n<p>\u00a0\u00a0\u00a0\u00a0\u00a0\u00a0\u00a0\u00a0\u00a0\u00a0\u00a0\u00a0 -Quieres evitar que se desvanezcan detalles de ciertos per\u00edodos excepcionales <br \/>\u00a0\u00a0\u00a0\u00a0\u00a0\u00a0\u00a0\u00a0\u00a0\u00a0\u00a0\u00a0\u00a0 de tu vida: un gran amor, el nacimiento de un hijo, un viaje irrepetible, experiencias<br \/>\u00a0\u00a0\u00a0\u00a0\u00a0\u00a0\u00a0\u00a0\u00a0\u00a0\u00a0\u00a0\u00a0 profesionales\u2026\u00a0<\/p>\n<p>\u00a0\u00a0\u00a0\u00a0\u00a0\u00a0\u00a0\u00a0\u00a0\u00a0\u00a0\u00a0\u00a0 -Escribes para que tus hijos de los que has tenido que separarte, sepan quien<br \/>\u00a0\u00a0\u00a0\u00a0\u00a0\u00a0\u00a0\u00a0\u00a0\u00a0\u00a0\u00a0\u00a0\u00a0 eres a trav\u00e9s de la tu propia voz, y no a trav\u00e9s de otros.\u00a0<\/p>\n<p>\u00a0\u00a0\u00a0\u00a0\u00a0\u00a0\u00a0\u00a0\u00a0\u00a0\u00a0\u00a0\u00a0 -Es una motivaci\u00f3n que te llenar\u00e1 de satisfacci\u00f3n en un per\u00edodo de tu vida <br \/>\u00a0\u00a0\u00a0\u00a0\u00a0\u00a0\u00a0\u00a0\u00a0\u00a0\u00a0\u00a0\u00a0\u00a0 que se ha convertido en rutinario y falto de incentivos.\u00a0\u00a0<\/p>\n<p>\u00a0\u00a0\u00a0\u00a0\u00a0\u00a0\u00a0\u00a0\u00a0\u00a0\u00a0\u00a0\u00a0 -Tienes un fuerte sentido de la importancia de las ra\u00edces familiares y quieres <br \/>\u00a0\u00a0\u00a0\u00a0\u00a0\u00a0\u00a0\u00a0\u00a0\u00a0\u00a0\u00a0\u00a0 recuperar\u00a0 la historia de la tu familia (abuelos, padres, hijos, nietos).<\/p>\n<p>\u00a0\u00a0\u00a0\u00a0\u00a0\u00a0\u00a0\u00a0\u00a0\u00a0\u00a0\u00a0\u00a0 -Quieres hacer un regalo excepcional. Escribe la historia de tu vida y reg\u00e1lala<br \/>\u00a0\u00a0\u00a0\u00a0\u00a0\u00a0\u00a0\u00a0\u00a0\u00a0\u00a0\u00a0\u00a0\u00a0 en forma de libro a tus hijos o nietos. Les sorprender\u00e1s con un regalo entra\u00f1able<br \/>\u00a0\u00a0\u00a0\u00a0\u00a0\u00a0\u00a0\u00a0\u00a0\u00a0\u00a0\u00a0\u00a0\u00a0 \u00fanico, inimitable, que durar\u00e1 para siempre.<br \/>\u00a0\u00a0\u00a0\u00a0\u00a0\u00a0\u00a0\u00a0\u00a0\u00a0\u00a0\u00a0<\/p>\n<\/li>\n<li style=\"color: #808080;\">\n<style type=\"text\/css\"><!--\nP { margin-bottom: 0.21cm; }\n--><\/style>\n<style type=\"text\/css\"><!--\nP { margin-bottom: 0.21cm; }\n--><\/style>\n<style type=\"text\/css\"><!--\nP { margin-bottom: 0.21cm; }\n--><\/style>\n<style type=\"text\/css\"><!--\nP { margin-bottom: 0.21cm; }\n--><\/style>\n<style type=\"text\/css\"><!--\nP { margin-bottom: 0.21cm; }\n--><\/style>\n<style type=\"text\/css\"><!--\nP { margin-bottom: 0.21cm; }\n--><\/style>\n<style type=\"text\/css\"><!--\nP { margin-bottom: 0.21cm; }\n-->Quieres evitar que se desvanezcan detalles de cierto\n--><\/style>\n<style type=\"text\/css\"><!--\nP { margin-bottom: 0.21cm; }\n--><\/style>\n<style type=\"text\/css\"><!--\nP { margin-bottom: 0.21cm; }\n--Posar per escrit les teves viv\u00e8ncies et donar\u00e0 un distanciament que et permetr\u00e0 entendre moments complicats de la teva vida, certes decisions preses al llarg dels anys.\n--> -Est\u00e0s visquen una experi\u00e8ncia\u00a0\u00a0dolorosa. Plasmar-la per escrit t'ajudar\u00e0\n--><\/style>\n<p>\u00a0<span style=\"color: #ff9900;\"><strong>Como funci\u00f3n terap\u00e9utica<\/strong> \u00a0<\/span>\u00a0\u00a0\u00a0\u00a0\u00a0\u00a0\u00a0\u00a0\u00a0\u00a0\u00a0<\/p>\n<p>\u00a0\u00a0\u00a0\u00a0\u00a0\u00a0\u00a0\u00a0\u00a0\u00a0\u00a0\u00a0 -Poner por escrito tus vivencias\u00a0 te aportar\u00e1 un distanciamiento que te permitir\u00e1<br \/>\u00a0\u00a0\u00a0\u00a0\u00a0\u00a0\u00a0\u00a0\u00a0\u00a0\u00a0\u00a0\u00a0 entender episodios complejos de tu vida.<\/p>\n<p>\u00a0\u00a0\u00a0\u00a0\u00a0\u00a0\u00a0\u00a0\u00a0\u00a0\u00a0\u00a0\u00a0 -Estas viviendo una experiencia dolorosa. Ponerla por escrito te ayudar\u00e1 a superar<br \/>\u00a0\u00a0\u00a0\u00a0\u00a0\u00a0\u00a0\u00a0\u00a0\u00a0\u00a0\u00a0\u00a0 los momentos m\u00e1s duros.\u00a0 <br \/>\u00a0\u00a0\u00a0\u00a0\u00a0\u00a0\u00a0\u00a0\u00a0\u00a0\u00a0\u00a0\u00a0 <br \/>\u00a0\u00a0\u00a0\u00a0\u00a0\u00a0\u00a0\u00a0\u00a0\u00a0\u00a0\u00a0 -Necesitas hablar de una injusticia que has vivido, restablecer una verdad, justificar<br \/>\u00a0\u00a0\u00a0\u00a0\u00a0\u00a0\u00a0\u00a0\u00a0\u00a0\u00a0\u00a0\u00a0 tus actos. La escritura \u00edntima te permitir\u00e1 explicarte.<\/p>\n<p>\u00a0\u00a0\u00a0\u00a0\u00a0\u00a0\u00a0\u00a0\u00a0\u00a0\u00a0\u00a0\u00a0 -Est\u00e1s pasando por un per\u00edodo vital complicado, personal o laboral. Tienes la <br \/>\u00a0\u00a0\u00a0\u00a0\u00a0\u00a0\u00a0\u00a0\u00a0\u00a0\u00a0\u00a0\u00a0\u00a0 autoestima baja. Escribir te ayudar\u00e1 a remontarla.<\/p>\n<p>\u00a0\u00a0\u00a0\u00a0\u00a0\u00a0\u00a0\u00a0\u00a0\u00a0\u00a0\u00a0 -Piensas que explicar experiencias traum\u00e1ticas puede ayudar a otros en <br \/>\u00a0\u00a0\u00a0\u00a0\u00a0\u00a0\u00a0\u00a0\u00a0\u00a0\u00a0\u00a0\u00a0 circunstancias parecidas (separaci\u00f3n de la pareja, despido del trabajo, problemas<br \/>\u00a0\u00a0\u00a0\u00a0\u00a0\u00a0\u00a0\u00a0\u00a0\u00a0\u00a0\u00a0\u00a0 con los hijos, violencia de g\u00e9nero&#8230;).<br \/>\u00a0\u00a0\u00a0\u00a0\u00a0\u00a0\u00a0\u00a0\u00a0\u00a0\u00a0<\/p>\n<\/li>\n<li>\n<style type=\"text\/css\"><!--\nP { margin-bottom: 0.21cm; }\n--><\/style>\n<p align=\"LEFT\"><span style=\"color: #ff9900;\"><b>C<\/b><b>omo<\/b><b> \u00e9<\/b><b>xito<\/b><b> <\/b><b>personal<\/b><\/span><\/p>\n<\/li>\n<\/ul>\n<style type=\"text\/css\"><!--\nP { margin-bottom: 0.21cm; }\n--><\/style>\n<p align=\"LEFT\">\u00a0\u00a0\u00a0\u00a0\u00a0\u00a0\u00a0\u00a0\u00a0\u00a0\u00a0\u00a0\u00a0\u00a0\u00a0\u00a0\u00a0\u00a0\u00a0\u00a0\u00a0\u00a0 Terminar de redondear una historia que ha empezado de cero y verla transformada <br \/>\u00a0\u00a0\u00a0\u00a0\u00a0\u00a0\u00a0\u00a0\u00a0\u00a0\u00a0\u00a0\u00a0\u00a0\u00a0\u00a0\u00a0\u00a0\u00a0\u00a0\u00a0\u00a0 en el objecto \u00ablibro\u00bb, aporta una gran satisfacci\u00f3n. Demuestra, por otro lado, que<br \/>\u00a0\u00a0\u00a0\u00a0\u00a0\u00a0\u00a0\u00a0\u00a0\u00a0\u00a0\u00a0\u00a0\u00a0\u00a0\u00a0\u00a0\u00a0\u00a0\u00a0\u00a0\u00a0 has sido capaz de hacer un trabajo de larga duraci\u00f3n, sin desfallecer, con constancia<br \/>\u00a0\u00a0\u00a0\u00a0\u00a0\u00a0\u00a0\u00a0\u00a0\u00a0\u00a0\u00a0\u00a0\u00a0\u00a0\u00a0\u00a0\u00a0\u00a0\u00a0 \u00a0 y voluntad. Es una prueba palpable, para ti mismo,\u00a0 de unas cualidades<br \/>\u00a0\u00a0\u00a0\u00a0\u00a0\u00a0\u00a0\u00a0\u00a0\u00a0\u00a0\u00a0\u00a0\u00a0\u00a0\u00a0\u00a0\u00a0\u00a0\u00a0\u00a0\u00a0 personales importantes.<\/p>\n<p align=\"LEFT\"><span style=\"color: #000000;\">\u00a0\u00a0\u00a0\u00a0\u00a0\u00a0\u00a0\u00a0\u00a0\u00a0\u00a0\u00a0\u00a0\u00a0\u00a0\u00a0\u00a0<span style=\"color: #808080;\">\u00a0\u00a0\u00a0\u00a0 Tienes adem\u00e1s, entre tus manos,<\/span><\/span><span style=\"color: #808080;\"> un objecto creado exclusivamente por ti. Te has <br \/>\u00a0\u00a0\u00a0\u00a0\u00a0\u00a0\u00a0\u00a0\u00a0\u00a0\u00a0\u00a0\u00a0\u00a0\u00a0\u00a0\u00a0\u00a0\u00a0\u00a0\u00a0 demostrado a ti mismo y a los que te rodean, que tienes capacidad creativa.<br \/>\u00a0\u00a0\u00a0\u00a0\u00a0\u00a0\u00a0\u00a0\u00a0\u00a0\u00a0\u00a0\u00a0\u00a0\u00a0\u00a0\u00a0\u00a0\u00a0\u00a0\u00a0 <b>Has creado <b>un \u00abobjecto\u00bb<b><b>\u00fanico e irrepetible, tu peque\u00f1a joya!<\/b><\/b><\/b><\/b><b><b><br \/><\/b><\/b><\/span><\/p>\n","protected":false},"excerpt":{"rendered":"<p>\u00bfESCRIBIR SOBRE NUESTRA VIDA?\u00bfPORQU\u00c8? Por el placer de escribir \u00a0 \u00a0 \u00a0 \u00a0 \u00a0 \u00a0\u00a0\u00a0\u00a0\u00a0\u00a0\u00a0\u00a0\u00a0\u00a0\u00a0\u00a0\u00a0\u00a0 -Haz de tu sue\u00f1o, una realidad!\u00a0\u00a0\u00a0\u00a0\u00a0\u00a0\u00a0\u00a0\u00a0\u00a0\u00a0\u00a0\u00a0 Hace tiempo que te gustar\u00eda\u00a0escribir un libro pero no te atreves .\u00a0\u00a0\u00a0\u00a0\u00a0\u00a0\u00a0\u00a0\u00a0\u00a0\u00a0\u00a0\u00a0 Narrar las propias vivencias es una buena manera de empezar a escribir. \u00a0\u00a0\u00a0\u00a0\u00a0\u00a0\u00a0\u00a0\u00a0\u00a0\u00a0\u00a0 -Quieres evitar que se desvanezcan detalles de ciertos per\u00edodos [&hellip;]<\/p>\n","protected":false},"author":2,"featured_media":0,"parent":2807,"menu_order":0,"comment_status":"closed","ping_status":"open","template":"","meta":[],"_links":{"self":[{"href":"https:\/\/www.lecturavertical.com\/es\/wp-json\/wp\/v2\/pages\/2751"}],"collection":[{"href":"https:\/\/www.lecturavertical.com\/es\/wp-json\/wp\/v2\/pages"}],"about":[{"href":"https:\/\/www.lecturavertical.com\/es\/wp-json\/wp\/v2\/types\/page"}],"author":[{"embeddable":true,"href":"https:\/\/www.lecturavertical.com\/es\/wp-json\/wp\/v2\/users\/2"}],"replies":[{"embeddable":true,"href":"https:\/\/www.lecturavertical.com\/es\/wp-json\/wp\/v2\/comments?post=2751"}],"version-history":[{"count":26,"href":"https:\/\/www.lecturavertical.com\/es\/wp-json\/wp\/v2\/pages\/2751\/revisions"}],"predecessor-version":[{"id":3792,"href":"https:\/\/www.lecturavertical.com\/es\/wp-json\/wp\/v2\/pages\/2751\/revisions\/3792"}],"up":[{"embeddable":true,"href":"https:\/\/www.lecturavertical.com\/es\/wp-json\/wp\/v2\/pages\/2807"}],"wp:attachment":[{"href":"https:\/\/www.lecturavertical.com\/es\/wp-json\/wp\/v2\/media?parent=2751"}],"curies":[{"name":"wp","href":"https:\/\/api.w.org\/{rel}","templated":true}]}}