{"id":787,"date":"2013-11-05T18:10:48","date_gmt":"2013-11-05T18:10:48","guid":{"rendered":"http:\/\/www.lecturavertical.com\/?page_id=787"},"modified":"2021-04-12T11:45:49","modified_gmt":"2021-04-12T11:45:49","slug":"bienvenidos","status":"publish","type":"page","link":"https:\/\/www.lecturavertical.com\/es\/inicio\/bienvenidos\/","title":{"rendered":"Bienvenidos"},"content":{"rendered":"<div style=\"padding: 5px 10px 5px 0px; width: 525px; float: left;\">\n<p style=\"text-align: left;\"><span style=\"color: #808080;\"> <strong>BIENVENIDOS AL ESPACIO DE LECTURA VERTICAL<br \/>\n<\/strong><\/span><\/p>\n<p><span style=\"color: #808080;\">El 1998,<\/span> <a href=\"https:\/\/www.lecturavertical.com\/es\/zeneida-sard\u00e0\">Zeneida Sard\u00e0, <\/a><span style=\"color: #808080;\">m\u00e9dico y fil\u00f3loga, elabora un m\u00e9tode nuevo,<\/span><br \/>\n<span style=\"color: #808080;\"> la<strong> Lectura Vertical<\/strong>, orientado a<\/span><\/p>\n<ul>\n<li><strong><span style=\"color: #808080;\">Potenciar<\/span><\/strong><span style=\"color: #808080;\"> las habilidades intelectuales y emocionales<\/span><\/li>\n<li><span style=\"color: #808080;\"><strong>Aumentar<\/strong> la capacidad de comunicaci\u00f3n<\/span><\/li>\n<li><span style=\"color: #808080;\"><strong>Estimular<\/strong> <\/span><span style=\"color: #808080;\">las relaciones interpersonales<\/span><\/li>\n<li><span style=\"color: #808080;\"><strong>Dinamizar <\/strong>la motivaci\u00f3n de equipos<\/span><\/li>\n<\/ul>\n<p><span style=\"color: #808080;\">A partir de la Lectura Vertical nacen los<\/span> <a href=\"https:\/\/www.lecturavertical.com\/es\/in-company_\/\">Cursos<\/a>\u00a0y<br \/>\n<span style=\"color: #808080;\">los<\/span> <a href=\"https:\/\/www.lecturavertical.com\/es\/talleres\/\">Talleres literarios<\/a> <span style=\"color: #808080;\">que ofrecemos, desde hace m\u00e1s de 20 a\u00f1os,<br \/>\nen diferentes organizaciones.<\/span><\/p>\n<p><span style=\"color: #808080;\">Nuestra aportaci\u00f3n innovadora y nuestra metodolog\u00eda estan<br \/>\npublicadas en el libro <\/span><a href=\"https:\/\/www.lacentral.com\/book\/?id=9788473069076\">La Lectura Vertical <\/a><span style=\"color: #808080;\">de Zeneida Sard\u00e0. Ed. P\u00f2rtic.<\/span><\/p>\n<p>Para organizar un curso o un taller, contacte con nosotros<br \/>\npor e-mail a <a href=\"mailto:zeneida.sarda@gmail.com\">zeneida.sarda@gmail.com<\/a><a href=\"mailto:info@lecturavertical.com\"><br \/>\n<\/a>o por tel\u00e9fono al +34 699 455 946<\/p>\n<\/div>\n<div style=\"padding: 5px 10px; width: 216px; float: right; text-align: center;\"><a href=\"http:\/\/www.lecturavertical.com\/wp-content\/uploads\/2014\/07\/Dibuix-bo-e1406046486278.jpg\"><img decoding=\"async\" loading=\"lazy\" src=\"http:\/\/www.lecturavertical.com\/wp-content\/uploads\/2014\/07\/Dibuix-bo-e1406046486278.jpg\" alt=\"Dibuix bo\" width=\"150\" height=\"251\" \/><\/a><\/div>\n<div id=\"gtx-trans\" style=\"position: absolute; left: 82px; top: 462px;\"><\/div>\n","protected":false},"excerpt":{"rendered":"<p>BIENVENIDOS AL ESPACIO DE LECTURA VERTICAL El 1998, Zeneida Sard\u00e0, m\u00e9dico y fil\u00f3loga, elabora un m\u00e9tode nuevo, la Lectura Vertical, orientado a Potenciar las habilidades intelectuales y emocionales Aumentar la capacidad de comunicaci\u00f3n Estimular las relaciones interpersonales Dinamizar la motivaci\u00f3n de equipos A partir de la Lectura Vertical nacen los Cursos\u00a0y los Talleres literarios que [&hellip;]<\/p>\n","protected":false},"author":2,"featured_media":0,"parent":1029,"menu_order":0,"comment_status":"closed","ping_status":"closed","template":"","meta":[],"_links":{"self":[{"href":"https:\/\/www.lecturavertical.com\/es\/wp-json\/wp\/v2\/pages\/787"}],"collection":[{"href":"https:\/\/www.lecturavertical.com\/es\/wp-json\/wp\/v2\/pages"}],"about":[{"href":"https:\/\/www.lecturavertical.com\/es\/wp-json\/wp\/v2\/types\/page"}],"author":[{"embeddable":true,"href":"https:\/\/www.lecturavertical.com\/es\/wp-json\/wp\/v2\/users\/2"}],"replies":[{"embeddable":true,"href":"https:\/\/www.lecturavertical.com\/es\/wp-json\/wp\/v2\/comments?post=787"}],"version-history":[{"count":29,"href":"https:\/\/www.lecturavertical.com\/es\/wp-json\/wp\/v2\/pages\/787\/revisions"}],"predecessor-version":[{"id":5847,"href":"https:\/\/www.lecturavertical.com\/es\/wp-json\/wp\/v2\/pages\/787\/revisions\/5847"}],"up":[{"embeddable":true,"href":"https:\/\/www.lecturavertical.com\/es\/wp-json\/wp\/v2\/pages\/1029"}],"wp:attachment":[{"href":"https:\/\/www.lecturavertical.com\/es\/wp-json\/wp\/v2\/media?parent=787"}],"curies":[{"name":"wp","href":"https:\/\/api.w.org\/{rel}","templated":true}]}}