{"id":849,"date":"2013-11-05T21:34:39","date_gmt":"2013-11-05T21:34:39","guid":{"rendered":"http:\/\/www.lecturavertical.com\/?page_id=849"},"modified":"2021-04-30T19:20:27","modified_gmt":"2021-04-30T19:20:27","slug":"inteligencia-emocional","status":"publish","type":"page","link":"https:\/\/www.lecturavertical.com\/es\/in-company_\/inteligencia-emocional\/","title":{"rendered":"Inteligencia Emocional"},"content":{"rendered":"<p><span style=\"color: #808080;\"><strong>\u00bfINTELIGENCIA EMOCIONAL?<br \/>\n\u00bfPOR QU\u00c9?<br \/>\n<\/strong><\/span><\/p>\n<p><span style=\"color: #ff9900;\"><strong>La Inteligencia Emocional permite gobernar adecuadamente nuestras<br \/>\nemociones y saber interpretar las emociones de los dem\u00e1s.<\/strong><\/span><\/p>\n<p>Las personas que desarrollan la Inteligencia Emocional son m\u00e1s felices<br \/>\nporqu\u00e9 son capaces de controlar los h\u00e1bitos mentales\u00a0negativos y las emociones<br \/>\nperturbadoras que nos perjudican, tanto a nivel personal como relacional.<\/p>\n<p align=\"left\">Esto revierte en un aumento de nuestro bienestar emocional<br \/>\n(gesti\u00f3n del estr\u00e9s, la irritabilidad, la ansiedad, la tristeza, la depresi\u00f3n&#8230;)<br \/>\ny en una vida de relaci\u00f3n gratificante (pareja, familia, amigos, trabajo&#8230;).<\/p>\n<p><span style=\"color: #808080;\"><strong>FUNDAMENTOS<\/strong><\/span><\/p>\n<p><span style=\"color: #808080;\"><strong>1-\u00bfQu\u00e9 es y qu\u00e9 importancia tiene la Inteligencia Emocional para la vida pr\u00e1ctica?<br \/>\n<\/strong><\/span><\/p>\n<ul>\n<li><span style=\"color: #808080;\">Caracter\u00edsticas principales de la Inteligencia Emocional<\/span><\/li>\n<li><span style=\"color: #808080;\">Aproximaci\u00f3n neurofisiol\u00f3gica a la autoregulaci\u00f3n emociona<strong>l<\/strong><\/span><\/li>\n<li><span style=\"color: #808080;\">Del autoconocimiento a la empat\u00eda<\/span><\/li>\n<\/ul>\n<p><span style=\"color: #808080;\"><strong>2-\u00bfC\u00f3mo podemos desarrollar la Inteligencia Emocional?<br \/>\n<\/strong><\/span><\/p>\n<ul>\n<li><span style=\"color: #808080;\">La escritura emocional<\/span><\/li>\n<li><span style=\"color: #808080;\">La objetivaci\u00f3n de la emoci\u00f3n<\/span><\/li>\n<li><span style=\"color: #808080;\">De la transcripci\u00f3n de la emoci\u00f3n a la modificaci\u00f3n de la acci\u00f3n<\/span><\/li>\n<\/ul>\n<p><span style=\"color: #808080;\"><strong>Curso de 10 sesiones<\/strong>, a raz\u00f3n de dos horas por sesi\u00f3n.<\/span><br \/>\n<span style=\"color: #808080;\"> <strong>N\u00famero de alumnos: <\/strong>de 15 a 20 por curso.<\/span><\/p>\n<div style=\"border-top: 1px solid #ff9900; border-bottom: 1px solid #ff9900; width: 525px; height: 196px; padding: 20px;\">\n<div style=\"float: left; width: 182px; height: 100px;\"><img decoding=\"async\" src=\"http:\/\/www.lecturavertical.com\/wp-content\/uploads\/2013\/11\/IE-tulipanes_blancos4-150x150.jpg\" alt=\"\" \/><\/div>\n<div style=\"float: left; width: 303px; height: 100px;\"><span style=\"color: #ff6600;\"><span style=\"color: #000000;\"><span style=\"color: #808080;\"><br \/>\nPara organizar este curso,<br \/>\ncontacta con nosotros por e-mail\u00a0<\/span><strong><a href=\"mailto:info@lecturavertical.com\"><br \/>\n<\/a><\/strong><\/span><a href=\"mailto:zeneida.sarda@gmail.com\">zeneida.sarda@gmail.com<\/a><br \/>\n<\/span><span style=\"color: #808080;\"> o por tel\u00e8fon al +34 699 455 946<\/span><\/div>\n<\/div>\n","protected":false},"excerpt":{"rendered":"<p>\u00bfINTELIGENCIA EMOCIONAL? \u00bfPOR QU\u00c9? La Inteligencia Emocional permite gobernar adecuadamente nuestras emociones y saber interpretar las emociones de los dem\u00e1s. Las personas que desarrollan la Inteligencia Emocional son m\u00e1s felices porqu\u00e9 son capaces de controlar los h\u00e1bitos mentales\u00a0negativos y las emociones perturbadoras que nos perjudican, tanto a nivel personal como relacional. Esto revierte en un [&hellip;]<\/p>\n","protected":false},"author":2,"featured_media":0,"parent":808,"menu_order":0,"comment_status":"open","ping_status":"closed","template":"","meta":[],"_links":{"self":[{"href":"https:\/\/www.lecturavertical.com\/es\/wp-json\/wp\/v2\/pages\/849"}],"collection":[{"href":"https:\/\/www.lecturavertical.com\/es\/wp-json\/wp\/v2\/pages"}],"about":[{"href":"https:\/\/www.lecturavertical.com\/es\/wp-json\/wp\/v2\/types\/page"}],"author":[{"embeddable":true,"href":"https:\/\/www.lecturavertical.com\/es\/wp-json\/wp\/v2\/users\/2"}],"replies":[{"embeddable":true,"href":"https:\/\/www.lecturavertical.com\/es\/wp-json\/wp\/v2\/comments?post=849"}],"version-history":[{"count":40,"href":"https:\/\/www.lecturavertical.com\/es\/wp-json\/wp\/v2\/pages\/849\/revisions"}],"predecessor-version":[{"id":6000,"href":"https:\/\/www.lecturavertical.com\/es\/wp-json\/wp\/v2\/pages\/849\/revisions\/6000"}],"up":[{"embeddable":true,"href":"https:\/\/www.lecturavertical.com\/es\/wp-json\/wp\/v2\/pages\/808"}],"wp:attachment":[{"href":"https:\/\/www.lecturavertical.com\/es\/wp-json\/wp\/v2\/media?parent=849"}],"curies":[{"name":"wp","href":"https:\/\/api.w.org\/{rel}","templated":true}]}}