{"id":862,"date":"2013-11-05T22:08:34","date_gmt":"2013-11-05T22:08:34","guid":{"rendered":"http:\/\/www.lecturavertical.com\/?page_id=862"},"modified":"2021-03-19T19:35:17","modified_gmt":"2021-03-19T19:35:17","slug":"empresas","status":"publish","type":"page","link":"https:\/\/www.lecturavertical.com\/es\/in-company_\/empresas\/","title":{"rendered":"Empresas"},"content":{"rendered":"<p><span style=\"color: #808080;\"><strong>ORGANIZACIONES CON LAS QUE COLABORAMOS<\/strong><\/span><\/p>\n<p>Universitat de Barcelona- IL3<br \/>Col.legi Oficial de Doctors i Llicenciats de Catalunya<br \/>Eurecat &#8211;\u00a0Centre tecnol\u00f2gic de Catalunya<br \/>Institut del Teatre &#8211; Diputaci\u00f3 de Barcelona<br \/>TRIVIUM Gesti\u00f3 Cultural<br \/>Centre Penitenciari Brians 1<br \/>Cofidis<br \/>JM. Bruneau<br \/>Hospital de Vall d&#8217;Hebron-UAB<br \/>EADA<br \/>Hospital de Granollers<br \/>Institut Catal\u00e0 de la Salut &#8211; CAP Casc Antic<br \/>CDirect<br \/>VENCA<br \/>FPCEE Blanquerna \u2013 Universitat Ramon LLull.<br \/>Grup SIFU<br \/>Institut Catal\u00e0 de la Salut &#8211; CAP Ram\u00f3n Turr\u00f3<br \/>Institut Catal\u00e0 de la Salut &#8211; CAP Rio de Janeiro<\/p>\n<div style=\"border-top: 1px solid #ff9900; border-bottom: 1px solid #ff9900; width: 525px; height: 196px; padding: 20px;\">\n<div style=\"float: left; width: 182px; height: 100px;\"><img decoding=\"async\" loading=\"lazy\" class=\"alignnone size-full wp-image-741\" alt=\"giraols\" src=\"http:\/\/www.lecturavertical.com\/wp-content\/uploads\/2013\/10\/giraols.png\" width=\"151\" height=\"142\" srcset=\"https:\/\/www.lecturavertical.com\/wp-content\/uploads\/2013\/10\/giraols.png 151w, https:\/\/www.lecturavertical.com\/wp-content\/uploads\/2013\/10\/giraols-150x142.png 150w\" sizes=\"(max-width: 151px) 100vw, 151px\" \/><\/div>\n<div style=\"float: left; width: 303px; height: 100px;\"><span style=\"color: #ff6600;\"><span style=\"color: #000000;\"><span style=\"color: #808080;\"><br \/> Para organizar un curso en su organizaci\u00f3n,<br \/> contacte con nosotros por e-mail\u00a0<\/span><strong><a href=\"mailto:info@lecturavertical.com\"><br \/><\/a><\/strong><\/span><a href=\"mailto:zeneida.sarda@gmail.com\">zeneida.sarda@gmail.com<\/a><br \/> <\/span><span style=\"color: #808080;\"> o por tel\u00e9fono al +34 699 455 946<\/span><\/div>\n<\/div>\n","protected":false},"excerpt":{"rendered":"<p>ORGANIZACIONES CON LAS QUE COLABORAMOS Universitat de Barcelona- IL3Col.legi Oficial de Doctors i Llicenciats de CatalunyaEurecat &#8211;\u00a0Centre tecnol\u00f2gic de CatalunyaInstitut del Teatre &#8211; Diputaci\u00f3 de BarcelonaTRIVIUM Gesti\u00f3 CulturalCentre Penitenciari Brians 1CofidisJM. BruneauHospital de Vall d&#8217;Hebron-UABEADAHospital de GranollersInstitut Catal\u00e0 de la Salut &#8211; CAP Casc AnticCDirectVENCAFPCEE Blanquerna \u2013 Universitat Ramon LLull.Grup SIFUInstitut Catal\u00e0 de la Salut [&hellip;]<\/p>\n","protected":false},"author":2,"featured_media":0,"parent":808,"menu_order":0,"comment_status":"closed","ping_status":"closed","template":"","meta":[],"_links":{"self":[{"href":"https:\/\/www.lecturavertical.com\/es\/wp-json\/wp\/v2\/pages\/862"}],"collection":[{"href":"https:\/\/www.lecturavertical.com\/es\/wp-json\/wp\/v2\/pages"}],"about":[{"href":"https:\/\/www.lecturavertical.com\/es\/wp-json\/wp\/v2\/types\/page"}],"author":[{"embeddable":true,"href":"https:\/\/www.lecturavertical.com\/es\/wp-json\/wp\/v2\/users\/2"}],"replies":[{"embeddable":true,"href":"https:\/\/www.lecturavertical.com\/es\/wp-json\/wp\/v2\/comments?post=862"}],"version-history":[{"count":16,"href":"https:\/\/www.lecturavertical.com\/es\/wp-json\/wp\/v2\/pages\/862\/revisions"}],"predecessor-version":[{"id":5187,"href":"https:\/\/www.lecturavertical.com\/es\/wp-json\/wp\/v2\/pages\/862\/revisions\/5187"}],"up":[{"embeddable":true,"href":"https:\/\/www.lecturavertical.com\/es\/wp-json\/wp\/v2\/pages\/808"}],"wp:attachment":[{"href":"https:\/\/www.lecturavertical.com\/es\/wp-json\/wp\/v2\/media?parent=862"}],"curies":[{"name":"wp","href":"https:\/\/api.w.org\/{rel}","templated":true}]}}