{"id":890,"date":"2013-11-05T23:30:32","date_gmt":"2013-11-05T23:30:32","guid":{"rendered":"http:\/\/www.lecturavertical.com\/?page_id=890"},"modified":"2014-12-27T12:13:00","modified_gmt":"2014-12-27T12:13:00","slug":"conferencias_","status":"publish","type":"page","link":"https:\/\/www.lecturavertical.com\/es\/conferencias_\/","title":{"rendered":"Conferencias"},"content":{"rendered":"<p><strong>NUESTRAS CONFERENCIAS<\/strong><\/p>\n<p><span style=\"color: #808080;\"><strong>*Lectura Vertical.<br \/> <\/strong>Symposium: \u201cExploring Today\u2019s Mythology\u201d \u2028\u201cLa Metamorfosis de Franz Kafka: Entre el sue\u00f1o y el absurdo\u201d.<\/span><br \/> <span style=\"color: #808080;\"> Universit\u00e4tsstr 37, Tagungssaal (University of Cologne)<\/span><br \/> <span style=\"color: #808080;\"> Universit\u00e4t zu K\u00f6ln, Seminargeb\u00e4ude. 18-19 Oct. 2013.<\/span><\/p>\n<p><span style=\"color: #808080;\"><strong>*Escritura Terap\u00e9utica: Del crecimiento personal a la motivaci\u00f3n de equipos.<\/strong> M\u00e0ster en Educaci\u00f3 Emocional i Benestar i M\u00e0ster en Intel.lig\u00e8ncia Emocional. Universitat de Barcelona (2013)<\/span><\/p>\n<p><span style=\"color: #808080;\"><strong>*Autobiografia y autoficci\u00f3n.<\/strong> Llibreria Pr\u00f2leg (2012)<\/span><\/p>\n<p><span style=\"color: #808080;\"><strong>*Escritura Terap\u00e9utica: Del crecimiento personal al aumento de la capacidad de relaci\u00f3n.<\/strong> M\u00e0ster en Direcci\u00f3 d\u2019Empresa \u2013 \u00c0rea Desenvolupament Directiu. EADA (2012)<\/span><\/p>\n<p><span style=\"color: #808080;\"><strong>*La Pell Negra: De la autobiografia a la autoficci\u00f3n.<\/strong> Setmana del Llibre en Catal\u00e0. Barcelona (2012)<\/span><\/p>\n<p><span style=\"color: #808080;\"><strong>*Inteligencia Emocional y Escritura Terap\u00e9utica.<\/strong> Institut Gestalt. Barcelona (2011)<\/span><\/p>\n<p><span style=\"color: #808080;\"><strong>*La Lectura Vertical.<\/strong> Centre de Recursos Pedag\u00f2gics de les Corts. Consorci d\u2019Educaci\u00f3 de Barcelona (2011)<\/span><\/p>\n<p><span style=\"color: #808080;\"><strong>*La Escritura Terap\u00e9utica.<\/strong> Fundaci\u00f3 per a l\u2019Educaci\u00f3 Emocional (2010)<\/span><\/p>\n<p><span style=\"color: #808080;\"><strong>*La Lectura Vertical.<\/strong> M\u00e0ster en Psicoter\u00e0pia de Grup basada en la Pr\u00e0ctica Cl\u00ednica. Universitat Aut\u00f2noma de Barcelona (2010)<\/span><\/p>\n","protected":false},"excerpt":{"rendered":"<p>NUESTRAS CONFERENCIAS *Lectura Vertical. Symposium: \u201cExploring Today\u2019s Mythology\u201d \u2028\u201cLa Metamorfosis de Franz Kafka: Entre el sue\u00f1o y el absurdo\u201d. Universit\u00e4tsstr 37, Tagungssaal (University of Cologne) Universit\u00e4t zu K\u00f6ln, Seminargeb\u00e4ude. 18-19 Oct. 2013. *Escritura Terap\u00e9utica: Del crecimiento personal a la motivaci\u00f3n de equipos. M\u00e0ster en Educaci\u00f3 Emocional i Benestar i M\u00e0ster en Intel.lig\u00e8ncia Emocional. Universitat de [&hellip;]<\/p>\n","protected":false},"author":2,"featured_media":0,"parent":0,"menu_order":0,"comment_status":"closed","ping_status":"closed","template":"","meta":[],"_links":{"self":[{"href":"https:\/\/www.lecturavertical.com\/es\/wp-json\/wp\/v2\/pages\/890"}],"collection":[{"href":"https:\/\/www.lecturavertical.com\/es\/wp-json\/wp\/v2\/pages"}],"about":[{"href":"https:\/\/www.lecturavertical.com\/es\/wp-json\/wp\/v2\/types\/page"}],"author":[{"embeddable":true,"href":"https:\/\/www.lecturavertical.com\/es\/wp-json\/wp\/v2\/users\/2"}],"replies":[{"embeddable":true,"href":"https:\/\/www.lecturavertical.com\/es\/wp-json\/wp\/v2\/comments?post=890"}],"version-history":[{"count":9,"href":"https:\/\/www.lecturavertical.com\/es\/wp-json\/wp\/v2\/pages\/890\/revisions"}],"predecessor-version":[{"id":2429,"href":"https:\/\/www.lecturavertical.com\/es\/wp-json\/wp\/v2\/pages\/890\/revisions\/2429"}],"wp:attachment":[{"href":"https:\/\/www.lecturavertical.com\/es\/wp-json\/wp\/v2\/media?parent=890"}],"curies":[{"name":"wp","href":"https:\/\/api.w.org\/{rel}","templated":true}]}}