{"id":1877,"date":"2014-09-08T12:30:50","date_gmt":"2014-09-08T12:30:50","guid":{"rendered":"http:\/\/www.lecturavertical.com\/?page_id=1877"},"modified":"2014-12-27T12:14:11","modified_gmt":"2014-12-27T12:14:11","slug":"conferences","status":"publish","type":"page","link":"https:\/\/www.lecturavertical.com\/fr\/conferences\/","title":{"rendered":"Conf\u00e9rences"},"content":{"rendered":"<p><strong>NOS CONF\u00c9RENCES <br \/><\/strong><\/p>\n<p><span style=\"color: #808080;\"><strong>*Lecture Verticale.<br \/> <\/strong>Symposium: \u201cExploring Today\u2019s Mythology\u201d \u2028\u201cLa Metamorfosis de Franz Kafka: Entre le r\u00eave et l&rsquo;absurde\u201d.<\/span><br \/> <span style=\"color: #808080;\"> Universit\u00e4tsstr 37, Tagungssaal (University of Cologne)<\/span><br \/> <span style=\"color: #808080;\"> Universit\u00e4t zu K\u00f6ln, Seminargeb\u00e4ude. 18-19 Oct. 2013.<\/span><\/p>\n<p><span style=\"color: #808080;\"><strong>*\u00c9criture Th\u00e9rapeutique: De la croissance personnelle \u00e0 la motivation d\u2019\u00e9quipes.<\/strong> Master en \u00c9ducation \u00c9motionnelle et Bien-\u00eatre et Master en Intelligence \u00c9motionnelle. Universit\u00e9 de Barcelone (2013)<\/span><\/p>\n<p><span style=\"color: #808080;\"><strong>*Autobiographie et autofiction.<\/strong> Librairie Pr\u00f2leg (2012)<\/span><\/p>\n<p><span style=\"color: #808080;\"><strong>*\u00c9criture Th\u00e9rapeutique: De la croissance personnelle \u00e0 l\u2019augmentation de la capacit\u00e9 de relation.<\/strong> Master en Direction d\u2019Entreprises \u2013 Aire de D\u00e9veloppement Directif. EADA (2012)<\/span><\/p>\n<p><span style=\"color: #808080;\"><strong>*La Pell Negra: De l\u2019autobiographie \u00e0 l\u2019autofiction.<\/strong> Setmana del Llibre en Catal\u00e0. Barcelona (2012)<\/span><\/p>\n<p><span style=\"color: #808080;\"><strong>*Intelligence \u00c9motionnelle et \u00c9criture Th\u00e9rapeutique.<\/strong> Institut Gestalt. Barcelona (2011)<\/span><\/p>\n<p><span style=\"color: #808080;\"><strong>*La Lecture Verticale.<\/strong> Centre de Recursos Pedag\u00f2gics de les Corts. Consorci d\u2019Educaci\u00f3 de Barcelona (2011)<\/span><\/p>\n<p><span style=\"color: #808080;\"><strong>*L\u2018\u00c9criture Th\u00e9rapeutique.<\/strong> Fundaci\u00f3 per a l\u2019Educaci\u00f3 Emocional (2010)<\/span><\/p>\n<p><span style=\"color: #808080;\"><strong>*La Lecture Verticale.<\/strong> Master en Psycoth\u00e9rapie de Groupe bas\u00e9e dans la Practique Clinique. Universit\u00e9 Autonome de Barcelone (2010)<\/span><\/p>\n","protected":false},"excerpt":{"rendered":"<p>NOS CONF\u00c9RENCES *Lecture Verticale. Symposium: \u201cExploring Today\u2019s Mythology\u201d \u2028\u201cLa Metamorfosis de Franz Kafka: Entre le r\u00eave et l&rsquo;absurde\u201d. Universit\u00e4tsstr 37, Tagungssaal (University of Cologne) Universit\u00e4t zu K\u00f6ln, Seminargeb\u00e4ude. 18-19 Oct. 2013. *\u00c9criture Th\u00e9rapeutique: De la croissance personnelle \u00e0 la motivation d\u2019\u00e9quipes. Master en \u00c9ducation \u00c9motionnelle et Bien-\u00eatre et Master en Intelligence \u00c9motionnelle. Universit\u00e9 de Barcelone [&hellip;]<\/p>\n","protected":false},"author":1,"featured_media":0,"parent":0,"menu_order":0,"comment_status":"closed","ping_status":"closed","template":"","meta":[],"_links":{"self":[{"href":"https:\/\/www.lecturavertical.com\/fr\/wp-json\/wp\/v2\/pages\/1877"}],"collection":[{"href":"https:\/\/www.lecturavertical.com\/fr\/wp-json\/wp\/v2\/pages"}],"about":[{"href":"https:\/\/www.lecturavertical.com\/fr\/wp-json\/wp\/v2\/types\/page"}],"author":[{"embeddable":true,"href":"https:\/\/www.lecturavertical.com\/fr\/wp-json\/wp\/v2\/users\/1"}],"replies":[{"embeddable":true,"href":"https:\/\/www.lecturavertical.com\/fr\/wp-json\/wp\/v2\/comments?post=1877"}],"version-history":[{"count":8,"href":"https:\/\/www.lecturavertical.com\/fr\/wp-json\/wp\/v2\/pages\/1877\/revisions"}],"predecessor-version":[{"id":2430,"href":"https:\/\/www.lecturavertical.com\/fr\/wp-json\/wp\/v2\/pages\/1877\/revisions\/2430"}],"wp:attachment":[{"href":"https:\/\/www.lecturavertical.com\/fr\/wp-json\/wp\/v2\/media?parent=1877"}],"curies":[{"name":"wp","href":"https:\/\/api.w.org\/{rel}","templated":true}]}}