{"id":1921,"date":"2014-09-09T16:48:17","date_gmt":"2014-09-09T16:48:17","guid":{"rendered":"http:\/\/www.lecturavertical.com\/?page_id=1921"},"modified":"2021-04-30T18:34:28","modified_gmt":"2021-04-30T18:34:28","slug":"intelligence-%c3%a9motionnelle","status":"publish","type":"page","link":"https:\/\/www.lecturavertical.com\/fr\/_in-company\/intelligence-%c3%a9motionnelle\/","title":{"rendered":"Intelligence \u00c9motionnelle"},"content":{"rendered":"<p><span style=\"color: #808080;\"><strong>INTELLIGENCE \u00c9MOTIONNELLE?<br \/>\nPOURQUOI?<\/strong><\/span><\/p>\n<p><span style=\"color: #ff9900;\"><strong>L&rsquo;Intelligence \u00c9motionnelle permet de g\u00e9rer nos propres<br \/>\n\u00e9motions et savoir interpr\u00e9ter les \u00e9motions des autres.<\/strong><\/span><\/p>\n<p>Les gens qui d\u00e9veloppent l&rsquo;Intelligence \u00c9motionnelle sont plus\u00a0heureux\u00a0<strong><br \/>\n<\/strong>parce qu&rsquo;ils sont capables de contr\u00f4ler les habitudes mentales n\u00e9gatives<br \/>\net les \u00e9motions\u00a0qui nous nuisent, aussi bien au niveau personnel que relationnel.<\/p>\n<p align=\"left\">Ceci entra\u00eene une augmentation de notre bien-\u00eatre \u00e9motionnel<br \/>\n(gestion du stress, l&rsquo;irritabilit\u00e9, l&rsquo;anxi\u00e9t\u00e9, la tristesse, la d\u00e9pression&#8230;)<br \/>\net une vie de relation gratifiante (couple, famille, amis, travail&#8230;).<span style=\"color: #808080;\"><br \/>\n<\/span><\/p>\n<p><strong> FONDEMENTS<\/strong><\/p>\n<p><span style=\"color: #808080;\"><strong>1-Qu&rsquo;est-ce que c&rsquo;est et quelle importance a l&rsquo;Intelligence \u00c9motionnelle<br \/>\ndans la vie quotidienne? <\/strong><\/span><span style=\"color: #ff6600;\"><strong><br \/>\n<\/strong><\/span><\/p>\n<ul>\n<li><span style=\"color: #808080;\">Caract\u00e9ristiques principales de l&rsquo;Intelligence \u00c9motionnelle<\/span><\/li>\n<li><span style=\"color: #808080;\">Approche neurophysiologique \u00e0 l&rsquo;autor\u00e9gulation \u00e9motionnelle<\/span><\/li>\n<li><span style=\"color: #808080;\">De l\u2019autoconnaissance \u00e0 l\u2019empathie<\/span><\/li>\n<\/ul>\n<p><span style=\"color: #808080;\"><strong>2-Comment pouvons-nous d\u00e9velopper l&rsquo;Intelligence \u00c9motionnelle?\u00a0 <\/strong><\/span><span style=\"color: #ff6600;\"><br \/>\n<\/span><\/p>\n<ul>\n<li><span style=\"color: #808080;\">L\u2019\u00e9criture \u00e9motionnelle<\/span><\/li>\n<li><span style=\"color: #808080;\">L\u2019objectivation de l\u2019\u00e9motion<\/span><\/li>\n<li><span style=\"color: #808080;\">De la transcription de l\u2019\u00e9motion \u00e0 la modification de l\u2019action<\/span><span style=\"color: #808080;\"><br \/>\n<\/span><\/li>\n<\/ul>\n<p><span style=\"color: #808080;\"><strong>Cours de 10 s\u00e9ances, <\/strong>\u00e0 raison de deux heures par s\u00e9ance.\u00a0 <\/span><br \/>\n<span style=\"color: #808080;\"> <strong>Nombre de participants: <\/strong>de 15 \u00e0 20 par cours.<\/span><\/p>\n<div style=\"border-top: 1px solid #ff9900; border-bottom: 1px solid #ff9900; width: 525px; height: 196px; padding: 20px;\">\n<div style=\"float: left; width: 182px; height: 100px;\"><img decoding=\"async\" src=\"http:\/\/www.lecturavertical.com\/wp-content\/uploads\/2013\/11\/IE-tulipanes_blancos4-150x150.jpg\" alt=\"\" \/><\/div>\n<div style=\"float: left; width: 303px; height: 100px;\"><span style=\"color: #ff6600;\"><span style=\"color: #000000;\"><span style=\"color: #808080;\"><br \/>\nPour organiser ce cours, vous pouvez contacter avec\u00a0nous par e-mail\u00a0<\/span><strong><a href=\"mailto:info@lecturavertical.com\"><br \/>\n<\/a><\/strong><\/span><a href=\"mailto:zeneida.sarda@gmail.com\">zeneida.sarda@gmail.com<\/a><br \/>\n<\/span><span style=\"color: #808080;\"> ou par t\u00e9l\u00e9phone au +34 699 455 946<\/span><\/div>\n<\/div>\n","protected":false},"excerpt":{"rendered":"<p>INTELLIGENCE \u00c9MOTIONNELLE? POURQUOI? L&rsquo;Intelligence \u00c9motionnelle permet de g\u00e9rer nos propres \u00e9motions et savoir interpr\u00e9ter les \u00e9motions des autres. Les gens qui d\u00e9veloppent l&rsquo;Intelligence \u00c9motionnelle sont plus\u00a0heureux\u00a0 parce qu&rsquo;ils sont capables de contr\u00f4ler les habitudes mentales n\u00e9gatives et les \u00e9motions\u00a0qui nous nuisent, aussi bien au niveau personnel que relationnel. Ceci entra\u00eene une augmentation de notre bien-\u00eatre [&hellip;]<\/p>\n","protected":false},"author":2,"featured_media":0,"parent":1895,"menu_order":0,"comment_status":"open","ping_status":"closed","template":"","meta":[],"_links":{"self":[{"href":"https:\/\/www.lecturavertical.com\/fr\/wp-json\/wp\/v2\/pages\/1921"}],"collection":[{"href":"https:\/\/www.lecturavertical.com\/fr\/wp-json\/wp\/v2\/pages"}],"about":[{"href":"https:\/\/www.lecturavertical.com\/fr\/wp-json\/wp\/v2\/types\/page"}],"author":[{"embeddable":true,"href":"https:\/\/www.lecturavertical.com\/fr\/wp-json\/wp\/v2\/users\/2"}],"replies":[{"embeddable":true,"href":"https:\/\/www.lecturavertical.com\/fr\/wp-json\/wp\/v2\/comments?post=1921"}],"version-history":[{"count":33,"href":"https:\/\/www.lecturavertical.com\/fr\/wp-json\/wp\/v2\/pages\/1921\/revisions"}],"predecessor-version":[{"id":5973,"href":"https:\/\/www.lecturavertical.com\/fr\/wp-json\/wp\/v2\/pages\/1921\/revisions\/5973"}],"up":[{"embeddable":true,"href":"https:\/\/www.lecturavertical.com\/fr\/wp-json\/wp\/v2\/pages\/1895"}],"wp:attachment":[{"href":"https:\/\/www.lecturavertical.com\/fr\/wp-json\/wp\/v2\/media?parent=1921"}],"curies":[{"name":"wp","href":"https:\/\/api.w.org\/{rel}","templated":true}]}}