{"id":1923,"date":"2014-09-09T16:49:01","date_gmt":"2014-09-09T16:49:01","guid":{"rendered":"http:\/\/www.lecturavertical.com\/?page_id=1923"},"modified":"2021-03-24T18:36:56","modified_gmt":"2021-03-24T18:36:56","slug":"%c3%a9criture-efficace","status":"publish","type":"page","link":"https:\/\/www.lecturavertical.com\/fr\/_in-company\/%c3%a9criture-efficace\/","title":{"rendered":"Communication \u00c9crite"},"content":{"rendered":"<p><span style=\"color: #808080;\"><strong>COMMUNICATION \u00c9CRITE?<br \/> POURQUOI?<\/strong><\/span><\/p>\n<p><strong><span style=\"color: #ff9900;\">Pour transmettre avec succ\u00e8s nos messages, sur papier ou sur \u00e9cran, <br \/>au moyen d&rsquo;une argumentation claire et convaincante.<\/span><\/strong><\/p>\n<p><span style=\"color: #ff9900;\"><strong><span style=\"color: #808080;\">Savoir bien \u00e9crire est indispensable pour atteindre nos objectifs.<br \/><strong>La mani\u00e8re dont nous communiquons par \u00e9crit refl\u00e8te notre qualit\u00e9 <br \/>professionnelle<\/strong>.<\/span> <\/strong><br \/><\/span><\/p>\n<p><span style=\"color: #808080;\">Mails, lettres, rapports, documentation interne, histoires cliniques, <br \/>pr\u00e9sentations&#8230;La communication \u00e9crite est partout, sur papier ou<br \/>sur \u00e9cran. Il faut bien le faire! Nous ne pouvons pas nous tromper! \u00a0\u00a0\u00a0\u00a0 <br \/><\/span><\/p>\n<p><span style=\"color: #808080;\">Comment communiquer exactement ce que nous voulons transmettre sans <br \/>que nous soyons mal interpr\u00e9t\u00e9s? \u00a0\u00a0 <br \/> Comment synth\u00e9tiser l&rsquo;id\u00e9e que nous voulons communiquer pour que <br \/>nos interlocuteurs ne se perdent pas dans des d\u00e9tails inutils? \u00a0\u00a0\u00a0\u00a0\u00a0 <br \/> Comment r\u00e9diger un rapport, une conf\u00e9rence qui capte l&rsquo;attention du public? \u00a0\u00a0 <br \/> Comment transmettre un message en fonction de la personne \u00e0 laquelle nous nous adressons? <br \/><\/span><\/p>\n<p><span style=\"color: #808080;\"><strong>La r\u00e9ponse \u00e0 toutes ces questions c&rsquo;est <strong><strong>apprendre \u00e0 bien r\u00e9diger et<br \/>\u00e0 argumenter avec coh\u00e9rence<\/strong>.<\/strong><br \/><\/strong><\/span><\/p>\n<p><span style=\"color: #808080;\"><strong>*LA M\u00c9THODOLOGIE<\/strong><\/span><\/p>\n<p><span style=\"color: #808080;\">Nous introduisons chaque s\u00e9ance par une br\u00e8ve explication th\u00e9orique.<br \/> La partie pratique est la plus importante et correspond \u00e0 des exercices <br \/>d&rsquo;application directe de chaque point de la th\u00e9orie que les propres <br \/>participants devront r\u00e9aliser \u00e0 chaque s\u00e9ance. \u00a0\u00a0 <br \/><\/span><\/p>\n<p><span style=\"color: #808080;\"><strong>*LE PROGRAMME DE LA FORMATION<\/strong><\/span><\/p>\n<p><span style=\"color: #808080;\"><strong>1- La forme<br \/> <\/strong><\/span><\/p>\n<ul>\n<li><span style=\"color: #808080;\">La coh\u00e9sion: les connecteurs<br \/><\/span><\/li>\n<li><span style=\"color: #808080;\">La ponctuation<\/span><\/li>\n<li><span style=\"color: #808080;\">Les e-mails<\/span><\/li>\n<\/ul>\n<p><strong><span style=\"color: #808080;\">2- La communication<\/span><br \/> <\/strong><\/p>\n<ul>\n<li><span style=\"color: #808080;\">Le th\u00e8me: de quoi voulons-nous parler?<br \/><\/span><\/li>\n<li><span style=\"color: #808080;\">L\u2019objectif: que voulons-nous obtenir avec notre \u00e9crit?<br \/><\/span><\/li>\n<li><span style=\"color: #808080;\">Le destinataire: \u00e0 qui dirigeons-nous l&rsquo;\u00e9crit?<br \/><\/span><\/li>\n<li><span style=\"color: #808080;\">Comment approcher le destinataire de fa\u00e7on empathique? <br \/><\/span><\/li>\n<\/ul>\n<p><span style=\"color: #808080;\"><strong>3- La technique<\/strong><\/span><\/p>\n<ul>\n<li><span style=\"color: #808080;\">La coh\u00e9rence: le <em>brainstorming <\/em>et l&rsquo;ordre logique des id\u00e9es<br \/><\/span><\/li>\n<li><span style=\"color: #808080;\">Le d\u00e9veloppement: le corps du texte, l&rsquo;introduction, la conclusion<br \/><\/span><\/li>\n<li><span style=\"color: #808080;\">Techniques pour d\u00e9bloquer la pens\u00e9e<br \/><\/span><\/li>\n<\/ul>\n<p><span style=\"color: #808080;\"><strong>Cours de 6 s\u00e9ances<\/strong>, \u00e0 raison de deux heures per s\u00e9ance.<\/span><br \/> <span style=\"color: #808080;\"> <strong>Nombre de participants: <\/strong>de 15 \u00e0 20 par cours.<\/span><\/p>\n<p><span style=\"color: #808080;\">Le cours termin\u00e9, nous offrons la possibilit\u00e9 d&rsquo;un support personnalis\u00e9 (correction de style de <br \/>conf\u00e9rences, communications, r\u00e9dig\u00e9 d&rsquo;argumentaires, lettres&#8230;)\u00a0<\/span><\/p>\n<div style=\"border-top: 1px solid #ff9900; border-bottom: 1px solid #ff9900; width: 525px; height: 196px; padding: 20px;\">\n<div style=\"float: left; width: 182px; height: 100px;\"><img decoding=\"async\" loading=\"lazy\" title=\"IE-Flor-150x150\" alt=\"Escriptura Efica\u00e7\" src=\"http:\/\/www.lecturavertical.com\/wp-content\/uploads\/2013\/11\/IE-Flor-150x150.jpg\" width=\"150\" height=\"150\" \/><\/div>\n<div style=\"float: left; width: 303px; height: 100px;\"><span style=\"color: #ff6600;\"><span style=\"color: #000000;\"><span style=\"color: #808080;\"><br \/> Pour organiser ce cours\u00a0<br \/> vous pouvez nous contacter par e-mail\u00a0<\/span><strong><a href=\"mailto:info@lecturavertical.com\"><br \/><\/a><\/strong><\/span><a href=\"mailto:zeneida.sarda@gmail.com\">zeneida.sarda@gmail.com<\/a><br \/> <\/span><span style=\"color: #808080;\"> ou par t\u00e9l\u00e9phone au +34 699 455 946<\/span><\/div>\n<\/div>\n","protected":false},"excerpt":{"rendered":"<p>COMMUNICATION \u00c9CRITE? POURQUOI? Pour transmettre avec succ\u00e8s nos messages, sur papier ou sur \u00e9cran, au moyen d&rsquo;une argumentation claire et convaincante. Savoir bien \u00e9crire est indispensable pour atteindre nos objectifs.La mani\u00e8re dont nous communiquons par \u00e9crit refl\u00e8te notre qualit\u00e9 professionnelle. Mails, lettres, rapports, documentation interne, histoires cliniques, pr\u00e9sentations&#8230;La communication \u00e9crite est partout, sur papier ousur [&hellip;]<\/p>\n","protected":false},"author":2,"featured_media":0,"parent":1895,"menu_order":0,"comment_status":"closed","ping_status":"closed","template":"","meta":[],"_links":{"self":[{"href":"https:\/\/www.lecturavertical.com\/fr\/wp-json\/wp\/v2\/pages\/1923"}],"collection":[{"href":"https:\/\/www.lecturavertical.com\/fr\/wp-json\/wp\/v2\/pages"}],"about":[{"href":"https:\/\/www.lecturavertical.com\/fr\/wp-json\/wp\/v2\/types\/page"}],"author":[{"embeddable":true,"href":"https:\/\/www.lecturavertical.com\/fr\/wp-json\/wp\/v2\/users\/2"}],"replies":[{"embeddable":true,"href":"https:\/\/www.lecturavertical.com\/fr\/wp-json\/wp\/v2\/comments?post=1923"}],"version-history":[{"count":43,"href":"https:\/\/www.lecturavertical.com\/fr\/wp-json\/wp\/v2\/pages\/1923\/revisions"}],"predecessor-version":[{"id":5943,"href":"https:\/\/www.lecturavertical.com\/fr\/wp-json\/wp\/v2\/pages\/1923\/revisions\/5943"}],"up":[{"embeddable":true,"href":"https:\/\/www.lecturavertical.com\/fr\/wp-json\/wp\/v2\/pages\/1895"}],"wp:attachment":[{"href":"https:\/\/www.lecturavertical.com\/fr\/wp-json\/wp\/v2\/media?parent=1923"}],"curies":[{"name":"wp","href":"https:\/\/api.w.org\/{rel}","templated":true}]}}