{"id":1925,"date":"2014-09-09T16:49:56","date_gmt":"2014-09-09T16:49:56","guid":{"rendered":"http:\/\/www.lecturavertical.com\/?page_id=1925"},"modified":"2021-03-26T11:24:33","modified_gmt":"2021-03-26T11:24:33","slug":"%c3%a9criture-%c3%a9motionnelle","status":"publish","type":"page","link":"https:\/\/www.lecturavertical.com\/fr\/_in-company\/%c3%a9criture-%c3%a9motionnelle\/","title":{"rendered":"\u00c9criture Th\u00e9rapeutique"},"content":{"rendered":"<p><span style=\"color: #808080;\"><strong>\u00c9CRITURE TH\u00c9RAPEUTIQUE? <br \/>POURQUOI?<\/strong><\/span><\/p>\n<p><strong><span style=\"color: #ff9900;\">Pour revaloriser notre autoestime, stabiliser notre \u00e9quilibre <br \/>\u00e9motionnel et am\u00e9liorer nos relations interpersonnelles.<\/span><\/strong><\/p>\n<p><span style=\"color: #ff9900;\"><strong><span style=\"color: #808080;\">La transcription sur papier des \u00e9motions qui nous d\u00e9stabilisent <\/span><\/strong><br \/><strong><span style=\"color: #808080;\">att\u00e9nue leur intensit\u00e9, permet de prendre conscience de notre <br \/>d\u00e9sordre <\/span><\/strong><strong><span style=\"color: #808080;\">mental et nous aide \u00e0 le normaliser. \u00a0 \u00a0 \u00a0<\/span> <\/strong><br \/><\/span><\/p>\n<p><strong>*LE COURS S&rsquo;ADRESSE<br \/><\/strong><\/p>\n<ul>\n<li>\u00e0 toute personne qui veuille approfondir l&rsquo;autoconnaissance et<br \/><strong>g\u00e9rer les \u00e9motions n\u00e9gatives<\/strong> qui conditionnent sa vie familiale,\u00a0<br \/>sa vie sociale ou\u00a0son travail\u00a0.<\/li>\n<li>aux professionnels qui veuillent acqu\u00e9rir la technique pour l&rsquo;appliquer<br \/>dans leurs centres de travail (psychologues, enseignants, \u00e9ducateurs sociaux&#8230;)<\/li>\n<\/ul>\n<p><span style=\"color: #808080;\"><strong>*LA TH\u00c9ORIE<br \/><\/strong><\/span><span style=\"color: #808080;\">-Quelle relation existe-t-il entre \u00e9criture et \u00e9motions?<br \/><\/span><span style=\"color: #808080;\">-Comment pouvons-nous r\u00e9ussir, avec l&rsquo;\u00e9criture, \u00e0 att\u00e9nuer nos<br \/><\/span><span style=\"color: #808080;\">\u00a0\u00e9motions d\u00e9stabilisantes?<br \/><\/span><span style=\"color: #808080;\">-B\u00e9n\u00e9fices que nous obtenons avec l&rsquo;\u00c9criture Th\u00e9rapeutique:<\/span><\/p>\n<ul>\n<li><span style=\"color: #808080;\">sur la sant\u00e9 mentale<\/span><\/li>\n<li><span style=\"color: #808080;\">sur la sant\u00e9 physique<br \/><\/span><\/li>\n<li><span style=\"color: #808080;\">au niveau psychologique<\/span><\/li>\n<\/ul>\n<p><span style=\"color: #808080;\"><strong>*LA PRATIQUE<br \/><\/strong><\/span><span style=\"color: #808080;\">Nous faisons deux types d&rsquo;exercices d&rsquo;\u00e9criture:<\/span><\/p>\n<ul>\n<li><span style=\"color: #808080;\">exercices qui visent \u00e0 stimuler l&rsquo;activit\u00e9 du cerveau ex\u00e9cutif <br \/><\/span><\/li>\n<li><span style=\"color: #808080;\">exercices qui visent \u00e0 agir directement sur la pens\u00e9e<\/span><\/li>\n<\/ul>\n<p><strong>*L\u2019OBJECTIF DU COURS<br \/><\/strong>L\u2019objectif essentiel du cours c&rsquo;est d&rsquo;acqu\u00e9rir une technique d&rsquo;\u00e9criture<br \/>qui nous permette de passer de l&rsquo;exp\u00e9rience de l&rsquo;\u00e9motion d\u00e9stabilisante<br \/>\u00e0 sa transcription sur papier de fa\u00e7on \u00e0 pouvoir la g\u00e9rer.<\/p>\n<p><strong>Une fois acquise, nous pourrons <\/strong><strong>pratiquer cette technique<br \/>personnellement pour r\u00e9guler notre stabilit\u00e9 <\/strong><strong>\u00e9motionnelle<br \/> toutes les fois que nous en aurons besoin.<\/strong><\/p>\n<p><a href=\"https:\/\/www.youtube.com\/watch?v=N2uOhhFsrRU&amp;t=5s\">\u00c9criture T\u00e9rapeutique \u00e0 EADA<br \/><\/a><a href=\"https:\/\/www.youtube.com\/watch?v=yzc3Rzd1xxs\">\u00c9criture T\u00e9rapeutique \u00e0 YouTube<\/a><\/p>\n<p><span style=\"color: #808080;\"><strong>Cours de 10 s\u00e9ances<\/strong>, \u00e0 raison de deux heures par s\u00e9ance.<\/span><br \/> <span style=\"color: #808080;\"> <strong>Nombre de participants: <\/strong>de 15 \u00e0 20 par cours.<\/span><\/p>\n<div style=\"border-top: 1px solid #ff9900; border-bottom: 1px solid #ff9900; width: 525px; height: 196px; padding: 20px;\">\n<div style=\"float: left; width: 182px; height: 100px;\"><img decoding=\"async\" alt=\"\" src=\"http:\/\/www.lecturavertical.com\/wp-content\/uploads\/2013\/11\/ET-jazmin-150x150.jpg\" \/><\/div>\n<div style=\"float: left; width: 303px; height: 100px;\"><span style=\"color: #ff6600;\"><span style=\"color: #000000;\"><span style=\"color: #808080;\"><br \/> Pour organiser ce cours ,\u00a0 <br \/>vous pouvez contacter avec<br \/> nous par e-mail\u00a0<\/span><strong><a href=\"mailto:info@lecturavertical.com\"><br \/><\/a><\/strong><\/span><a href=\"mailto:zeneida.sarda@gmail.com\">zeneida.sarda@gmail.com<\/a><br \/> <\/span><span style=\"color: #808080;\"> ou par t\u00e9l\u00e9phone au +34 699 455 946<\/span><\/div>\n<\/div>\n","protected":false},"excerpt":{"rendered":"<p>\u00c9CRITURE TH\u00c9RAPEUTIQUE? POURQUOI? Pour revaloriser notre autoestime, stabiliser notre \u00e9quilibre \u00e9motionnel et am\u00e9liorer nos relations interpersonnelles. La transcription sur papier des \u00e9motions qui nous d\u00e9stabilisent att\u00e9nue leur intensit\u00e9, permet de prendre conscience de notre d\u00e9sordre mental et nous aide \u00e0 le normaliser. \u00a0 \u00a0 \u00a0 *LE COURS S&rsquo;ADRESSE \u00e0 toute personne qui veuille approfondir l&rsquo;autoconnaissance [&hellip;]<\/p>\n","protected":false},"author":2,"featured_media":0,"parent":1895,"menu_order":0,"comment_status":"open","ping_status":"closed","template":"","meta":[],"_links":{"self":[{"href":"https:\/\/www.lecturavertical.com\/fr\/wp-json\/wp\/v2\/pages\/1925"}],"collection":[{"href":"https:\/\/www.lecturavertical.com\/fr\/wp-json\/wp\/v2\/pages"}],"about":[{"href":"https:\/\/www.lecturavertical.com\/fr\/wp-json\/wp\/v2\/types\/page"}],"author":[{"embeddable":true,"href":"https:\/\/www.lecturavertical.com\/fr\/wp-json\/wp\/v2\/users\/2"}],"replies":[{"embeddable":true,"href":"https:\/\/www.lecturavertical.com\/fr\/wp-json\/wp\/v2\/comments?post=1925"}],"version-history":[{"count":44,"href":"https:\/\/www.lecturavertical.com\/fr\/wp-json\/wp\/v2\/pages\/1925\/revisions"}],"predecessor-version":[{"id":5319,"href":"https:\/\/www.lecturavertical.com\/fr\/wp-json\/wp\/v2\/pages\/1925\/revisions\/5319"}],"up":[{"embeddable":true,"href":"https:\/\/www.lecturavertical.com\/fr\/wp-json\/wp\/v2\/pages\/1895"}],"wp:attachment":[{"href":"https:\/\/www.lecturavertical.com\/fr\/wp-json\/wp\/v2\/media?parent=1925"}],"curies":[{"name":"wp","href":"https:\/\/api.w.org\/{rel}","templated":true}]}}