{"id":1929,"date":"2014-09-09T16:53:20","date_gmt":"2014-09-09T16:53:20","guid":{"rendered":"http:\/\/www.lecturavertical.com\/?page_id=1929"},"modified":"2021-03-26T11:57:28","modified_gmt":"2021-03-26T11:57:28","slug":"ateliers","status":"publish","type":"page","link":"https:\/\/www.lecturavertical.com\/fr\/ateliers\/","title":{"rendered":"Ateliers"},"content":{"rendered":"<div style=\"float: left; width: 547px;\"><img decoding=\"async\" alt=\"\" src=\"data:image\/png;base64,iVBORw0KGgoAAAANSUhEUgAAAYcAAABSCAIAAAAw+I8BAAAACXBIWXMAABFJAAARZgEt2N8cAAAgAElEQVR4Ae19B3wVxfb\/zJZ7KaEldCGESDGhJfQWBASkC4IiIgoqoBRFQfQp\/PU9gZ9PQFQCKig8BB8ICCpSFGNoCiSUICVAQnkEggkSaoC7u7PzP+fuTbk9CQkE2Pnks9lpZ8757tmzM2f27qGcc03TTpw4wRgjZjIRMBEwESh6BERRDA0NlSTJ41BYCiZp8+bNHqvNQhMBEwETgSJCoF69eh4po1UyZkl16tSpVq2ax0ZmoYmAiYCJQGEhcO7cueTkZB+Ls5wZFJiksLCwwhrYpGMiYCJgIuANAbBK3qqgXPBRZ1aZCJgImAjcfgRMq3T7MTdHNBEwEfCFgGmVfKFj1pkImAjcfgRMq3T7MTdHNBEwEfCFgGmVfKFj1pkImAjcfgRMq3T7MTdHNBEwEfCFwO2wStrOSSzxb19cFEqdcpFfv0i0QqF1R4gowD+\/fv2OjG0OaiJQfBAocquk7RzMfpvB09KLTmaWMN02g9pmBiofB+qpN4puoKKizFK0Dc\/YpluBf2XWuLvZsBYVQibd+wqBnLcoi0hsoUoo\/L5OCK1dJPT148qXdfj5EKHuUJ4hSH0\/E6qXLJKBiowoT1uhfDWIlOglhDzK2SOWwW+QIr8mRSaMSdhEoDAQKOo7QNE2Tyel5grBRWAs9ATbB5FCyBrLyH6FAcUdoKGnzFKXTJR6HhMj6hZkeC2TSKUL0tHsc1cgoGQSSz6v7z2hEre6guPX0\/n5o\/q5o\/z8idx\/+l8H2IF5ysdWnjHBOnZ0EehAprI4klimyk\/frSaJaNvAJAlNdxXIJCnswGzbhwHs8JUCYMsv\/KAsmFqAjs5dMrUN\/dmBC86FZs4DAgUAnKdH22Y05JkeqHkpKg4q4YW1fBYXeK6UyeI\/1Ta\/TVTvA\/IQ8eGdUvtW3lsUvIYdeZefI\/JTYwtO4k73VL\/vQPTecpeW+WWEX\/5BmYu2WKi9XAwvm9\/uWkwXtitGqBuT345O7W\/G2D7qQniIpW2QU3mxybAjU7SfS1hffeeOc1QwwHnmOUJPsfjDUsdwvyIUC5Xwy2WeGxTEKvFrMcqnoJGRYutFtGptIuzR1kwABZV6zCdWjkNLZYQKdWjlSnlmI78NU7S1s4gwWQgtl9+exaQ9v\/ytfowIDd7MtxdJ248mSeol9YkWw0LyK45+ciqapKa\/yt0757dvrvYZypddCBskj1pK7\/AVyGAH1tMqA4TKLi6CBG31VJhK5+L5zpwWGHChZndCprPfn5Ha7CVWn8wXC5XwyWE+K\/NvlW6iSRJb7JS6OiZBPOMYDEorTBSbds3n6AVsrid\/AXM0se3gAvYvBt202JeAC7FVm\/zywm9elXoeFCMa5Lejo73QWH7mkhB8i7ZEFVr8IrW6TZfbh6RaTA+2K04aOJBUdm51E9eVUsdnnEvvRK7AgEtRUp+PSImhfkwSIcVDJQoT2\/xapUxlWRciTMw2ScCLtmMmHMWWvT3xlckOLNaTktCItHnPuBlY4jz2R5zU50uhsmN0\/dhSduCiPGCcQYH\/\/bu2YzG5YuM8SOo8zW1bTdF2TIOpmdgoZ2aLXeJX8nSb1GOOQdYfkVzMqmfYwV\/43+e5elOoPhBveDVR\/XU2sfWQ+\/UnJIPFfa0nbSflXpB798BuLI0d3cTPnuUqoeUaSq164XwHuvw8nWiP27sQ\/exGtu8bcrWDPHhErpEIv3FcP7KFX9ihH75ELJOF6qJRm2duM\/WTx\/STsfpfw+Tujzj6Xopn8at4+nEiPiwPHAfMsMSF7I+tUg\/ckdTTYlncMp4hyj2nsOQv9OQAy+C+IJS26Z\/62YqWwVOylZ5f+k3beEh+ynEVgLj+12795HZ+8TKVKgh1nxZqV8TCtI1sy3+Feu8bo+dB8EyWMF8\/lIDtKw6SH+3p6Oj6z01VfEOqHmf71rK9cUCG\/7Veu4RvhFCZ8Gt\/85SV+qnf4cEpNq\/lOkh23uNFhGubOI1tL28ZMYaox7Xt8\/XTV6ROH2TprY8qv4AbA+cRCkPHtvFLJYn6pZbeyKFj2cw7nRSWSiBRj5oj9fgIpqJ2FV3JM+AWw2xuFvi17fqpKmLDAu3Y5CaUdZ4\/q8QzVoE3h4Y47gc7kQR9\/zGidxIbuWoAaLkyL6elfq6udXwfZVEwUIDE02aRyuiS4FcWq6uG0fLRdmpE+\/0xtuVHodGr+v8WEOsEWs5JfmxzcxtPwakZzXJoGOt2oztPmwpk\/RMxWhPw1z7D9n3vyAEz5yNoYKy61H5nlqqfIwIn0uNzCFG07aPZ1q+y26OBbtdLPx3t6GJ5iJBu6spgPSkD2+hniW1E1m2fqf06hMX9kN1XbO6Y6+WRW8fC2egvVCVolRRtYy+291dHWe0niJShLAkCfDBlvqfFvAjrNTilVcYpCx7AQh7ClTHqMkcb9bc+co8ILNfj8GJBbeY4WprwS9vVpVE8lyedVnoCWmmb+7E\/7CLQYWJELf+Ca3G2D1vRwJdp2d36qcNirfE4llvKwdleBaoiP677glSMs83I8Vey7QNySPIQodFr8oubXO6cnAZeLiKBt0y+qQPQiVFJOXLBjbrrCaFGLa9VwRH+Abe9QeE+yxsU3nQsF\/85p4WmEsihF82pNkcILOl2i+W6K\/UE5dMocFMWolXK3x4cz\/gTIKGBgdnA6MmrsCR4VNa956jRU78ELRc7HbS+zaXHR2OpdkZZEkyDPqHgn9U7CaEOo8L++AwqxS442eaZ36NJCtsm9\/nY+rbNOmEm3CEuiR38L7Z3TM0U9fsK7I9a1omK2LQVuLqAbF6IIE1A8+MAdqihdQIHJil8hhNMT5vr6pJZYuc3sAFfCiIIDf4j9Vsrj1DFME2Zb2Wx3DJWhfZiK\/RSS73eAg8RdumAXWjVC0CT0LnysMWYDRyQBUuyEh3Adtew97UhAjDXi8S5Xh655Re+xYVz1CHr62iDhPqPEZKiLLKyhPqWl65b37wgDz0hDx4E5obKn9KalUEWbV1ttqOk1Ptnqd\/3PG2O2OZdZKnCWJ4+hV+YKXV7HrL60Syft27D2hofA+B60jRlXpTQcCeIaZ20FcphWidGVmP7n2J7HhDqhkGB0KRZXgRXf3oUJLUMnyc\/fcg6iUvtI5Gac\/KgKuxXP5BKESAyrYmEpCfOWidmWMbjn3WSYn3npNz3Fe8mKcXjRWQHJ9o+QJMEqz5+eRIYRKnXH0Lj1jiAstBrVZmAvABu6HBeoMBr6knHkA23VIgqARx6FqTvHsvwkepP9ltsEhfge7b2W8yJFyEAsrRSVafCW8vkzyrpp46LHfbK3bO3jRQWPw0YEFvkzIkgyzM3qP8ZIbY9JLVB9wctDXc8EUIihbo75EfrwBOYVh\/lMDfaNrZ3F8w4xHro6eDp8XDUD\/3bviFqgXO3lMH2Lsyemmkx4frB9tYpXxHLIaAjtlwIZPNABKgm22ZFcm2ydeL7aDhs63EGZ51KA6vIQxPIzT047o0EqU+q\/NhzYnhvofIVZX4wT3ve+o+vaFkJLBq4M8DdK4YFEbWSPHwf0bALPz1b7HhKHvgUT90A2SzTmaZE1+XXxljfioa+\/PIaRADmenbfTp64BV\/eF0+JbZKlqHBtzzTcuevZXl0VzM\/YaQaWJGKgUBPeU82kob\/I\/SJ5SjqhhNOp1slrxcbdxHohUt9jNPC0naWBNGCwZegEsZF9fqHdhEJI2q8vAKqWpx4D76y6cjKYP6kjTkbYnhlwFFs9h43oQMvocfqpRCKMwevlX\/AMfuYSbCSpsduwu6d5uUdVoVVb+YPUQsTTaETAXNatTiwVaCn8I5KMA3lNGV4uYll+PkAauIKWwtmgvs9iGcPFJm34xZ1IqXRtb1Vi+IN5AdzOjn8oYFnthT3H89tJrEJVCa+a07CptrGhfmAI3GL8wgrYn5H6rnPcuQY36hl1VV1cMeRho9CJf5+Z\/Fklqcv3To87bZd+EjR3kFgXPQ5ZSVFX9yTs+WxG9eOxUAW3qNS6tbZjFp63cVgx9ecXMdtsiNFXqAVTADBgP6mLsZl74pc38b\/RqIEp4RmL2a7jQnP4kd002\/RI2FeSuuJixC8RaKOubEUUIg993xhC3YAMiM3704qdheDzLP43zLZJFhuhPYUEXlUYVxo017i1tNiJUChEjIUsdql+ztElKgnWNYSkse3LwXYYq1ptIy6F5Gc\/sVMi2i84c8wyWHnjdk0XnF2GXVeWVGGxpS2j1+gXolFFertse5cGDzQ7OBcH4pE5m+JSE7FhEItdZLBEKzbHxa+Ys6+jp0azvUnSk2sIj1GXTSGlZoL5QyLaNi1mLW62Nq0DObHxQH52AboIm+FV8ys4IYFCw87QUt\/bgR27DCduybOqSFGv+IYU6OjJS+AoNhnsRtNrgfeLKEud3iP6Zn4d+1onLccHxs0YtHrCRLnf+96qhOCgvABuZ8gvFL50zF0ktVBVAkyvR0FgOgyKQauVU9d0w18gwL0e\/6Qyp4ltdjD+wc+8ZtTkN+Zb38JHVyGm\/Fkll4FZwjwoER4amfsxyDOWweUUWozKapwCdyy4jeyvd6foCb9lWzF2dBD6pEDp29pdG0irpdRrOPznFyfqqSyLQs5\/tm8+ZMTWPeCoxbwOR9B4bf1xedj1bO+vXyJwE4Lfh1ZaIFRBysgG+J6BDfuSSj+5CG48WnGB1OlBrAZmYF0JM6PSU8V6JSCrn3sbnTXwJkTb9vZ6op9c6ugShXevnroS9Fuo\/5rDdMJ1BfHtjm0cC1xO4IZD42VP\/kQGvxuafiFWXdiYVl4E0x8aqGsx49DEhDuMpoMU\/stgO5fDP3kozjqzk35uYTZL2YV4IlUgJFH9zziYFcL0R904EMsefc7eRrF92AFOaI13sx6Pmdq2j3DtmXW9fAhupwDroWicgADIv\/9olOQ++lAVf5Rhx8POSVO79cxN1Mu5v4uYyXagMkt9\/jYW3dqeTzH7KOiYjypoklfA\/UDhT8dyi1U0KuFBEC32XRiXp0\/XT52ntUYJjd6i5ZvTKm2EWgPEBu9IfXaD58QydERu3grl\/FasUqIWuxz8F+LDqLvZSdsxHc6F0PpGCdv\/Ltyx0kA0Ujz9B7w37FYMX3L7bgW2rP3\/yLUf9BOOZ6nY5HN08cAC5MIlg0Kuo2HUxoh1z7M9y9GylJ6AXpUJC4XqN5RvXsp+EdYnEcLipgBNsc2TcIR5lsEGrTTaWFKx3Z9DudTdMX3DNvFzsH3ToXDUT3+pLvo\/OKHV\/0WkDSwhCRvsRJGl7mhPISF9cFE93JTt38LijBUuLpf0pI8cItefjPPhPIkMo+PdInbeC14e2MACp4+6fjE+xgM6GvcP0ePUVWiJIOFcEpaHFRcIwaJRYhzZ9v+zs9SI7d2Uu5woK5WPw2G9hrNCbRtaZ\/a8GAYz3zR1ldVoKXVtq237HH4zzC\/\/hHsdNT4mN37TT+P18iF41ihh0pOIHk\/D10dckg9V8UPZbcfDhbJ71s9FtG3BJbxlqtgIppG4okf\/Zsga8KYRH1X5A9wXFH7Yc5anKFTCg+agPhyF2SK6F1\/bZxkyXag9RH58tvzk53CUuo0SH2pGLL6XzM585zlXMKukEAW0Nhwn852Tsjf47YOm8SS7\/tk0yOrJk7V1i6T+qUYbtncpFNKapcClr636XQhph9mq\/1O+6kdKWHj6eTsFC61cBicC9ez6YS8yDjx9Ixq1uvWVpXX0E7jI4mpJGliS39ivRAeRzHa0tOKXCEwN9CScGdHyf6nfP6R9FyO2fBpICY264ih6HM5lSk\/N9cO9DP0gjkUrXYEdKHXJCFqzAbZ\/4KIytycpVRlvZpjLlJrpMAR6At7bJUazAwO12Hg9OQkmF7TqFW1jV3XFBFoVnYI06ADOhwP8iwyPYj0xDrtYsSM4ZcHpI1Q8Aefk2jqeofFr8bZZrYg1FEuggTGXbI8GNydpKBQt87IW357t\/iunHM60zbTWNmO9pqdshAJatSns\/dumV+WXBxJQOXG4\/ufTbA\/84M5BXKh5Spn\/CJECfAp+iN84Q2w4lBCEvInN0C47J++q4gvSQ0BEP7MejmKLATBrsM3EZ4y\/5OcisgNLgILYzr7lci3GNqsXrbbA+DGTjyrokhfA8wCFH\/acpSsSlXAXRD\/1s33cG\/hAuhavfBzE\/jzjzElR5aT8EtZTv1b\/Y8zwsSvb3kV4IDHXPRzg8LysraiBkiuR8vDrWS8cpelHdmGX39rQ8u9bJ49GUwLZnePlJ+O1n0vBw0p48J9E+Fk\/dlUatMgxEcBBHIkdxhmBfuIVWuNr6ZGbStICoky1TZ8KhUL4arlfI9iT8kuE2E6CMSV0n7qkPrx5YJ08U10ZhKuSerWADjvwERzFpriEzkloYIm2uhGsPS0T0tRvceHHdr9qrHrYbvtcppndIwbs\/W8ltrbNYwmjLWM6KEAP3L0wljjc8lqautTed+d46fF4bZ1\/kWFGRMDHcYVoG6prG4B6J3nkdWr9kfwKMscqn+OTSqi3TO7TEgclyewP+wLZ+Wco+ilcPfFrn5HUaMtInPFhYmgz4Dcrcv\/29jyU3IQTfn6s+hW8obpXqB+jLoIN1kXs6FTr+AloH2H1Da2A+SfOw4LUh+DSo+eU2TVxodquA9vxT7jDDZefYyDHP6+qYngGRE+QGr+pZEd\/Ahra5mpkE+zBGQ8zZ9ruOV8XkSnzUbVYbAiLxZ5i252Gsx8XaHu9VUFD\/4CLHY4ps5\/1BwUIg+N60zGsy0lFoRIeBKGBeEcQfa7tQ\/RUCuHr5X7dc7goyrP8WqVM\/egJIeI9cvMS0W7wm3+LTWGOkOvlBXCb9fxS276BiqVpyFCpXZdczFegdfqTv6qIrceIDRui279yN1qxi9TtNVr+f\/TAM0T\/m1\/bIdR6x\/pmz9yOqmwKtEpnGhgktp5m\/zmrIraJ04+dpRU7im1GCtXLw\/smtLx\/IsTaWgjrzzPKis1fEZs0dUyOrKMdbz9ZOojthkpt6mQPCnZBqD9ET7UJDcZJrTuAoaXluxI5Suo20bH9LNUVW27K7kLLNqZlegqRb0rtsbEY2U9PLSdGvCQ2a419K3Ulpex9K6bqiXngFqbIfWLU1e8SMVR48AU7TWCtv9hhnH4oOUd2g12dChEfiI2ez8W8\/bRUCLLUYgrsNuRU8bJiuy1SrtU3rdCBBsXTir2lqJG0cnmefiCXINDPSqt3o7r9egXa1ca74HrSXFoFNVg\/q8iDzwq1q+eMm3PmXVW8UzZ6i5Hv8DNf0opPSF3hTai86LCviwg+XdjKwI\/J1GlBq7SVIrpmPxGN3RWPVchJHgDPGxS+2MsBzHFWBCrhSRAa+FzWLdZabPmyULOSGydFVUA554mJidu2bYuKiroPo1SyI2O01fPEFvs8PcyLCnSTbrFCwHiLVep32f2nzj6qipUIdxczfg1OwfxKdxcIdm7tM2Q3vjPZ1nkwu5Y6ZG0CurUwC+51BNL0+B\/Bp+tuksDl773qXkfljsp3H1gllqIuq6ysAC+Xa+Lpi2DqLj4CnzpwrTLz9wkCesoC2EKBd\/Td5fVR5d7YLClEBO59q8R2j9FPnqdlAt1QS1EWj6PVvs52Cbk1MAvueQTStO+mwIsUjhcCnMT1UeXUzswUOgL3vlXivDSgph\/Dd6NykpqoRAfT0tGW4Vl7Ujl15tl9gkCGuqwqv\/q85fkX3QT2UeXW1iwobATysn9R2GPeXnpieHf223Jim2WblSH1GkPlVPbnHD1xk32nE98RN9N9hYB+eom2KYZWsOpH5tNKM6xTJmaL76Mqu415chsQuPetEi37nDz4mrpsLLEt0lYvAkxp5dflYSvwZQIz3WcIsP1jtXX49g2\/0NHl43k+qu4zkO68uPe+VQKMhdpjrG8P4xfTCA+gZSt7fBnqzl8Kk4OiR0AMmyIE\/4NY4QMDpVxG81Hl0tLMFjUC94VVsoNYmlYILWo0TfrFHQFLFerxAznAt4+q4i7Vvcbfve\/tvteumCmPicC9joBple71K2zKZyJwtyFgWqW77YqZ\/JoI3OsImFbpXr\/CeZRPucivXzR+uZ7HHre1WTFnrxCwUAB\/fv16IVC6+0ncP97uu\/9aFY0ELGG6tukd\/LoLfMHymevOX4AomiHzQ7WYs5cfUby0ZSnaL\/\/AOF2QGH4Y3twjNq2SF125H4oh1tCXdfj5EKHuUJ4hSH0xflwxkruYs1cYSPG0Ffj9P\/iISsijnD1iGfyGaZIAV9MqFYZyFSsaSiax4I9s\/CQ9wfZBJHwE1jKyn5+Wd6S6mLOXL0w0+JKnhyuip8xSl0yUeh6zfy\/MiSIs5dzfqHJqcU9nTL\/SPXV5eXq0bUbD7O+Xe5ctU1kcCZ+pNj4CazTjF35QFkz13uV21nhg73YOX3hjKezAbNuHAezwFVea2jYwSULTXS4miV\/bj5+4+GS2a\/v7KW9apbvnasMviuc\/wA5c8MExz4TP\/Z9i8Yd9tIEqduRd+JSw\/PjY7GbwJXXli360fNvskjt44s7eHWSmwEPzyz\/Yplu1ta\/DZ4jdP96kft8BPk4vdzE+bewYBD7urnwaoZ8oLQ+B2Cr3bzKtUrG79hDQne3Z6c4W2\/sm\/zuVWH0tuoWa+F1a9vszxpf83YnYS1K0tbOIMFkIhU+CY4LIlBBLCgLqyU90Nkru6NGVvTvKTEEH1\/Yrc\/vBd5uk\/ichprELFfgmL4TzExq8mduDwnb1heDsQr3F1okni9uegwv\/RZ31peJFPbZJ3wMCepwyvz1ETLF\/59upnl88Qpg9aK1TsXNGipL6fERKDPXxHTs9+QsMTtN2cE5PobH8zCUh2GGkcsrvxJkH9u4EG7c4Jr951eXXv7kJarEvQVZs1SZ3IZGfs7z6Y1boPaea+y1TAKuUyfZ9rR+OIUEvY2BINVH9eTrRHpf79Qfs9LMbcY\/zald58LMFgVK5yi8n0sCmRJSImskzDtIqrbzSYWns6CZ+9iyHoJLlGkqtehlPHgjxxraXt4wYQ9Tj2vb5+ukrUqcPjFvOZ9VC9sdWqQfuQ+lpsSxuGc8QpR4fQcgAmLxo8St5uk3qMQdDSHkWuYM8eIQTqx7Z89lXP76WJX6KRNg5tvc7DuG2eQlKr+gX9vOjn\/CrgyyvRDsN4ZLBEbfxSyWJ+qWW3igbEOdWEN9xGsZ0aRRuL8\/QdnyiJwdYBvc1mrFEnzjsWMkzAAeEJTdZfm27fqqK2LBu7kLjXP9rpwAXkVLI8r\/30qAmhDrFqnPu4sIeVrrgD4G2tJiZhDwt93Z8iIbfOMK2f0arvmXEOvYugs4S5uuHEpBoxUEQXA9PciV+6U92AGK7HyYqJXJJCOFJA6qRkhZa4REQDQJSsbiNRHlQHjAOO8Gl\/HU2sfWwa34Gi\/taT9pOyr1g5ypTP3lMPxmr\/zUsJ3gqCHLjuH5kC7+wA2NzWSYbgUuN8UFGfiFOXfO71G1aNrb8UjyLX8XTj0PMRXngOEO9XdCA7liyYzG5YuM8SOo8zb6RmulRUpe+RYekIVSBj\/mzSvxajPJpF8dgKbX18ER1qf0KWR4ipJu6MhiDqUFiKtGezT079c8f5\/q5zWzLeFqrm9S2pf7X72zreFopQvJslRRt+2i29ascshDpvF0vCHOifFMHIjiKUUn66WgHb8DOrieEGrW8VgVHKEuCMO4jpMz3tJgXMTQufPCk2hwhsCQ4XIwslPC0qfrNZZ5F1s8S24isGYpn9nJYcoHL3lfb\/RhERkQeINlmYdyqrITRJqJ2uM+esurhv+cRczXIOs0V3zHnavIQbnuDShl5x4Hktkp6gvJplFA3xt0q8YtHtVVthEYvSQ9\/xq+lqiuaCXUHS13\/m8WN2\/9c7Bl1rvhf\/hwi4mGVEEKyrJL2fRiE5JOf+hcESvImAi17wDa9FQ2EmCi79VOHxVrjncYGn92icAwWHxRFyCV+\/RK5YSgEthLbbdJiXs5WA3bsWVpiiUMNStXnl35T5j2C7SA06eNzclCFEqEqgSc3pkzt1yEs7gf7OR7E5jlzVWcZ37Fjq2gbe8GCzmgv1H7CuJucW04llYOMeAdCo1f1\/y2ASGK0XEmixdk+9CCpS1+9iJDMlvAWTvLhV+IXvgWTBHFWra8jWMKDZdQls8QOb8A5rXpB+TiA3\/xAHvYtZqs4pi15ZIxfPaXFPKet70PKhojhI7Uto7S13UmJQKkdPBLdU4oy38piuWWsClE9xVboL4TvLkMER9sHaJIgjDS\/PAmURur1h9DYHmtIWei1qkyAuiyIyp\/SmpVBq7R1tdmOklLvn6W+eyzDR6o\/VWB\/1IKwxWLTVhjYslKMi8iEzpWHLQYGaOCALJPkmT1wJfjuK7VYJQ+bg6QqRVsnXbOMz7D\/ZYKMlpf+49MkeR7RHTgoYQfRIogte0MsM7yabd7FESuMhYWDfxwmcaEe3HuRQigG8stJQgCc00pVc0qyzrgtA24n\/c\/P2cHPiHKByLJ+eBnb90FWvev\/XOxBlaJ+74x\/4Br12xixzYtQJzTo4+isxTiihIaW8y7CWG3jozBDtAyfJz99yDqJS+0jc42dCSaJlFiOUI\/aahn1p\/W10xgw9q192KbEw\/qJrmx3sPzs7xidHGKOlvoZL2Vn1HzCl4JJEhr8R+q3Vh6hCpW3Ot0j9R\/DNgB1dADbXcOusTZaFokY4ePdZbRjmwKRDVlCfYwL\/eYFeegJu2fKFQ1oiWHKIcZv2Da5z8fWt23WCTPxOv7kLqlrX1pUSNrFveVDnq3SzRjli6fENskQZ1XbMw1j27aPkofvI9oe4IGfni12PAYRx3nqGsiKLbLmU375U66yPdPU77vwK6elnj8JNTupP\/Xi5w9K3VfLvdYRi7unI0OZH8zT8BVYDASmJ7BdcRA8Ugwry88HSANXoN5om\/V9FssYLjZpwy\/uRBZK1\/ZWJYY\/SEN\/kftF8pR0DCNOp1onrxUbd\/JIMZAAAA5QSURBVBMbNtViwvWD7a1TviKWQ2zvLrHlQipVdBb5lDzwKZ4K0SON+xz+e2MviKiV\/PS1yDzlFyTV+il4vYWWgm8AefgMEDRwTt5HdG5nz0HMxYUYMbFRLaJlSn2P0cDTUC62HIjh+bzhsLGhfmAI4IBRyI8Rqe86J9+HekZdVRdihEgdjSWh06hClZZi0yn8BjjgR+unN4rN3oflNtvxD7b7fad2jkwu9uAyuuFPpBqW0ev49a3Ic7NmRidtCwZYl9oN8SECXBd+5hKGC43dhr2cVwj6uc9wllSpsUEw+8iOLcXzm1soGKw3IWq8BHEHiN6LlqgoD00gN1HzyY0ECFYqP\/acGN5bKLvF5R6Re7aHQClKdF1+bYz1rWjQWH55DYZcrzDRCB\/vLiOalVXB\/Iy9fWBJIgYKNWvDOB5b8vR4qNIP\/dv+LojxiRYPkrr3LSIkEZDCSHm1SuqaLqDNQth1ZUkVFlvaMnqNUK2TUP0ci8d4qmCt7K9dpLGdy9FgQdB6l6Qe5+mXXMr4tRT1h65a7GSpwyfSo8vYrve0da9JbafL\/X4TanZF15Jb0mJ6gAJJg+Y6JrSx+HlTIWIskWSp03tE34x6AwEVJy3Hq34zBqdOwkS53\/veqoTgIKlVV3YQv08IswDrq+\/gCZxmLGa7jgvNJ4EryjY9EvanIGAcrdg5R+SoJDECgoumse2GyBho1Dt7xG9fJLVjLaIX5jwTsfPj7eBjRPcuRsxFWn0UTuukJmLDIBa7yH69gPnSnnG4\/C3bm0SrlVPXdMO3kGG2Ff+kMqeJbXYw\/s2gthk1+Y351rdmuA+HJVQUm74jNOjNLxO2f47YZIIY8Sy\/Buez3dvnZs8j\/kKV7jTwT33\/MXjTyuGUsa3HhRWAFgkzNc8i2AcKFBp2hhN9bwd27LLr0JknkEKzEOdyhcXPspfMNTbR2GGcFAsRT+GlDD6fo\/lZ2u5+jwDO2sYoMEPys58YxLVfRsOJfa7qWcf01Gg0\/b0demj08ogGMlPrMWwg\/KQuNliFjKukHvsWFZLITSEkD3e+O1WI5o6TZCFWXdhYaLbOMrSn0UY\/uRR2c2j5aKnTg1DCM36ECyCEvuDyLIIXN2CXlIbEWJ5GzchO+qm1PHUXYRAFe4Ngu8TPbIHZin5irVATvJgeYiHhfBVmRqWnivVKABH93NuokTxEagtPJEiZbMc8+Cf1+dvore1Bz7H06Os+q6BJBhpT+BXYUHzyGEmLgV6oxPqh4fKw7KDksIluF7niAimqDjZIXQl2UKj\/Gozojz1ffYEUT\/8RSNHQMS7oGfx4PPod0aWXI5Z8a4eTWD+3MJt5e0tPOMS+C1U8fTq\/GkFrjaJlKxD1Jgm4QaWSNOAhGtxcDG0M8X1dBsrOwvtT+qF55FKyUP8RqcvXLOHfPC1eqN1S6vFddpvsk9zsecOfHVkJ7cXm\/e290myzesEJ4u9QZA8iGPSljtF6QjjIy37\/UaznFEJCCJlhnVzaaJZztHu4wFpZ30A7gkqyGUMHyt1Q2fSTi1DzQQ3smg8lHu8RtAhg08tHGzaUHR2EjleYq+LzDJ5h7jqmaDHj0ESGOz3XPbUEAiB5S6nXcG3dIn5xop463hjFRVJvfYsCSTtPhXDI01yJxePdLnbeC4tt2LnQk6apG+OghO2cDkep9\/MGI2zfl9isdScjm+t4E8vDwnKV4KkYPgJW47QMPH7ncuWKNOA3WjEQNvhYItJxTywe3S5iU1Qp\/fSX6iKcutPq\/yLSBpaQRGxb4M1AeIo6oujAUxSW3CFrxMhqvqpAny5vwkl1xQVCsOgYVNsG2kNLT8CF\/QSYut9QvnnJeGHaIXL34UZLFjcFfZwPN2X7t\/hhLxsuT32BGtv7FRyl1h0Nynk5+h3RmUiKnvAbvltQ9zzCBSNu\/z87843Y3k2Q9YzD4aMw2UQny2v7LEOmC7WHyI\/Plp\/8HI5St1HiQ828miT1GkuYpa5qpZ9aL0Z9JDzYX13dHiLNiFGz5YE7aUANZ94gl4u9Pcu94G+fv4BTpkU4tFfm2z1Z8FjqWF\/butqzCDnDhElPov7wtGM5ZcaZp5+DsKPfQKXY6n3jCcf2TwQlkQascGR3fw61Uvch2aQ83iMsbhoSaTEAjnrSR9p3K+BEqD8Z18LJGz3IeDkOZ\/cBHY1RINy8umo58a6NSLzJ5xQsGDgfLmSvRXJJ6rVvISKpgAMQOCnElBerlKEnog2iVlQCcCrDJogY3gjBgglUqZlZb3wls71xYOaFB8rl\/iAG7Iaqq5\/CF3DAOrgkQRZq9RZbTScCYQmzhUotpK6L4QOmbN8somRDnN0nQz+Iq0Va6Yq2uZ+6ZASt2QCywgMXlbk9SanK7MASyIrtnoEj7IPAU5RWW2D8osJHFTR2PKLbPwnnRtJTNsIJV0vSwJKwe6pEB5HMduhMyRHZbr\/0BNziLTGaHRioxcb7Zs9n30MYpvUITBvHCKGC+t8Gvl\/gzmLTDyBZzRz\/efpGnBnVra8sraOfy4SdGrwryrysxbdnu\/+CRh5wOPWzvfMNuKD8WrzycRD784wLWc9ZzpT\/hrFdE8XICXK\/zeyPd9jWsWLDkfKALULwo8ZbAi4dndg7gRfaA\/7G\/KXEAH7pR9v0YFJ6FJEJLdNDi+usH8mELu4iIJ0bZ4x3SoWgUMiKzdBG+EuZbNciWNGLbSOgJeg8zEekbkliWEXsqCN0MGfP0nwo8nSPNKipJyehd7zqFXhpW10xgVbFO4gGHYC1ML+6Dc5dZOQZ6KMk19bxDA0At81qRayhXrRR4ennsTGx0MplcHpVL8hdUi99wbmxDc3frSOJe5dW279fs3NSaIe8rOACCPhorhBtQ3UNQINJ7Mjr8EoF222fQDWzr2yhOGU5fg1D+Mk2iyJ3HOCCdzrwVKg9HxzheOYpiRFv8EtHhPAXiRwgBPcSIl4SQvoQS3kPbTUs01Y3Ave2ZUKa+m0VyLLdr4K7UazHlPm4CmOxISwWm4ltd0odW+EZzL33equC2mT2B8wgBuX+TQAtF4L9lKm26VPhvxC+2ngbiyU4i\/y\/ldjMNo8ljLaOe0GZh5syXtgr5wpX7r5jRxPbejAZRJxrmz6Xlp\/pKWgiDuWafAEC18wpscMIgn7iFVrja7lHhJ48GbL82mckNdoyEqafnnAIxIUG0efaPkS\/mz1WVXcs8Zf4xUM0sKH08BZaNpRfTIRnhtzjKC0HG3heU272pEduKkkL3PHXz6zH\/rZZ4EaReqTSqjBfhhvblwjsyBRt9VRcNLXrwHb8Ex5U4B\/0ykRWBc\/cBO5LQvcp8yjqMOj8szlvmbIDH0FDsemgrObw39M9UvEATK\/Qxb6kPhGHW15LU5faNXbneKn\/eaHKGuzurGOwUYuFQqzyOS6KhXrL5D4tecZ+LHRq2QhsAawMhAf\/SYSf9WNXpUGL2EkPkvKMeLe+uPgtLCS1mFa4QKGH0e57cLrg4AVIebFKFrlPjLr6XSKGCg++ILXv4BhGqiu23JQdeJaWaSs89BYtX5Wwm\/zmJfQ+8Aq0RhuxUUdaCiH2mkRJegT9iJgohRdbjFO3Y4BQf4ieahMajJNaAw8KLd+VyFFSt4n4ouPlb1GN4IsQdVrQKm2liK7ZGBk+VI9VOIROhYgPxEaORagxKL4f1CZOP3aWVuwothmZE6PJReSyjWmZnkLkm3ZMFB\/sIVlffaH6YaFxf55WVox4RWzW1GDD39EXIO59aZXONDBIbD3N8XPQUiHIfIspUuvW2NgPDq3Fli8LNSu5k\/VYQgMby302GFW0QpjcF+eevpMze4pH\/GmlDrTMbhr6vNTxOZi66qnV\/IsgVqVV0JLqZxV58FmhdnXfbBi1+sGFcEIrv0SrhQkP9hAfquvUy9JBbDc0W\/PtVR7vkQgxsp+eWk6MeMn+YodCK3UlpRwaS4gHHaPl+osdxumHknMrngdt1I\/T8s8Q\/W9+bYdQ6x3rmz3BraYneZDUQ187u4WFpPTwTLY\/2jLsm+zbzQmogmYo5zwxMXHbtm1RUVFhbq6fgpK93f2Md8mkfpdzT3kMJnxU3W4uzfHuDgRgL78qv9Qb3hG5O\/i927j0a3Dy4lcq\/kKn6fE\/glPW3SShv8ZrVfGXy+TwDiDAMzbiVnLzKXdgbHNIOwL3glXSUxaAUwZe73a\/pj6q3BubJSYCgIC2dTw6kjq1NNG4UwjcA1YpTftuCuzre\/IQ+6i6U4Cb4xZrBOANI9hXlbovKlxHSbGWufgxd7dbpQx1WVV+9XnL8y+6Yeujyq2tWWAiADuSlzconw8T6q4Xm9s3H01M7hACedmDu0OseR9WP71E2xRDK1j1I\/NppRnWKfi7EyP5qMpqYv43EXBCQNv+in5KokKcfup3se1eqWOkU7WZue0I3H1Wie0fq63D12f4hY4uH9byUXXbgTUHvDsQUJdRfBkYUuXX5Rc3ZX\/b6O7g\/h7l8u6zSmLYFCH4H8Tq4ff0Pqru0ctninWrCEi9U4hGaenKXn86c6sjmP3zjcDdZ5WIpQr8KsVz8lHluYNZer8jQMvUuN8hKH7y3+3e7uKHqMmRiYCJwK0hYFqlW8PP7G0iYCJQ2AiYVqmwETXpmQiYCNwaAqZVujX8zN4mAiYChY2AaZUKG1GTnomAicCtIWBapVvDz+xtImAiUNgImFapsBE16ZkImAjcGgKmVbo1\/MzeJgImAoWNgGmVChtRk56JgInArSFgWqVbw8\/sbSJgIlDYCJhWqbARNemZCJgI3BoCplW6NfzM3iYCJgKFjUDOr3PPnYMQKmYyETARMBEoWgT8mhq0SqKIMReT7alo2TGpmwiYCJgI2BEwzI5HMNAqhYaGwpEx5rGFWWgiYCJgIlC4CIBJMsyOR7L\/HwFPjd8id2svAAAAAElFTkSuQmCC\" \/><strong><strong><span style=\"color: #ff9900;\"><br \/><\/span><\/strong><\/strong><\/p>\n<p>\u00a0<strong>La Lecture Verticale est \u00ab\u00a0une m\u00e9thode de lecture qui nous apprend \u00e0 \u00e9crire.\u00a0\u00bb<br \/><\/strong><\/p>\n<style type=\"text\/css\"><!--\nP { margin-bottom: 0.21cm; }\n--LaLectureVerticaleest\"unem\u00e9thodedelecturequiapprend\u00e0\u00e9crire\".\n--><\/style>\n<p><strong>DANS NOS ATELIERS LITT\u00c9RAIRES\u00a0 <br \/><\/strong><\/p>\n<ul>\n<li><strong>Vous d\u00e9couvrirez\u00a0<\/strong> comment est \u00ab\u00a0tiss\u00e9\u00a0\u00bb un texte litt\u00e9raire.<\/li>\n<li><strong>Vous comprendrez<\/strong> l\u2019art de l\u2019\u00e9criture.<\/li>\n<li><strong>Vous multiplierez\u00a0<\/strong> le plaisir de vos lectures.<\/li>\n<\/ul>\n<p><strong><\/strong><span>Suivez avec nous les pas de l&rsquo;\u00e9crivain dans son processus cr\u00e9atif. <\/span><br \/> <span style=\"color: #808080;\">Plongez dans l&rsquo;aventure de la cr\u00e9ation.<br \/><\/span><\/p>\n<p><strong><\/strong><span style=\"color: #808080;\">Ne manquez pas l&rsquo;occasion d&rsquo;acqu\u00e9rir une technique qui vous <br \/>donnera <strong>la <\/strong><\/span><span style=\"color: #808080;\"><span style=\"color: #808080;\"><strong>cl\u00e9 de la cr\u00e9ation litt\u00e9raire.\u00a0<\/strong><\/span><\/span>\u00a0<\/p>\n<div style=\"border: 1px solid #FF950E; padding: 10px 20px 10px 20px; width: 300px;\"><span style=\"color: #808080;\">Si vous voulez participer \u00e0 nos ateliers<\/span><br \/> <span style=\"color: #808080;\"> ou vous voulez en organiser un, appelez-moi! <\/span><br \/> <strong><\/strong><a href=\"http:\/\/www.lecturavertical.com\/zeneida-sarda\/\">Z\u00e9n\u00e9ida Sarda <\/a><strong><\/strong><span style=\"color: #808080;\">+ 34 699 455 946<\/span><br \/> <span style=\"color: #808080;\"> ou bien \u00e9crivez-moi \u00e0<\/span><br \/><a href=\"mailto:zeneida.sarda@gmail.com\">zeneida.sarda@gmail.com<\/a><\/div>\n<\/div>\n<div style=\"float: right; width: 144px;\"><img decoding=\"async\" loading=\"lazy\" style=\"margin-top: 40px;\" alt=\"LA-PELL-NEGRA1-187x300\" src=\"http:\/\/www.lecturavertical.com\/wp-content\/uploads\/2013\/10\/LA-PELL-NEGRA1-187x300.jpg\" width=\"120\" height=\"193\" \/><br \/> <img decoding=\"async\" loading=\"lazy\" style=\"margin-top: 20px; margin-bottom: 20px;\" alt=\"2076_FRANCESC-MACIA-EN-LA-INTIMITAT2\" src=\"http:\/\/www.lecturavertical.com\/wp-content\/uploads\/2013\/10\/2076_FRANCESC-MACIA-EN-LA-INTIMITAT2.jpg\" width=\"120\" height=\"173\" \/><\/div>\n<div class=\"alignright\" style=\"width: 160px; margin-top: 70px;\">\n<div style=\"font-size: 10px;\">\u00a0\u00a0 \u00a0\u00a0\u00a0\u00a0\u00a0\u00a0\u00a0\u00a0\u00a0\u00a0\u00a0 Nos engagements<\/div>\n<p><a href=\"http:\/\/www.casaemanuel.org\/\"><img decoding=\"async\" class=\"size-full wp-image-3466\" style=\"margin-left: 45px; float: left;\" alt=\"Casa Emanuel\" src=\"http:\/\/www.lecturavertical.com\/wp-content\/uploads\/2015\/03\/Casa-Emanuel.png\" width=\"30\" \/><\/a><a href=\"http:\/\/www.ongamic.org\/\"><img decoding=\"async\" loading=\"lazy\" class=\"size-full wp-image-3466\" style=\"margin-left: 10px; margin-top: 5px; float: left;\" alt=\"Amic\" src=\"http:\/\/www.lecturavertical.com\/wp-content\/uploads\/2015\/03\/Amic.png\" width=\"37\" height=\"81\" \/><\/a><\/p>\n<\/div>\n","protected":false},"excerpt":{"rendered":"<p>\u00a0La Lecture Verticale est \u00ab\u00a0une m\u00e9thode de lecture qui nous apprend \u00e0 \u00e9crire.\u00a0\u00bb DANS NOS ATELIERS LITT\u00c9RAIRES\u00a0 Vous d\u00e9couvrirez\u00a0 comment est \u00ab\u00a0tiss\u00e9\u00a0\u00bb un texte litt\u00e9raire. Vous comprendrez l\u2019art de l\u2019\u00e9criture. Vous multiplierez\u00a0 le plaisir de vos lectures. Suivez avec nous les pas de l&rsquo;\u00e9crivain dans son processus cr\u00e9atif. Plongez dans l&rsquo;aventure de la cr\u00e9ation. Ne [&hellip;]<\/p>\n","protected":false},"author":2,"featured_media":0,"parent":0,"menu_order":0,"comment_status":"open","ping_status":"closed","template":"","meta":[],"_links":{"self":[{"href":"https:\/\/www.lecturavertical.com\/fr\/wp-json\/wp\/v2\/pages\/1929"}],"collection":[{"href":"https:\/\/www.lecturavertical.com\/fr\/wp-json\/wp\/v2\/pages"}],"about":[{"href":"https:\/\/www.lecturavertical.com\/fr\/wp-json\/wp\/v2\/types\/page"}],"author":[{"embeddable":true,"href":"https:\/\/www.lecturavertical.com\/fr\/wp-json\/wp\/v2\/users\/2"}],"replies":[{"embeddable":true,"href":"https:\/\/www.lecturavertical.com\/fr\/wp-json\/wp\/v2\/comments?post=1929"}],"version-history":[{"count":30,"href":"https:\/\/www.lecturavertical.com\/fr\/wp-json\/wp\/v2\/pages\/1929\/revisions"}],"predecessor-version":[{"id":5323,"href":"https:\/\/www.lecturavertical.com\/fr\/wp-json\/wp\/v2\/pages\/1929\/revisions\/5323"}],"wp:attachment":[{"href":"https:\/\/www.lecturavertical.com\/fr\/wp-json\/wp\/v2\/media?parent=1929"}],"curies":[{"name":"wp","href":"https:\/\/api.w.org\/{rel}","templated":true}]}}