{"id":1943,"date":"2014-09-10T15:37:16","date_gmt":"2014-09-10T15:37:16","guid":{"rendered":"http:\/\/www.lecturavertical.com\/?page_id=1943"},"modified":"2021-03-29T17:03:59","modified_gmt":"2021-03-29T17:03:59","slug":"ses-go%c3%bbts","status":"publish","type":"page","link":"https:\/\/www.lecturavertical.com\/fr\/z%c3%a9n%c3%a9ida-sarda\/ses-go%c3%bbts\/","title":{"rendered":"Les go\u00fbts"},"content":{"rendered":"<p><span style=\"color: #808080;\"><strong>LES GO\u00dbTS<\/strong><\/span><\/p>\n<div class=\"aficio\">\n<div style=\"float: left; width: 490px;\"><span style=\"color: #808080; clear: both;\"><strong>La mer!<\/strong><\/span><\/p>\n<p><span style=\"color: #808080;\">L&rsquo;immensit\u00e9 de la mer la fait r\u00eaver. L&rsquo;infini de l&rsquo;horizon lui remplit <br \/>les poumons de libert\u00e9. Elle a vogu\u00e9 sur des eaux calmes et sur <br \/>des mers orageuses. Elle a plong\u00e9 dans les profondeurs marines, <br \/>d\u00e9couvrant des paysages insoup\u00e7onn\u00e9s. Z\u00e9n\u00e9ida aime s&rsquo;asseoir <br \/>pr\u00e8s de la vague tranquille. La mer d&rsquo;hiver lui apporte la paix spirituelle. <br \/>La mer d&rsquo;\u00e9t\u00e9, la joie de vivre.<\/span><\/p>\n<\/div>\n<div style=\"float: right; width: 215px; margin-left: 20px;\"><img decoding=\"async\" loading=\"lazy\" alt=\"La mer\" src=\"http:\/\/www.lecturavertical.com\/wp-content\/uploads\/2014\/07\/mar_web1.jpg\" width=\"190\" height=\"150\" \/><\/div>\n<\/div>\n<div class=\"aficio\">\n<div style=\"float: left; width: 490px;\"><span style=\"color: #808080; clear: both;\"><strong>La danse!<\/strong><\/span><br \/> <span style=\"color: #808080;\">La danse est l&rsquo;expression esth\u00e9tique la plus subtile d&rsquo;un corps en mouvement. Elle est rythme et sculpture sculpt\u00e9e dans l&rsquo;espace. Elle est musique faite forme. Sensualit\u00e9 et beaut\u00e9. Dans cette ma\u00eetrise du corps devenu oeuvre d&rsquo;art, Z\u00e9n\u00e9ida y lit aussi volont\u00e9 de d\u00e9passement, t\u00e9nacit\u00e9 de l&rsquo;effort maintenu et rigueur de l&rsquo;expression formelle. Esth\u00e9tique, passion et volont\u00e9.<\/span><\/div>\n<div style=\"float: right; width: 215px; margin-left: 20px;\"><img decoding=\"async\" class=\"alignnone size-thumbnail wp-image-761\" style=\"height: 150px;\" alt=\"dansa\" src=\"http:\/\/www.lecturavertical.com\/wp-content\/uploads\/2014\/07\/dansa_web1.jpg\" height=\"150\" \/><\/div>\n<\/div>\n<div class=\"aficio\">\n<div style=\"float: left; width: 490px;\"><span style=\"color: #808080; clear: both;\"><strong>Les voyages!<\/strong><\/span><br \/> <span style=\"color: #808080;\">Pour Z\u00e9n\u00e9ida, le voyage en solitaire est d\u00e9sir d&rsquo;aventure et besoin de maintenir l&rsquo;esprit en \u00e9veil. Elle aime le voyage qui s&rsquo;improvise jour \u00e0 jour, pas \u00e0 pas, \u00e0 la recherche et \u00e0 la d\u00e9couverte d&rsquo;autres cultures, d&rsquo;autres gents, d&rsquo;autres valeurs. Z\u00e9n\u00e9ida voit dans le voyage un stimulant pour l&rsquo;imagination et un \u00e9ventail ouvert \u00e0 des coutumes nouvelles et \u00e0 de nouveaux amis qui nous enrichissent en tant que personne, nous rendent plus tol\u00e9rants et plus compr\u00e9hensifs. <br \/><\/span><\/div>\n<div style=\"float: right; width: 215px; margin-left: 20px;\"><img decoding=\"async\" class=\"alignnone size-full wp-image-763\" style=\"height: 150px;\" alt=\"viatges\" src=\"http:\/\/www.lecturavertical.com\/wp-content\/uploads\/2014\/07\/africa_web1.jpg\" height=\"150\" \/><\/div>\n<\/div>\n","protected":false},"excerpt":{"rendered":"<p>LES GO\u00dbTS La mer! L&rsquo;immensit\u00e9 de la mer la fait r\u00eaver. L&rsquo;infini de l&rsquo;horizon lui remplit les poumons de libert\u00e9. Elle a vogu\u00e9 sur des eaux calmes et sur des mers orageuses. Elle a plong\u00e9 dans les profondeurs marines, d\u00e9couvrant des paysages insoup\u00e7onn\u00e9s. Z\u00e9n\u00e9ida aime s&rsquo;asseoir pr\u00e8s de la vague tranquille. La mer d&rsquo;hiver lui [&hellip;]<\/p>\n","protected":false},"author":2,"featured_media":0,"parent":1941,"menu_order":0,"comment_status":"closed","ping_status":"closed","template":"","meta":[],"_links":{"self":[{"href":"https:\/\/www.lecturavertical.com\/fr\/wp-json\/wp\/v2\/pages\/1943"}],"collection":[{"href":"https:\/\/www.lecturavertical.com\/fr\/wp-json\/wp\/v2\/pages"}],"about":[{"href":"https:\/\/www.lecturavertical.com\/fr\/wp-json\/wp\/v2\/types\/page"}],"author":[{"embeddable":true,"href":"https:\/\/www.lecturavertical.com\/fr\/wp-json\/wp\/v2\/users\/2"}],"replies":[{"embeddable":true,"href":"https:\/\/www.lecturavertical.com\/fr\/wp-json\/wp\/v2\/comments?post=1943"}],"version-history":[{"count":24,"href":"https:\/\/www.lecturavertical.com\/fr\/wp-json\/wp\/v2\/pages\/1943\/revisions"}],"predecessor-version":[{"id":5351,"href":"https:\/\/www.lecturavertical.com\/fr\/wp-json\/wp\/v2\/pages\/1943\/revisions\/5351"}],"up":[{"embeddable":true,"href":"https:\/\/www.lecturavertical.com\/fr\/wp-json\/wp\/v2\/pages\/1941"}],"wp:attachment":[{"href":"https:\/\/www.lecturavertical.com\/fr\/wp-json\/wp\/v2\/media?parent=1943"}],"curies":[{"name":"wp","href":"https:\/\/api.w.org\/{rel}","templated":true}]}}