{"id":1947,"date":"2014-09-10T15:38:50","date_gmt":"2014-09-10T15:38:50","guid":{"rendered":"http:\/\/www.lecturavertical.com\/?page_id=1947"},"modified":"2017-05-04T11:14:21","modified_gmt":"2017-05-04T11:14:21","slug":"les-publications","status":"publish","type":"page","link":"https:\/\/www.lecturavertical.com\/fr\/z%c3%a9n%c3%a9ida-sarda\/les-publications\/","title":{"rendered":"Les publications"},"content":{"rendered":"<div style=\"float: left; width: 430px;\"><span style=\"color: #808080; margin-top: 20px; display: block;\"><em>\u00ab\u00a0Zola, Flaubert, Proust m&rsquo;avaient appris que <br \/> l&rsquo;on ne pouvait \u00e9crire que sur ce que l&rsquo;on conna\u00eet<br \/> profond\u00e9mment et qu&rsquo;il n&rsquo;y a que deux mani\u00e8res<br \/> d&rsquo;acqu\u00e9rir des connaissances: \u00e0 travers une <br \/>minucieuse et vaste documentation ou \u00e0 travers <br \/>l&rsquo;exp\u00e9rience propre\u00a0\u00bb.<\/em> \u00a0\u00a0 \u00a0\u00a0\u00a0 \u00a0\u00a0\u00a0 \u00a0\u00a0\u00a0 \u00a0\u00a0\u00a0 \u00a0\u00a0\u00a0 \u00a0\u00a0\u00a0 \u00a0\u00a0\u00a0 \u00a0\u00a0\u00a0\u00a0\u00a0\u00a0\u00a0\u00a0\u00a0\u00a0\u00a0\u00a0\u00a0\u00a0\u00a0\u00a0\u00a0\u00a0\u00a0\u00a0\u00a0\u00a0\u00a0\u00a0\u00a0\u00a0\u00a0\u00a0\u00a0\u00a0\u00a0\u00a0\u00a0\u00a0\u00a0\u00a0\u00a0\u00a0\u00a0\u00a0\u00a0\u00a0\u00a0\u00a0\u00a0\u00a0\u00a0\u00a0\u00a0\u00a0\u00a0\u00a0\u00a0\u00a0\u00a0\u00a0\u00a0\u00a0\u00a0\u00a0\u00a0\u00a0\u00a0\u00a0\u00a0\u00a0\u00a0\u00a0\u00a0\u00a0\u00a0\u00a0\u00a0\u00a0\u00a0\u00a0\u00a0\u00a0\u00a0\u00a0\u00a0\u00a0\u00a0\u00a0\u00a0<\/span><span style=\"color: #808080;\">\u00a0 \u00a0 \u00a0 \u00a0 \u00a0 \u00a0 \u00a0 \u00a0 \u00a0 \u00a0 \u00a0 \u00a0 \u00a0 \u00a0 \u00a0 \u00a0 \u00a0 <strong>\u00a0<\/strong><strong> <\/strong><strong><\/strong> <strong>Z\u00e9n\u00e9ida Sarda,<\/strong> <em>L<\/em>a<em> Peau Noire<\/em>.<\/span><\/div>\n<div style=\"float: left; width: 144px;\"><a href=\"http:\/\/www.lecturavertical.com\/wp-content\/uploads\/2015\/11\/unnamed.jpg\"><img decoding=\"async\" loading=\"lazy\" class=\"alignright size-full wp-image-3976\" alt=\"unnamed\" src=\"http:\/\/www.lecturavertical.com\/wp-content\/uploads\/2015\/11\/unnamed.jpg\" width=\"131\" height=\"200\" \/><\/a><\/div>\n","protected":false},"excerpt":{"rendered":"<p>\u00ab\u00a0Zola, Flaubert, Proust m&rsquo;avaient appris que l&rsquo;on ne pouvait \u00e9crire que sur ce que l&rsquo;on conna\u00eet profond\u00e9mment et qu&rsquo;il n&rsquo;y a que deux mani\u00e8res d&rsquo;acqu\u00e9rir des connaissances: \u00e0 travers une minucieuse et vaste documentation ou \u00e0 travers l&rsquo;exp\u00e9rience propre\u00a0\u00bb. \u00a0\u00a0 \u00a0\u00a0\u00a0 \u00a0\u00a0\u00a0 \u00a0\u00a0\u00a0 \u00a0\u00a0\u00a0 \u00a0\u00a0\u00a0 \u00a0\u00a0\u00a0 \u00a0\u00a0\u00a0 \u00a0\u00a0\u00a0\u00a0\u00a0\u00a0\u00a0\u00a0\u00a0\u00a0\u00a0\u00a0\u00a0\u00a0\u00a0\u00a0\u00a0\u00a0\u00a0\u00a0\u00a0\u00a0\u00a0\u00a0\u00a0\u00a0\u00a0\u00a0\u00a0\u00a0\u00a0\u00a0\u00a0\u00a0\u00a0\u00a0\u00a0\u00a0\u00a0\u00a0\u00a0\u00a0\u00a0\u00a0\u00a0\u00a0\u00a0\u00a0\u00a0\u00a0\u00a0\u00a0\u00a0\u00a0\u00a0\u00a0\u00a0\u00a0\u00a0\u00a0\u00a0\u00a0\u00a0\u00a0\u00a0\u00a0\u00a0\u00a0\u00a0\u00a0\u00a0\u00a0\u00a0\u00a0\u00a0\u00a0\u00a0\u00a0\u00a0\u00a0\u00a0\u00a0\u00a0\u00a0\u00a0\u00a0 \u00a0 \u00a0 \u00a0 \u00a0 \u00a0 \u00a0 \u00a0 [&hellip;]<\/p>\n","protected":false},"author":2,"featured_media":0,"parent":1941,"menu_order":0,"comment_status":"closed","ping_status":"closed","template":"","meta":[],"_links":{"self":[{"href":"https:\/\/www.lecturavertical.com\/fr\/wp-json\/wp\/v2\/pages\/1947"}],"collection":[{"href":"https:\/\/www.lecturavertical.com\/fr\/wp-json\/wp\/v2\/pages"}],"about":[{"href":"https:\/\/www.lecturavertical.com\/fr\/wp-json\/wp\/v2\/types\/page"}],"author":[{"embeddable":true,"href":"https:\/\/www.lecturavertical.com\/fr\/wp-json\/wp\/v2\/users\/2"}],"replies":[{"embeddable":true,"href":"https:\/\/www.lecturavertical.com\/fr\/wp-json\/wp\/v2\/comments?post=1947"}],"version-history":[{"count":5,"href":"https:\/\/www.lecturavertical.com\/fr\/wp-json\/wp\/v2\/pages\/1947\/revisions"}],"predecessor-version":[{"id":4234,"href":"https:\/\/www.lecturavertical.com\/fr\/wp-json\/wp\/v2\/pages\/1947\/revisions\/4234"}],"up":[{"embeddable":true,"href":"https:\/\/www.lecturavertical.com\/fr\/wp-json\/wp\/v2\/pages\/1941"}],"wp:attachment":[{"href":"https:\/\/www.lecturavertical.com\/fr\/wp-json\/wp\/v2\/media?parent=1947"}],"curies":[{"name":"wp","href":"https:\/\/api.w.org\/{rel}","templated":true}]}}