{"id":1955,"date":"2014-09-10T15:42:19","date_gmt":"2014-09-10T15:42:19","guid":{"rendered":"http:\/\/www.lecturavertical.com\/?page_id=1955"},"modified":"2021-04-30T17:10:11","modified_gmt":"2021-04-30T17:10:11","slug":"contact","status":"publish","type":"page","link":"https:\/\/www.lecturavertical.com\/fr\/contact\/","title":{"rendered":"Contact"},"content":{"rendered":"<div style=\"float: left; width: 185px;\"><img decoding=\"async\" loading=\"lazy\" class=\"alignnone size-thumbnail wp-image-817\" alt=\"foto-W-150x150\" src=\"http:\/\/www.lecturavertical.com\/wp-content\/uploads\/2013\/10\/foto-W-150x150-e1384365171407.jpg\" width=\"150\" height=\"150\"><\/div>\n<div style=\"float: left; width: 300px;\"><span style=\"color: #808080;\"><strong><br \/>\n<\/strong>Pour plus d&rsquo;informations ou pour organiser un cours<\/span> ou un atelier, <span style=\"color: #808080;\">appelez-moi!<br \/>\n<\/span><a href=\"http:\/\/www.lecturavertical.com\/zeneida-sarda\/\">Z\u00e9n\u00e9ida Sarda<\/a> +34 699 455 946 (Barcelone)<br \/>\nOu bien \u00e9crivez-moi \u00e0<br \/>\n<a href=\"mailto:zeneida.sarda@gmail.com\">zeneida.sarda@gmail.com<\/a><\/div>\n<div class=\"alignright\" style=\"width: 160px; margin-top: 20px; clear: both;\">\n<div style=\"font-size: 10px;\">Nos engagements<\/div>\n<p><a href=\"http:\/\/www.casaemanuel.com\/\"><img decoding=\"async\" class=\"size-full wp-image-3466\" style=\"margin-left: 0px; float: left;\" alt=\"Casa Emanuel\" src=\"http:\/\/www.lecturavertical.com\/wp-content\/uploads\/2015\/03\/Casa-Emanuel.png\" width=\"30\"><\/a><a href=\"http:\/\/www.ongamic.org\/\"><img decoding=\"async\" loading=\"lazy\" class=\"size-full wp-image-3466\" style=\"margin-left: 10px; margin-top: 5px; float: left;\" alt=\"Amic\" src=\"http:\/\/www.lecturavertical.com\/wp-content\/uploads\/2015\/03\/Amic.png\" width=\"37\" height=\"81\"><\/a><\/p>\n<\/div>\n","protected":false},"excerpt":{"rendered":"<p>Pour plus d&rsquo;informations ou pour organiser un cours ou un atelier, appelez-moi! Z\u00e9n\u00e9ida Sarda +34 699 455 946 (Barcelone) Ou bien \u00e9crivez-moi \u00e0 zeneida.sarda@gmail.com Nos engagements<\/p>\n","protected":false},"author":2,"featured_media":0,"parent":0,"menu_order":0,"comment_status":"closed","ping_status":"closed","template":"","meta":[],"_links":{"self":[{"href":"https:\/\/www.lecturavertical.com\/fr\/wp-json\/wp\/v2\/pages\/1955"}],"collection":[{"href":"https:\/\/www.lecturavertical.com\/fr\/wp-json\/wp\/v2\/pages"}],"about":[{"href":"https:\/\/www.lecturavertical.com\/fr\/wp-json\/wp\/v2\/types\/page"}],"author":[{"embeddable":true,"href":"https:\/\/www.lecturavertical.com\/fr\/wp-json\/wp\/v2\/users\/2"}],"replies":[{"embeddable":true,"href":"https:\/\/www.lecturavertical.com\/fr\/wp-json\/wp\/v2\/comments?post=1955"}],"version-history":[{"count":8,"href":"https:\/\/www.lecturavertical.com\/fr\/wp-json\/wp\/v2\/pages\/1955\/revisions"}],"predecessor-version":[{"id":5948,"href":"https:\/\/www.lecturavertical.com\/fr\/wp-json\/wp\/v2\/pages\/1955\/revisions\/5948"}],"wp:attachment":[{"href":"https:\/\/www.lecturavertical.com\/fr\/wp-json\/wp\/v2\/media?parent=1955"}],"curies":[{"name":"wp","href":"https:\/\/api.w.org\/{rel}","templated":true}]}}