{"id":2799,"date":"2015-01-22T18:08:48","date_gmt":"2015-01-22T18:08:48","guid":{"rendered":"http:\/\/www.lecturavertical.com\/tres-motius-per-escriure-2\/"},"modified":"2015-04-03T17:15:56","modified_gmt":"2015-04-03T17:15:56","slug":"tres-motius-per-escriure","status":"publish","type":"page","link":"https:\/\/www.lecturavertical.com\/fr\/coaching-descriptura-2\/tres-motius-per-escriure\/","title":{"rendered":"Raconter sa vie"},"content":{"rendered":"<p><span style=\"color: #808080;\"><strong>\u00c9CRIRE SUR NOTRE PROPRE VIE? <br \/>POURQUOI?<\/strong><\/span><strong><\/strong><\/p>\n<style type=\"text\/css\"><!--\nP { margin-bottom: 0.21cm; }\n--><\/style>\n<ul>\n<li><strong><strong><strong><span style=\"color: #808080;\"><span style=\"color: #ff9900;\">Pour le plaisir d&rsquo;\u00e9crire<\/span> <br \/><\/span><\/strong><\/strong><\/strong>\n<p>\u00a0 \u00a0 \u00a0 \u00a0 \u00a0 \u00a0\u00a0<br \/>\u00a0\u00a0\u00a0\u00a0\u00a0\u00a0\u00a0\u00a0\u00a0\u00a0\u00a0\u00a0<span style=\"color: #808080;\"> -Faites de votre r\u00eave, une r\u00e9alit\u00e9!<br \/>\u00a0\u00a0\u00a0\u00a0\u00a0\u00a0\u00a0\u00a0\u00a0\u00a0\u00a0\u00a0\u00a0 \u00c9crire un livre vous tient \u00e0 coeur depuis longtemps mais vous ne savez oas<br \/>\u00a0\u00a0\u00a0\u00a0\u00a0\u00a0\u00a0\u00a0\u00a0\u00a0\u00a0\u00a0\u00a0 comment vous y prendre. Raconter la propre vie est une bonne mani\u00e8re de<br \/>\u00a0\u00a0\u00a0\u00a0\u00a0\u00a0\u00a0\u00a0\u00a0\u00a0\u00a0\u00a0\u00a0 <\/span>commencer \u00e0 \u00e9crire.<\/p>\n<p>\u00a0\u00a0\u00a0\u00a0\u00a0\u00a0\u00a0\u00a0\u00a0\u00a0\u00a0\u00a0\u00a0 -Vous ne voulez oublier aucun des moments exceptionnels de votre vie:<br \/>\u00a0\u00a0\u00a0\u00a0\u00a0\u00a0\u00a0\u00a0\u00a0\u00a0\u00a0\u00a0\u00a0\u00a0 un grand amour, la naissance de votre enfant, un voyage merveilleux, <br \/>\u00a0\u00a0\u00a0\u00a0\u00a0\u00a0\u00a0\u00a0\u00a0\u00a0\u00a0\u00a0\u00a0\u00a0 des exp\u00e9riences professionnelles&#8230;\u00a0<\/p>\n<p>\u00a0\u00a0\u00a0\u00a0\u00a0\u00a0\u00a0\u00a0\u00a0\u00a0\u00a0\u00a0\u00a0 -Vous \u00e9crivez pour que vos enfants dont vous avez \u00e9t\u00e9 oblig\u00e9 de vous s\u00e9parer,<br \/>\u00a0\u00a0\u00a0\u00a0\u00a0\u00a0\u00a0\u00a0\u00a0\u00a0\u00a0\u00a0\u00a0\u00a0 sachent qui vous \u00eates \u00e0 travers votre propre voix, et non pas \u00e0 travers d&rsquo;autres.\u00a0<\/p>\n<p>\u00a0\u00a0\u00a0\u00a0\u00a0\u00a0\u00a0\u00a0\u00a0\u00a0\u00a0\u00a0\u00a0 -C&rsquo;est une activit\u00e9 qui va vous motiver et vous remplir de joie si vous traversez<br \/>\u00a0\u00a0\u00a0\u00a0\u00a0\u00a0\u00a0\u00a0\u00a0\u00a0\u00a0\u00a0\u00a0\u00a0 une p\u00e9riode vitale morne et monotone.<\/p>\n<style type=\"text\/css\"><!--\nP { margin-bottom: 0.21cm; }\n--><\/style>\n<style type=\"text\/css\"><!--\nP { margin-bottom: 0.21cm; }\n--Posar per escrit les teves viv\u00e8ncies et donar\u00e0 un distanciament que et permetr\u00e0 entendre moments complicats de la teva vida, certes decisions preses al llarg dels anys.\n--><\/style>\n<p>\u00a0\u00a0\u00a0\u00a0\u00a0\u00a0\u00a0\u00a0\u00a0\u00a0\u00a0\u00a0\u00a0 -Vous avez un vif sentiment de l&rsquo;importance des racines familiales et vous souhaitez<br \/>\u00a0\u00a0\u00a0\u00a0\u00a0\u00a0\u00a0\u00a0\u00a0\u00a0\u00a0\u00a0\u00a0\u00a0 r\u00e9cup\u00e9rer l&rsquo;histoire de votre famille (grands-parents, parents, enfants, petits-enfants).<\/p>\n<p>\u00a0\u00a0\u00a0\u00a0\u00a0\u00a0\u00a0\u00a0\u00a0\u00a0\u00a0\u00a0\u00a0 -Vous voulez faire un cadeau exceptionnel. \u00c9crivez l&rsquo;histoire de votre vie et offrez-la<br \/>\u00a0\u00a0\u00a0\u00a0\u00a0\u00a0\u00a0\u00a0\u00a0\u00a0\u00a0\u00a0\u00a0\u00a0 en forme de livre \u00e0 vos enfants ou petits-enfants. Vous les surprendrez avec un cadeau<br \/>\u00a0\u00a0\u00a0\u00a0\u00a0\u00a0\u00a0\u00a0\u00a0\u00a0\u00a0\u00a0\u00a0\u00a0 plein de tendresse, unique, inimitable, qui durera \u00e0 jamais.<\/p>\n<\/li>\n<li><span style=\"color: #ff9900;\"><strong><strong>Comme fonction th\u00e9rapeutique<\/strong><\/strong><\/span>\n<p>\u00a0\u00a0\u00a0\u00a0\u00a0\u00a0\u00a0\u00a0\u00a0\u00a0\u00a0\u00a0\u00a0<br \/>\u00a0\u00a0\u00a0\u00a0\u00a0\u00a0\u00a0\u00a0\u00a0\u00a0\u00a0\u00a0\u00a0 -Mettre par \u00e9crit vos exp\u00e9riences vitales vous apportera une distance qui vous<br \/>\u00a0\u00a0\u00a0\u00a0\u00a0\u00a0\u00a0\u00a0\u00a0\u00a0\u00a0\u00a0\u00a0\u00a0 permettra de comprendre certains \u00e9pisodes complexes de votre vie.<\/p>\n<p>\u00a0\u00a0\u00a0\u00a0\u00a0\u00a0\u00a0\u00a0\u00a0\u00a0\u00a0\u00a0\u00a0 -Vous \u00eates en train de vivre une exp\u00e9rience douloureuse. La mettre par \u00e9crit vous\u00a0 \u00a0\u00a0\u00a0\u00a0\u00a0\u00a0\u00a0 <br \/>\u00a0\u00a0\u00a0\u00a0\u00a0\u00a0\u00a0\u00a0\u00a0\u00a0\u00a0\u00a0\u00a0\u00a0 aidera \u00e0 surmonter les moments les plus durs.<\/p>\n<p>\u00a0\u00a0\u00a0\u00a0\u00a0\u00a0\u00a0\u00a0\u00a0\u00a0\u00a0\u00a0 -Vous ressentez le besoin de verser sur le papier une injustice que vous avez v\u00e9cue,<br \/>\u00a0\u00a0\u00a0\u00a0\u00a0\u00a0\u00a0\u00a0\u00a0\u00a0\u00a0\u00a0\u00a0 r\u00e9tablir une v\u00e9rit\u00e9, justifier vos actions. L&rsquo;\u00e9criture intime vous permettra de vous <br \/>\u00a0\u00a0\u00a0\u00a0\u00a0\u00a0\u00a0\u00a0\u00a0\u00a0\u00a0\u00a0\u00a0 expliquer.<\/p>\n<p>\u00a0\u00a0\u00a0\u00a0\u00a0\u00a0\u00a0\u00a0\u00a0\u00a0 \u00a0 -Vous traversez une p\u00e9riode compliqu\u00e9e, personnelle ou au travail. Vous avez<br \/>\u00a0\u00a0\u00a0\u00a0\u00a0\u00a0\u00a0\u00a0\u00a0\u00a0\u00a0 \u00a0 l&rsquo;autoestime qui bascule. \u00c9crire vous aidera\u00a0 \u00e0 la remonter.<\/p>\n<p>\u00a0\u00a0\u00a0\u00a0\u00a0\u00a0\u00a0\u00a0\u00a0\u00a0\u00a0 -Vous \u00eates persuad\u00e9 que raconter les expl\u00e9riences traumatisantes v\u00e9cues peut aider<br \/>\u00a0\u00a0\u00a0\u00a0\u00a0\u00a0\u00a0\u00a0\u00a0\u00a0 \u00a0\u00a0 les autres dans des circonstances semblables (s\u00e9paration du couple, licenciement,<br \/>\u00a0\u00a0\u00a0\u00a0\u00a0\u00a0\u00a0\u00a0\u00a0\u00a0 \u00a0\u00a0 probl\u00e8mes avec les enfants, violence domestique &#8230;).\u00a0\u00a0\u00a0\u00a0<\/p>\n<\/li>\n<li>\n<style type=\"text\/css\"><!--\nP { margin-bottom: 0.21cm; }\n--><\/style>\n<p align=\"LEFT\"><span style=\"color: #ff9900;\"><b>Comme succ\u00e8s <\/b><b>personnel<\/b><\/span><\/p>\n<\/li>\n<\/ul>\n<style type=\"text\/css\"><!--\nP { margin-bottom: 0.21cm; }\n--><\/style>\n<p align=\"LEFT\">\u00a0\u00a0\u00a0\u00a0\u00a0\u00a0\u00a0\u00a0\u00a0\u00a0\u00a0\u00a0\u00a0\u00a0\u00a0\u00a0\u00a0\u00a0\u00a0\u00a0\u00a0 Boucler une histoire en partant de z\u00e9ro et la voir transform\u00e9e en l&rsquo;objet \u00ab\u00a0livre\u00a0\u00bb,<br \/>\u00a0\u00a0\u00a0\u00a0\u00a0\u00a0\u00a0\u00a0\u00a0\u00a0\u00a0\u00a0\u00a0\u00a0\u00a0\u00a0\u00a0\u00a0\u00a0\u00a0\u00a0 produit une grande satisfaction. Cela prouve, d&rsquo;autre part, que vous avez \u00e9t\u00e9<br \/>\u00a0\u00a0\u00a0\u00a0\u00a0\u00a0\u00a0\u00a0\u00a0\u00a0\u00a0\u00a0\u00a0\u00a0\u00a0\u00a0\u00a0\u00a0\u00a0\u00a0\u00a0 capable de\u00a0 faire un travail de longue haleine, sans faiblir, avec r\u00e9gularit\u00e9 et<br \/>\u00a0\u00a0\u00a0\u00a0\u00a0\u00a0\u00a0\u00a0\u00a0\u00a0\u00a0\u00a0\u00a0\u00a0\u00a0\u00a0\u00a0\u00a0\u00a0\u00a0\u00a0 volont\u00e9. C&rsquo;est la preuve \u00e9vidente que vous poss\u00e9dez des qualit\u00e9s<br \/>\u00a0\u00a0\u00a0\u00a0\u00a0\u00a0\u00a0\u00a0\u00a0\u00a0\u00a0\u00a0\u00a0\u00a0\u00a0\u00a0\u00a0\u00a0\u00a0\u00a0\u00a0 personnelles importantes.<\/p>\n<p align=\"LEFT\"><span style=\"color: #000000;\">\u00a0\u00a0\u00a0\u00a0\u00a0\u00a0\u00a0\u00a0\u00a0\u00a0\u00a0\u00a0\u00a0\u00a0\u00a0\u00a0\u00a0<span style=\"color: #808080;\">\u00a0\u00a0\u00a0\u00a0 De plus, vous avez entre vos mains, un<\/span><\/span><span style=\"color: #808080;\"> object cr\u00e9\u00e9 exclusivement par vous. Vous<br \/>\u00a0\u00a0\u00a0\u00a0\u00a0\u00a0\u00a0\u00a0\u00a0\u00a0\u00a0\u00a0\u00a0\u00a0\u00a0\u00a0\u00a0\u00a0\u00a0\u00a0\u00a0 vous \u00eates prouvez \u00e0 vous-m\u00eame et \u00e0 ceux qui vous entourent que vous poss\u00e9dez <br \/>\u00a0\u00a0\u00a0\u00a0\u00a0\u00a0\u00a0\u00a0\u00a0\u00a0\u00a0\u00a0\u00a0\u00a0\u00a0\u00a0\u00a0\u00a0\u00a0\u00a0\u00a0 une capacit\u00e9 cr\u00e9ative. <br \/>\u00a0\u00a0\u00a0\u00a0\u00a0\u00a0\u00a0\u00a0\u00a0\u00a0\u00a0\u00a0\u00a0\u00a0\u00a0\u00a0\u00a0\u00a0\u00a0\u00a0\u00a0 <b>Vous avez cr\u00e9\u00e9 un \u00ab\u00a0objet\u00a0\u00bb unique et irrempla\u00e7able. Votre beau bijou!<\/b><b><b><br \/><\/b><\/b><\/span><\/p>\n","protected":false},"excerpt":{"rendered":"<p>\u00c9CRIRE SUR NOTRE PROPRE VIE? POURQUOI? Pour le plaisir d&rsquo;\u00e9crire \u00a0 \u00a0 \u00a0 \u00a0 \u00a0 \u00a0\u00a0\u00a0\u00a0\u00a0\u00a0\u00a0\u00a0\u00a0\u00a0\u00a0\u00a0\u00a0\u00a0 -Faites de votre r\u00eave, une r\u00e9alit\u00e9!\u00a0\u00a0\u00a0\u00a0\u00a0\u00a0\u00a0\u00a0\u00a0\u00a0\u00a0\u00a0\u00a0 \u00c9crire un livre vous tient \u00e0 coeur depuis longtemps mais vous ne savez oas\u00a0\u00a0\u00a0\u00a0\u00a0\u00a0\u00a0\u00a0\u00a0\u00a0\u00a0\u00a0\u00a0 comment vous y prendre. Raconter la propre vie est une bonne mani\u00e8re de\u00a0\u00a0\u00a0\u00a0\u00a0\u00a0\u00a0\u00a0\u00a0\u00a0\u00a0\u00a0\u00a0 commencer \u00e0 \u00e9crire. \u00a0\u00a0\u00a0\u00a0\u00a0\u00a0\u00a0\u00a0\u00a0\u00a0\u00a0\u00a0\u00a0 -Vous ne [&hellip;]<\/p>\n","protected":false},"author":2,"featured_media":0,"parent":2816,"menu_order":0,"comment_status":"closed","ping_status":"open","template":"","meta":[],"_links":{"self":[{"href":"https:\/\/www.lecturavertical.com\/fr\/wp-json\/wp\/v2\/pages\/2799"}],"collection":[{"href":"https:\/\/www.lecturavertical.com\/fr\/wp-json\/wp\/v2\/pages"}],"about":[{"href":"https:\/\/www.lecturavertical.com\/fr\/wp-json\/wp\/v2\/types\/page"}],"author":[{"embeddable":true,"href":"https:\/\/www.lecturavertical.com\/fr\/wp-json\/wp\/v2\/users\/2"}],"replies":[{"embeddable":true,"href":"https:\/\/www.lecturavertical.com\/fr\/wp-json\/wp\/v2\/comments?post=2799"}],"version-history":[{"count":19,"href":"https:\/\/www.lecturavertical.com\/fr\/wp-json\/wp\/v2\/pages\/2799\/revisions"}],"predecessor-version":[{"id":3794,"href":"https:\/\/www.lecturavertical.com\/fr\/wp-json\/wp\/v2\/pages\/2799\/revisions\/3794"}],"up":[{"embeddable":true,"href":"https:\/\/www.lecturavertical.com\/fr\/wp-json\/wp\/v2\/pages\/2816"}],"wp:attachment":[{"href":"https:\/\/www.lecturavertical.com\/fr\/wp-json\/wp\/v2\/media?parent=2799"}],"curies":[{"name":"wp","href":"https:\/\/api.w.org\/{rel}","templated":true}]}}