{"id":2864,"date":"2015-01-28T17:17:04","date_gmt":"2015-01-28T17:17:04","guid":{"rendered":"http:\/\/www.lecturavertical.com\/coaching-descriptura-2\/la-metodologia\/"},"modified":"2025-06-09T20:24:12","modified_gmt":"2025-06-09T20:24:12","slug":"la-metodologia","status":"publish","type":"page","link":"https:\/\/www.lecturavertical.com\/fr\/coaching-descriptura-2\/la-metodologia\/","title":{"rendered":"La M\u00e9thode"},"content":{"rendered":"<p><img decoding=\"async\" src=\"data:image\/png;base64,iVBORw0KGgoAAAANSUhEUgAAAbQAAABsCAIAAACNTNDnAAAACXBIWXMAABFHAAARbQH0JmenAAAgAElEQVR4Ae1dB3wVxdaf2d17L72FjoQQCBB66C00QZAmPlHKAxULPimKD9T3BD7fewLPAlZABQQRngIiKF0hgAalhyCSAAk1EEiAEEqAu7sz852ze2\/qJSEkRCAzv\/w2u1POzPnv7H\/PlLuHGoZx9OhRxhiRQSIgEZAIFCYEVFUNDAzUNM2n0how45YtW3ymyUiJgERAInDfI1CnTh2fOmq2zVi7du0qVar4zCEjJQISAYnA\/YfAmTNnYmNjsxk0e+xJYMbg4OD7T3+pkURAIiARuBkCQI43S4J4JZs0mSQRkAhIBAotApIcC+2tl4pLBCQC2SEgyTE7dGSaREAiUGgRkORYaG+9VFwiIBHIDgFJjtmhI9MkAhKBQouAJMdCe+ul4hIBiUB2CPw55Ghuf41Fn8+uXfmSpl8U1y4SM19k3URIAVSRtWY9xdLLyJoiYyQCEoH8QsD372byS7pPOeb2wWzTYrXd0yS4vM8MeY9kkVPNDROIxR6OodcU\/6J5l5lJQgFUkalGuOQnF5ornxSXMUUNjdFCa2fNI2MkAhKBfEHgTyBHpVIg\/JBbCayZLwpkFsKP6HNri3MBStAwkaRo\/T5VquY3MxZAFZm1gusUY00zvu8wrfECdZxU289SGwb4yCWjJAISgXxCoODJUTe3TCXFZt4Ja47wSPfbIUrACueI\/vmETxYxBVBFljoJSdLn+4kLE12vvUWyuWNmCtGK+ygto+5ZBMQ1gxZz3LPNv7cbfptzjmz3s\/r8uaA6j5\/rnv4McaehIK4linOH+JlD4tzR9H\/87H62f5b+oUskjXONHplWIN\/OUvQFIcQ52THkjjEjKYAqfMBhhj0sTndxjUFm5Cfnuid3FZcyZdPZ\/g\/c75ZgUdaQO1NiTpfiwg\/6nMk55bp\/0u8RfXVjGTXmL7h\/cL\/XNMnGDrmZKrqxphGP6O6a9Bz7Y5T5wyzH89eICzKnsF0fm1vesGf6fBcWAWqn7VqH1r5T8xbLDr4pzhDHoNF5E5Nd6QKoImv14tIStmOn2novgCwSZxiLxsBvPvnJC2ojPzuzuPSDPhPfB0rNxWr9UlklZB9jhnVjO8KUoLDss903qfeSvgYRyVPEheeo51bfNzfh3lAk1+RohoXySN350gweN9lcOUvrFa9ULCquhukfdyMiRG0zn1auSZQ95opxRARoD88mLoFIaCWVsrVpxQq3i0oS27+WVnoM6rqJhDhz1XSiTFQCS98kg49ocf5XfkJVm7fxkeYj6naqyCImR0UylzA3DEJg2zWFBFpxBK0+RsTBcox3qGXuQ2bUemt9Z6jBAZkL53TNj01GZmy20dGza05574f0W9E3l73izsHiVEJG8mOz9IWzXGNvdaSVf43PdUe9c0D8WZJzSY58J1gxhI+ipXVjySQiCK1WgdxAZlRbbte6e0xCkXQY9KFlx6vNuueLYjCuhHq1AQNIRd\/yeOznYLGq7Qb7TvYZy3fqszuQYtNukRxvp4os9eaoSOYS7rX8MKFVX6GeucSr5Doh5vhUC1HcuKL1+kNt2iBzwVu8Vho7hiYr\/rl4o9yi4Ls0W4765rJX3FE11XpviRZ11TYjbrWW\/Gt8rjvqrTbxXsqXS3I0rM2J6kzz54dRS0rMZZ+ToqOJMj6VGSHa3DYNjmqrPpgnc0hh+xfwmBjksrb\/sh9LFj2L\/bZT6ztXqehpDz+8iO2\/6HhsDDGOsL2rWMROECPOrjWTrxPzilJlgFIz\/TYg3dw2BQxVtVH9dLWlsL1f8agw4veio+eD6eLxlB9ZxaI\/xjN2hkV8R8zLwqiote+NMZB6djc\/tlVcvES1skrQEKuuW6qCRc9jv\/2iPWwvkSeY2+bxqAi146dqUPlbU8Su32rDiR\/5yYM8eixcqC162Qnmzz1FYh\/ny+9586XwY4f5sc387NPpdExh0Ut49A5x9YLabBosaqdvFU\/YzHZ+I5JUR69JLPZzHlvCObifLc1nNu3h93FkcP5Xc9e3ItGtPfxJ6j3ytgH\/py9LSEbFvflyFAIZRfIutmuZSDxC1E6OAWPs1SeINH\/7jty4SIv31Ho8ivKMaOPHqcT8i6M\/XvLT69ne\/5ErHR2Dn8dUDCkscjY\/EImn5Qc6egCASea2j9LrCynYpG0LyGW3EH5a1ynk+sb0vUKYN7C4Hdxx\/NhuJejfWtubv4dYAju0QZw+LQxCSzfUWve228+ip7CtZZzPj4I+YG6dzU9e1rq8jT0ftNj4AXE\/bGmRxHZ+xWO2ktLPOvrgw2XDRS4X827UzaqRt23W\/0xdOkPj2TkRFyH0B7SurylVy0D2PD9x3qpB5agN4iyofEOp1Fdt3iwH4d5yFvLfiiToUdjBvNH4X1zdyo9XUhsGpY\/8U85zSY6uRsRBlKDlWqfexsUy5Poo7S8ljXmEBqRnn0jYcUJ4F7VRjUwqieRN+qy0nPxMkGtsX32+P8wVQhAJ00lFnFwRlxcYy56mZWYQc6f7vbQJSrb1MczHuyjPPIUnqeFGOIw0wVBNnZrxDPPtDHE1SUZyNH99hP280lPaPd1cj6dK\/eVwFMlbjUWh9kZCOwOt8Die5FxFQ31hZRzw4t39DNapjC89Dyo\/+Kpa8+gtKYKlCS4XzOufNnXLBqrBCAs0mx\/o5\/rHRA9l2FMZVhGiVLZ1xLKf97fj4G1BuxN9IbVbRVL+ZYY9B4NoSKWVxuhzqmE2ESDcr1ItSV\/o5yNblU+UckXtSTpbpkiYbN8j+9I6JmSnOLwVrJCTEMikm+t7s4iNdn6l5uO2mubG\/mznD3YkIbOVoOtEm4sTrxCc9Qh5yPjWn8ck4SU\/TdzP4\/Q3dJt3W9NyL9JSu\/nxKLXG2LT+4NEXs9vdQGn0Mj8xh7jG8UOD2TZvRd5egfnSBZYYchNy1M2tI9kvX6TlBXMB3rWw6+t\/tQFY2JTKT1rzxVYOtgM6VZRHi2J1054LQbS\/fAJZ0sPF649TSx3JpFFaRdaZzy6dKQ+K3djE+WS7fHjiUHRmlUXlemrzCtkJ9zYovXZWj0pHjjBn93EozIDfDeSY29Xq6q5Xhf26dvS\/6Hx5Mrm6D1Sm5cp5FSc8dhnG+L9grdKkRuO6NjCj2uUP1xtC+8tITDBP6Qv9qd9HFFYRgPICkQIgsN8+haPabSjRmrpev0CrY6T2+GnX+CTn2CTXxE2Zti6yP77G\/F5DVVxYgsP80AOuv+OTptR9BMunC1rLZY6nsQvSCjNcr10Fmc6xOijFY6bos0KVhtuhha7XfsESzolqCH4gPccqjG8qU8e7FPKKEH54iDF\/lmPYIaV+XSirNmh8i4pgRQcnAbupbSOgDY5hb0GMUu8pmya09j84R3qZ0ZeO2H4o22676zXhfPGgc0wM21KTOj6m1SvCBIi5pibbVlTr86PW\/3uR8Ina9k0QTsuOhgG78Y2fj2z99jiHjzBWl2W\/1XCN19VmrUG11HsEZe2Qg+KYSTe+z0EIIXH6fBeLrOv82zW4445hRx2DB4KtZ3xD2e4g1zjheuMkLYayxPlFxsLpasdX4ZxWvqB\/WILQmY6ncUmXlnvM7nLG6h5A+s7hsxxDDgAUWoeS2B\/S6YtyUr6HF6QSHO7o+6HrDbdr3DSt\/beZeoXrNd3xxATIrPWNd768Ak7U1tCqrCFOn+1im4VztAF3TW3dCnJovf\/B\/hjvfhuZkWidxaXXgAq13r8pja0Jbtd21KIrakHEIngulAZfav1XOZ434EWYFa4sGoVkakTWLp3W+F7H8YnrPRyLXD2bL08cDA7wfm2+aqusWFuWtZ79chCOLfB2hteEAr4JsvYopQRkohUqY94\/O+SWHDO3lx8\/onaMcPTEDmEFne2aAidqyzQLES5FyjqwpNR2B+wXLy2OjKMEhChB2xw9aoOlRqu+4JlWM8NZxA4Yp6t1YCLMSdST2L2ApIKqEmdZWqysVUv6QxKLmJdmqMIE6OeD1LaxWmh9c88Uwvs4enVInxvPnQ4R9xP8V9sMgo2BIBO2ksFUvfHtRKBUrTPaqmwPDl3V1raJmlMVvUOUuj85+rdFE5ju5QcbuF6PUKorPOoQUUYpgUVuTRF4r0w0l0\/WHjqudcDez7Z\/gG1o3gWOGYIvHUXSAmx\/l+PYfg1Yry4t5aaB0KoQEZcIEyCCTnZNXKU2fkitE6D1O0zLnQSZaqsBMAL1na1hMzOsPv+jg2vSF8R5AG6K2mqed+oztTkpOSkORlCOQoixzF+cGuX6xwxarihRyynV8Wkz1gTw2IGu8e9ZlFcc3xBgC1eq5Ri+l5h7IIM4+YHa+bhjwCARv87SxZ7GSRKnkgk9bmwOx1ZCKTMlo74YLRJ3wZEfeEekwH8nRmXpFYRtMJZO0fpeUhtVMbc8SdgoXz9JStJn+4uEZ1z\/\/IKWgp1WkTgpj8Z+KXGuhDZgKXK6uYXvdTpHCbVJW3FxO1Sl1GzuGBZJbqAW5HokkK\/jkafU+n1gysIXXFk0wmIZQ5bGC\/dGbHz3M2pTHMDRUoF4DGyYL0+cPr+yODXQ9dpiS+Wd\/BigN1Gpej0n4cRc35Dv\/yv0KHFhKUyma\/3WZOhRxiljWRDO0XWun1G9P+cql8PqLI3Uun2fIc7cgUhB5\/COp6xU3Vjei7BnUnXmRzZDPNh6sBXc3II0qrb1kKnx43N42fyvVkHgi4V42eSmKy3i0gZxHrnVYzWs6IZGaPA1fWElcaKVc+SKTAasJTaBbVsFvGkPVzHmRpjxzSRYnAFKxUsz3AxbhWvEzWrDVc5VODVYemK7rUbyPq7xb0EpHvspHNXmqA6EHBUh7rXQm2n5r9QW2JthBw+OFj3caonwHgwfOqYYXz+NvaotlvWG4lprb6tEiOtlNIIwaE3Uhkn6h\/MRAWvqw2c2YFu244jSYj5MmZkrJsKKtta9qS0g3bF49orfihAePwOfkz7e5lnSReIcvu+K2u0d22oG+PANWmGCUgNeFdHG\/zZBLhirWk9+Atu6OFUXQsopDbuy3zbxiI4sMBlfsVn0hbJKDRhPTCXKamPBdOfIcVadmXpFgj6nNxAirbAfFu7ElZHOv8+wsmU44BbU80QbONNup7l5PApvOppoDq3Lv9jBUeIa5gcewX54Iwzf9PDib9SDkFhjiaVF21ggX1vozeDKrJGdO8Mxc+ONOb2wopYeE4wf+gpGD2qzTsi\/eXvizC2PgxGgDfzcfrJwuh\/uRQvo\/OW0Nm2yEY6b0iJiaJXHjRUP8egNUIrteoJtuSzMi6iKGQdTSbT6bNc\/PPNRGPmnhrySY6bGs8hZEKPUG+Hp01aySPoG+oTS8gVv5ji2axNMKVo\/konjkZtSyZQdGojzld6dK2CEm9veB3tBbXbTNwnbOxvEqm2sOezLC5Calc3GvMZK8zXOYb28NWb4LxJXQpelgaNSG2msBwOKaD2esvLp7nc7wgl94E37tXZrVSSx7YuhlOPJpZaQFDPcarm1BedWFDGW94aCWjeYjYKQoM8cBP+UJh5utSLxABOyWXUUifOhv6otPW+U1MwwMvW0ahgaSqmBn5kHCCh1X\/G+OXxkM8P+DvmBYviB4Y6nr2WaykgVlVaFL8VvQYhuho1BaqvvIQhLMkSOgJec1szD9SxqAcRrMNMCTTq2CJ+i8nNsO47Hf5tRF6J1nsEj60Mk+3WlWmcYFsmsLyDbCkaa5pr54uJ4Hj9Wqapm6hU89hOcelZnGl\/MvNnmXBybg51YfLJaBwYHUMsbOKULO9ja2YOVFLYNHwet73kPj+z5GC97WMAem+\/RokstiLTDzeDKqpG3hOd\/5sYf+xjUV9sN92aLtlhpsbWYlqcnDoaA8OLBkRwO7Ag\/Pg6n7+GBDbGf0OyEm5vfhCIicaq40hR\/BVuqLDFukBLXqVaUlqhH\/VuogY3Bfve2+c\/\/n9dhdUYNos3Ni\/EF1QnJJTWY26bCuRJY145h+96EbqENQK4UiT9gz7bIFKbbzO+QWZSa\/0eu\/sCPXsq6DGJLSHe0b8YoNegci4xhu7Avql2tCbsevWAOzli\/M11mzymLwIlzrU1nz7UZzqOSwbBV8UMYCcYylx2vdW9nhn9G2C1VIS6vQtOm\/Bz7Z5EiZQOwFX3gQyK28pO3oMiNMIvyxltj8DhY4sA2iBCtdVUzDFeKUoNPHdn+uZBBqVXPzgYfPeInr8M52ryeVqmpEuCEbf0v3CatUyMWgS9wH9kAk5gkWnwcTgKOmwcjJv1\/f7NGoOnF4Hl2ih9fn7MQcwcaUyU6e2ia7zSWLSbujYhGyQe93B0LO2ppte8tcGC2AbuT1tPz5LOduKVM69SM7fvZ27hg7QmcUxYJuKUMQiZ97Ui1yWc4RwwTDheSMU+GXpFi739wPH7MNQFmLVuz3WPY\/gt2wdQj24W1qM0s\/j0515j\/X7ikVf9DtHXQG4n7Z5xmcU72bNd3r8VZzoAVnlns3Z9BZq1nuvdZdphn1ii1DfZJxsbrNkSpny9gO14HynY8NhAy5\/GJY7umgRB7ugmGFMbX78MlrTCSIlVmKzx2vTXLNB4n9F\/Z6\/zrVKXmXx1\/+cDxxGdw1B56Qa3X\/K5iRlAnv8hRJzrQSn1gPbVrTMbdHgkixuqjbhPqw2m1NfO1R2HrOBqtLGIRHGn1YrCAZS77VQloj5eVT+hf9CdFSvBTa+FSbfkYmEvuaZPgPFMQieuRW4Pq6otq87NneDRSIXUhs8B0OM7B1W+UqQjQHz+4A4ZLSqBifN0AejyPW4+lKjfjCevdUyuLSwNgRZ6ow\/nvQ9ieFHHhlqrwcFZn2+4jLHI+yFQCz8DSGzwfOSrCz+AIS6nRgscvdU\/1J9fQEKYluprbQnks4uYNST50bFDdjmS\/b0YTFT56FLaR+uEKoMfm7fCEt7j139yJnFXyRXNXB7b7rM9sNibCKAqTgOL6Pn2GH0lpn2F6yCsxG8VFIrJV9kLsisjVNSLJFFd3uae3Jq5AHheG4sGswADLHUG0zDTnUzAQxhkP5M1i0xR\/i+55JL7Yioxk+weYmw+I66fsX7IqfjjFpjZ\/zCqSSV9dJJ7DeOKkFUui0VrHL1Ov4LHHcD8pOU5clWBO1vx1iPnjasUfsqUPSfwPvGu0wmVzS39j4fO0egO4VKpd1Gf2IsUqsv0L4VJtPxSOsFzunt6bVpnjsH\/byrFJYHKm\/8KAT8yJ4ksjkJghZOzSBw+LK5gsbuhwxJ+xha1yDI60+StvT5xX5VLnjDV1ze\/ClODuUIUaYs\/2Zvc4i6St2CaA1QQ0dukf+rHfT1kxd+8BGSqPgcd\/ZXz5VKoQtrWbUi063V0v4ZmOWVUeN83oIY7hqWM066bC\/dvUlpZ5yzVxJD6EcLl9rPb4ORjpGGtWw6W5pQrZAKvVdodOrQdPWBSOZPnRl+gDXzl6ttGhN14m5rqq5jqI7eIYcS3TFios494DfArDJffUmfDIwVudx+JDKM6NNr6AkUiEUjfMmL+MkPns0GTX2HH2HEpOVcR6puGtsQaMNPnelSCThb8Iq\/MARY6K8BPbIT8\/NgiefFgUUgLWGQvXiZTp5MQ058j01FaCwCs6i46whwksRB7Vyx0FmgDCv1pEFosjIJj\/zfibQn4c2yaufkriZzhHgNXjIxstHQB5iD7ZPXUy\/Id9TvYWBYzMELJVvPZvZGMOQmi5xihP2ax\/huMppc43jr6tuLVchrW\/t5AYJ5SgFY7HPfuT7HkbtblFlIDYiW+xuHsWixyp9Tijf1Ad7rvaviPb9m9gInuSNKO+bWGZFQw6pda\/ifIjP3xFGzgf7dMMvWKGUrsmga5HibGoGMpnA50vHbPJBS9Tg\/XaMpc3wgzjEowlwKSE7X4ZFljUOkyfjZ2TbQ5g8M6CHtduu73Wh5H70eBSmw3EBG\/IirlSL0L\/4MmsGnlLeP9nbLxarybD1z3sQS6DDeR9nCMNWs5+0vP6xNmbLs017WDzk+ufb+hf+WHzGle2mpKtcL8V2Bn4TPe7MyGzUn+to39Pq9Tde8g7OabwQ0eVpv8iN5KJeV3cOA8bj9MxI2heXOs119y6jqrFacAwrX23dGCUpbUfJWcrqW1GqQ0b4rJpxYdo+W7aQ6\/Y91INmSBOzaXlH9e6w541H02llbrScn5qmylq0yAQ6+gbZix\/k6iBSq1ntQ4ZhvZplbo6KY0fFQml1KYv2XtWadmO1G8XLd9HCx1BK5YRiftpyV5KyOu2hFuqghtKrX+q7V7x1lKCBjxKkkO0h8bb7JyjImqjl\/ghAzXt8hwaa4m707fBKxb+O33qqPWFpcl\/EVFLqftMmuKcKk3fVhs9k664dVosAIW3nATT53jtKxst95Tadic\/fJqW76y2HWHvHM4sB8tmr3hQjkJo6UfVjmP4gdj0FSnVn1eCD5FrCinSQG07XKlaIa1qLUhttUFrW9uOoaUapwLFY2bSSvi88dO6Y\/BppWZVT6n0+vIjtMxQws+Lq9uUGhNcr\/fyzDtn6RXaE0vMVTOwAQ2fuslvqEoodf\/K491KgzFaG+hsOi3TnThC7ZsOiw+wUEOK9FZqt6SV2mlNu3unCKxGOTuq7YelauHRJQvmPCbet0Yexbz\/sjb+kRnmT0ug8UrdwVbbvDlJHp84ULk\/jy9tPzuoI8wdpW3ay154ao9qo7Z6Uame7p6mtu4uO6FRUVHh4eGhoaHBwcF3WdtkcyQC9yoC9q5srf+lTGb7vaqPr3bbe7nvXR2jo6Ozp778mnP0BZ6MkwgUUgQS+K6VuJMm44TG\/QVGHIsIw2XM+1dHSY73V4+V2twFCPC4OTCvDT+SuQvacqeawM8sgdVXpWHqbqE7VdGfKFeS458Ivqz6vkQgwfxuEmzqSv3g5n2pJNsxFzcgN1aMNQvuSwVBKUmO9+udlXr9KQjA78EriyvPOJ957k+pvqAqjeQxh\/A3mkvak8tFCqrSgq7HxxJwQTdB1icRuMcRQK+QG8JoWRc\/OJtWeM81afw9rlAOzcffwhqwLaCPY8RSH7vlcih9zyRLcrxnbpVs6N2JANs32lyDe\/fEhc55+vDw3amer1axveuUZr84esIPHO7nIMnxfr67UrcCQEANnqT4\/5O44NtO1o7xAqjyz67C8Tj82OD+D5Ic7\/97LDW8swg4K1Hrm2d3thYpvcARkAsyBQ65rFAiIBG4FxCQ5Hgv3CXZRomARKDAEZDkWOCQywolAhKBewGBO0GOurh2UVyDT98USNChroteD215qxFFFVSzs7ZUT7EUgS0SMkgEJAJ\/PgL5uiDD4syf\/olOMiEw9KqR+qntO6Eoi5xqbpiA+63gezxDr2X8FFCuKkwyN\/+L7f7E3rrlenVVhg+o5ErSbWXGXXIrn8TvTsNnrEJjfDkquS25spBEQCKQBwTyjRxFwlL9i4H4jaaAHoI96Bz86h1kRvB4Obe2OBegBA0TSYrWz\/YTfTswiEvr8NOkWmdauSfRmzkGTylYZkwx1jQDzxD41XjHSbX9LHAzfTtqyDISAYlAfiOQP+TI46YbC8drvQ7b31XM70ZmlMcj3W+HwOfmnSM8H0DNmJyLK7vZ4FZBa5PZ12UupNx+1iR9vp+4MNH12lt38EVy+82TJSUChRqB\/JhzNMOBGZVmOwqCGUmKviAE\/HJ4Pjefl3sH3v4Wgnu2vbfBjOLCD\/qcyXmpHMqi47rTXVxj7kVmTDC+qWh8j84MwIWA+6MpeYRCFpcI3IUI5IPlaHzfEX9l2a1VAajHDr4JHx92DBqd57p0fSk63vTlbjQH2fY3PpUgy89JDnlvmoxuKnfsVFvvLdhR\/E3bk5uEFHRbDJ+ALrPN3D6X\/Qwu1UJEygSfHmZyI1bmlQjcXQjk1XKEhxycDisNXi+QgWGcuWo6USYqgZavszwgyc98DE7v1NCRuZXBj00G95vgxNnxeNfclk2f39wwCB1aehy3pk8p+PMktn8RT7x+yxUXd\/SeDZmFXlRr8xY6I5NBInA\/IpBXcjQ3\/w1gUVu3LQBweOznsKCstgH34XkMurn+VeSmlvVzLUhp7Bia7Oj5YK4Lpi\/gXgtvFFr1lbvB2oLRvblqmEim6RuY\/blwJ0AGrdPThCfBHaE1p94NimTfZpkqEcgtArc5rBbXj\/CDP4sL29AxpnMieApMXzE\/u5sf2youXqJaWSVoiFKzPKSy6Hnst1+0h+2V5QRz2zweFaF2\/FQNwlQI4vyv5rYF5LJbCD+t65QsXuR125Ww2ig9o6WwvV\/xqDDi92I2hCWSd7Fdy0TiEfCo7RgwRrjX4qgQnO0WB\/+fp8wdc\/ihE96G2W0hUMT87Tty4yIt3lPr8agVm2Ru+4jHlnAO7mdnYtGz2K\/7tX6feFzRMlBqForq++nNvuPET\/zITx7k0WNBgtqil6cy\/JdVkRQWOZsfiMTE8gMdPdJnxjhiRBsbPyDuhy2\/gCls\/wK2d5Pa9jPAU1w\/yLZ+yk+XcA6dkt6iz6yUcYTtXcUidoIwcXatmQxuM68oVQYoNYtmVzVOMU9SW25XQ4ros1vTCjOcQ+52N3IWXvIgEcgdArdBjinmxr+ynT+k1qO2SDPlRPJWY1GovWXPzkArPA5OgcFLPfpuh4fw6mc8fq7x5fN2Kj\/4qk2OtkMipdHL\/MQc8PpIS6Pb5QzhRjhIoGXHgxtSO4AvYP3jbp6LuJrEtzUHRmJvFgFOITEoNR8HsuB75sG5Gtqfx0wB39ZWCnxvajqp6qnU3Ng\/nYKzlaDrtOKvnrpEgHC\/SjVwGPsgOj6FFYnvmztHPOfZyWQ5F\/XJjLiGM6+\/vSsTawSPqcEeTXwoYu50v9ualgOfi7v58Si1BpJp+sBPzjAWjcGYYnXF1a2Wd2y8Eqf\/w4ssgIUm6wKaOgWaaofMSgWGG9+mfXKKbX0Ms\/EuypMN3FM73rRq2CrwTket93G1aQ19IaUVwcHmw54K5D+JwP2FgPfRuVWtYvUZQeLqKOdog9vV3LgAABn3SURBVJbi+gyXuBSghnhMOZtrPP55zXD3ux3BqFRDqhjfUOp4l1R5TcSH8MND+L7jjicPsT39eNQhtQG6LRYp37OfVyrB4Y6+HUjfd8EBadbmsD++hki1VR87SVxYon8+CFw8ay3PuN\/vptT1ODLOWDBOn+8vEkY5\/7aSlr7O4y8p1WsCU7Ndq2BjIz\/Uj+\/3dzz\/u7mysThHaCV7HhO+5OzHT4x3jRPEFad\/6A\/OQMT1P4yPu6lt30RvyGVHo71phrGtxZyjw\/VZoSLpkO25W2n8tdbuYVquTMY24BU7OMlcPlntGKF1COFxk8HyUuo9Zdt0PhUxVveAb9A7h8\/C5RoTRrAZRMI8r7FwutrpVfbLe0Qs0j8er3b9WZwdwQ8cEhcnGguSHYPXG8t7khutKRTH4EupG7Vcr1\/Qv\/aDV472+Gm1RlFhElqsrPF92WyqJkpT1wRhC3UO85zYl\/IoEbjPEMjVnGOCzYyuf8wAL9Li0gqwENGUs1gFVirACkO26twaMGJ73oOj2vopGDAqdX9y9G8LI1lC9\/KDDVyvRyjVFWBGooxSAvEb6yJxFxz5gXdECvz3wYzweLOIeeg+vFENyEFuhCEzto3VQuube6bgWnmvDhifMRjL\/MWpUdjackWJWs5iRiKS1qNha24RF4e4Ji1WKiWjf+Hi0+yhsbEmgMcOdI1\/z1pELo6sJAKUyk6t32Fa7iSIV1sNwEq0UNc\/VtEyIbQKtHua8eVT2kPHHX0G+2RGHjsRmBEyADNCUbb9A5TTvAvK8a1IkjiVTOAb9JvDMU9GZsQYo4Jj+F5i7sHz65Hao+e0NjXFcfhsPWBouP6xiZbcDyaq0nC0Xda3Uv5ViHoSzXl4gQVVJU74HGFZwDmHqrFKGSQChQKBXJCjuR7Hy44nP7KBMX8aCSceU+5GmPHNJFJsGrAVpprhZtgqXPFoVhuIR23Wnf2Bn0oGFnONx219PPZTuFKbP4eRMBStYdl9ympjwXQ7JtNRXNoAFEarvmBvfDFWdMMBYPA1fWEltrm4c+SKrBtiePwMWPTQ+kzIJIrtxKqJOd45HPcDmTtmwVHrgJQnEufwfVfUbu94+IjHIvtXmED9GqsN\/djm+dB+DzsDgyNnFVf8cQOTUjtcbWGxNlxkCrCbcukUWv4rOwMu7sckpb4VbqJIOaVhVxDDIzqyw5cyyYNLWr6rUvU824WDenhDqMHl+bEFYOFCcL4CRjExf3kVk6xVspsqVRruwkLM1iRtVoSQHKrGOmSQCBQOBG6VHEXSAhYRQ8vMsNde2KGB+JCDKdcUScFYj+Si9QA7EYKOA2p4hh9407uImcS2L4YYx5NLMZ2kmOHvo+uy1I0sSiut93BIEBfH83hm5clwYHtx74jaBqe3xOUF\/BgQ0mZjXmNacb5r4ipaLqtxpZthY5DL6oNplz7Esv07cNg4Cg1bGGJzaBhkQy2gyAjQSGuGGkFgUQvgqHUbCkd+Zh6wj1L3lYwsHMejd0Kq0rQFHH0GY3lviNe6wcQrhAR95iD4pzTBt0I2imidZ9BiWID9uhL\/ZQn82HxcJi4zQ+tSCxLZbrRGwTi1h\/zwVoAXlXWnslEKFrisu9DMep95q8ixam9G+V8icJ8jcKvkyHbiryDUljhtz2PeN79DmlPqThQXlvLY9bhmDe69g8vD828s80x0ad3bmeGfwZSZuLwKTbDyc+xvQ4iUDbhY\/MCHRGzlJz2WkdrkMxyiUlgYSc4CeRyP3AQbttWgcywyhu1CWw9+8+d6Q8AaLk50rkeGyhDMHThgLNHZw2V8p7EM2ZnHLcbxZp1Z9qoOj\/8WKa\/J6\/zCen58HXJuyQe99BdrrpxFq31vD\/zZ1v8SAZtXGrGIDd6KUvSF\/jhCB5o7cdAbmfH\/jTCLx8dbQuJgVcrKHaK1rmqGLc9WkWDtiU9QcgLwnI\/A9kyFWK3PM5jGd1rW6HjbODV3z8Wkbo+xqGXistUAn0plWeBCURgyVa0TXX4oyEZGHgsXArdIjkk8NgYMLlr5srm+u7F0HK2Mzzn12w8fmxBXwvG8cjOesN49tbK4NAA3BqvD+e9D2J4UGOV5WKCzbT0RFjkf8iuBZ6w1VioSz1mQO2nFkmjE1fGs4VqReBCJ65HCgurqi2rzs2dsY426sAHsj\/E40Vm\/UWpm+4THrceTq2tEkimu7nJPb01cgRDB9uCwXW3\/EKbC5V4kIFp+t\/HFw+LCLxhl3MAjidNnB9Ey05xPWeN9E9mHlnzR3NWB7T6LKyTGEX1+CZEw2TlqLeTmMb9CEWMxSksf+Bkc+So1WvD4pe6p\/uQaWr60RFdzWyg\/kuxTEXH9FHGjDMUPG6w2fwwvMgUz3GMb+uPyum3hqu1fsHIl8d1oC4vk983lC8SZjRjpSyl+ClsObzswYN3TJsG5j6qNaH2+y\/3OKyhEBolAIUMg64DUFwDW7BsuESysC6znfCXBWFQJ8rHtY2E1gDr+C+fi3GjjC6K2i1DqhhnzlxEynx2a7Bo7jpBY+J0c7lypU9oSncT34lCRhb+oPrjeDCsNVqRS699E+ZEfvqINnO813Ky81oFFWUbf0ZfoA185erbRYaLsMjHXVTXXAS11cYy4lnXrDC2Hi+BE2ax\/BjwNpuI3jr6tYCYULVz4gY1nV2aCiEG7jG1+ResbT8t8gUX0ye73wO3kCSVohePx\/hgDlRzHBourn5L495VaC9zvPgmXtMxbrvEwoRmNScmj3VNHK0FIN+kDP7EdLvmxQWA\/wlKVErDOWLhOpEwnJ6Y5Rw7VFz6bSRGRNNX4YDJOVrTviCvjVeb4\/HUjO4BvF7W5RdywQfK3WThH0bg2Vu3ejsasspptAWR+Iu63MdKXUuzQakgxt1QhG2C1+py9np6pajOstbWMFoV87RkPoDwZJAKFAYFbI0elqRrSn8eXVpv+TW3eBp42WqE7KRaqPTQeiElc6Ej9dtHyfbTQEbRiGZG4n5bspYS8rnXAmUfCDaXWP9V2qdZHCRrwKEkOwbLl4434oYSfF1e3KTUmuF6HT4f5wJxW6krL+altptgftnD0DTOWv0nUQKXWs54qshSipR9VO47hB2Jp+c5q2xFKVdxeI25QYGG1Cy5WWKEErfoQ5d20Xq\/A4jshzyvBh8g1hRRpoLYdrlSt4M0G83cBqFHLSVqr0vqX82g1AGGU2rChlSFY6zeRbT2ktnhTbdEgrYh1pjZ6iR8yaPnHtS7PwYq5SNydHpmsivBLlWmlnlCUn9Ydg08rNatmEui5FA+ordZobS02JFdplZfV0LH2ngHiqEr9Qmk12BI\/2ALzpkqpIRPEqbnYtu6wm1LjMT6q1jpNY\/tmOJ\/+n2RG3zdCxt7XCNCoqKjw8PDQ0NDg4OD7WlOpnERAIiARSEMgOjo6e+q7xTnHNInyTCIgEZAIFAYEJDkWhrssdZQISARyjYAkx1xDJgtIBCQChQEBSY6F4S5LHSUCEoFcIyDJMdeQyQISAYlAYUBAkmNhuMtSR4mARCDXCEhyzDVksoBEQCJQGBCQ5FgY7rLUUSIgEcg1ApIccw2ZLCARkAgUBgQkORaGuyx1lAhIBHKNgCTHXEMmC0gEJALi2kX4yx8c9BQUBR+7usuCry893GVNlM2RCEgE7h4E+NEvjO+es13FOYZesz\/SenvNg88JGiuGi7gDUFxtudfnN6huT3K+lJKWY77AKIVIBAoFAub2wcbi58BhCXz8Set3LC\/MCF5I9Y9bkZT6tHIHpfHau40Z4XZKy7FQ9GmppEQg7wiA40wWtt3xvOFx1J4XieBb6cvn1S4x3i\/v5UXWnSoryfFOISvlFiYEkljUWn4Eh4e0SBlSqqFSvVWGT4LeA1jo4uIpccOgGn4fGoIwDcKuELdOy9a33GomGIsnKc325gMzEl1f2pv6LbmbmREQkORodQR5kAjcLgIs+n1zBXzxHtwiPUZubOPn4+EcvMQ5Bl23HRDdruCCKmccMX58lf++4mb1gScl8BfC4+ag\/6Va4Pk9r0EkfYPe0rtbH8POqzAf5WHAbnyx0fXPxXmkN0mOPsCVURKBW0NAN9f3ZhEblfrLHf0f9RQBxzsz6wtz8u0zI0tg+7YqdR\/zOu+8tbbcVi7wFQweMWmJF7W\/7BcXJrCfV6IzkodbCbdO3Fd43Ez229daF\/S5xA+js2Wlmu3s5LYq8xbiMd\/BKa2W7mP73qRc\/ecJm8W5B9SGQRlL6eaPzxMlQLgJzRu95a10xkbJK4lAoULA3P4UMmOzXxw9Q9MUdwQrbUbT0ra\/s7ToWz9jMf8x18\/SilxX6xe59VK3k5MDjw9SGoU7+naA4jy2Nhi8SpVGtEJdaolTAhmPCrZWXVJ4\/E4i+uSRbuxG8vOHgGdpafV22pxWJsH4oiu4hFIbvpUWh2dOtXlv81RA3l8tkhwzAiuvJAK3iIAZzjYtJsqoDMxoldXapPmhZJFT2b44R99PvN7VU9j+2Ty+LngVtusR5zeZm74U1yktUk3tMkkkr2bb0PkwP7ZEXNUo0QWvpbXxjED56c380A5xw021ymqbZ2mpC8bq8eRqK8eAMalDSHFhifmT2zEY3cChnIT17Oevhf6Ao9d\/vG2wUwg\/OhdcszkeQmaEYPtcozXSDZxpqHOkzftuAk6Ui7TJ7E0IjNzfl\/MziVBcqdRXbd4MTmCDjrn2bVJqpKPngyjXjtm8XG39f5YvvCRx7DDhz1jklcJ2fcyPnVACwbFwbTszIUnm1o\/40QOK\/6ta59YQySI\/YLsPa\/0+gelOfnQh27ZRmKWUB6ydNjSGRXwnTNtpKDgcjePHPxJnzzqG2j5NvSJv678kx9uCTRYq9AiYW\/8FGKhtRt4cCR18uKMTXWCo82+r5awBqbndXPV3WnoO6WHFx040lk5R6o0ViR8KNkqpNdr8aZ4tkO972j5R6lv+dUmsPj8InUF6A63+GN9UDx1qkkXG0uqOIZazTL5T\/3wQeJEk7ieByNgfo8D9ul2Cnx6nlvPzlsb\/PPZXcCnKT19SArFtVC2LR82nn8kEcR3SsFRqYNFTzBUT0Q+z5dicKyaQo0j8Sp\/7FOZR6hMvOZo\/P8j3X1Gb\/F9qWVKyPvi412dXFucxjh8+rTZaZTFvrP5hELhihsDig7XOIcaaRnyfBaL5Ptv9Qio+7DTmIWyJuX6JdWYdRIDS8N+OAc9YLvPSom\/vTJLj7eEmSxVyBFL4sU0AAa34gAcIlsCPH7HPhanTYg2I+SE\/PlFtt5\/99gNxm56ky6ewlL\/lOhhMpPVTYIDp+MsHhLwD40FipqhNxrs\/rE9uDHS+PI9o6BKXFitGeLR7en2gVNcbz4HvT+PbKvxwDaUGN9c1cQwYZix7jh97RVzqjx4olaa0ChGn6gPR8PgZwIyOocm0yFJ97ghPOzP8S4IrnnDOIsckfnIHXp4JE1cFMd3i0n7ieETrEIIlbsTjakxwJzy3Atv9LPCUY1AylAVbFRhZqQt8n2J8\/ZTabRH7eWg6JtXJ9Ss4X1mpKBY1D4D3YFo1SV9YWVwZ53iqm\/H1w0Q\/LUxCXSnwAiClv3KN\/YvxTQl+AhrzDo\/orj36hLlyMtv3T753ntppNS1RQg1uxw6PBe3Ultu1Lg2FroNgqpUgTs9Su9XGvB4kOeYVQVm+UCJwlaTAcDGAli+G6vNI9zsWiaRiUWyaY3Coc0Q3tqseZEtdx+BxP0MWpXagldFFioMT9r3G19977D4Nrv1pUSJoI1oKJFvCwTJbYtHlq8CMEK6KhCTC+1NncUe\/2UrtOkrQazzmOPs9VgutjannwZ6FnAnGl2PU0BjFvzSP3YseyetkMBtRUpH6asulaftpkGEI+7kP\/oMgArQnRntOYU9PuiCSFgAzqu0O2CanuPw7JNLylcFvuhq6R22WwjbCikhzb4mT4LeduB5LPyQX8VNp8QmucZOBT1Ffu+qDr4lTA12ThsHIGl29t3yMKGcdz3biJ58BUXzvR9qj59Tg8rZYWroKVlqjHtGKU8Qt\/4P8hUz+YyolFgIESiCvkeMeTVlJtfP\/HEN2O58\/orZ7BCKVeqFKpZ44uDPgEStLXJqVM4VFzMcT1TZwimudcTGBH39U\/8o7NrQNq2JpSzHARMAUSsu\/WxKISPkFLC9SNBBIAZgRhbV5BYVEb8Fj7BTi7qJ1bMoOvgeXSmXN3D7GWPqpY8iK9NwESRC0zt+n\/S6Fx6JY1zjXeN05Nsk1\/qprwjE1yMNE4sxuyK8E1LLKwXLw08C2WlsYGmNg+6zVZ7+KhJTDaUdmUV1RT1kevx6sTloMfcdDEEkH7RPH08CMEMA6Bh3a0eJxbP0sWjlUnP9Vn+FHy8+BtgGGStWiJBnIldDK36cyI1zyI5ux4J0MkhzvJLpS9n2LgBstR0rE6UuooqOW1m4I2Eq0QqBSqwVEKP71LNVhrBpDeB1qzeOJpHk4aZhuQ4xSc6L2EFpn4tQgFn3eKoI2Gq1uL4NgBNv5KRy9Aomx\/FG8rNEM06ygVOsD\/0VCJCFxxtL3tUe+BR4Ux7dCpPFtTfZrivNvhm3i2fl9H3XLNhRlYWRKi8Exoy2mCixVxOJ0MxwtwSIP2mwrLi\/gUbj6rFQrZUvmcdvghJYtZ1+aq8fgZZUm9qVIOQ4nSlAYTgJAsF8G5VoT8zBMNYpzo\/XZHZR6vzhHPGcl40FciYGj1g13FKWFG3FQqVrDlpIWnY9nkhzzEUwpqvAg4IIZQghs2+JMOuN+QAjUsp7gBP4XbYRLyTxS\/+wlTAIrqUiC+au9zELUFp+onfpBND+IJpVIsSjS9BbHAknWwBypBxZYYPs0hhJVePxSftSiZiUI5hmJMlOf7U8rL1Yb+eGw1JpAhHGoa9w8WKRmu\/7PS75W8SwHfmotxCk12mZJwQh+KIwIWI8uw\/YvEtdwXcbLzrHGvKcxh6hGi140w5bjOYG1G5hVrAZH+C22veSiVK\/OTy7kJy+JFFhBAsvaw5XsEC5AaX2G8DNIqaTYNNcbQusG74ZoY\/EnGEOSxOkkwgaiCZkuiCsX4ApmKu9ckOR457CVku9jBIqrHUeCeiJ5tLF6Xaqe8MUaFgH7AUMUf2tQyRNwrEpuiOSt7rdDlCZfAovRUpWBMviBM4Qlicv4cGstBqMEDelWnNuJ50X8iNiofzQRpuT4uRhcU46LwTWQH9aqbdEQU6olGl8OtIsQUlyp0hrN2HMBzr8OxOKkBC2JW6xFAlIpj5tubniLli6LKT6CLq7vM1e\/D83WHuzoIx2jgKC7iOQF5sr3xcVouBbnolCp94JI+f9Q0LVkG\/b7SLb\/LCZdOIolriWyHf3YxgSt+yS8dO43Fj1JtBLi1AbgWeqHo2xx6Qfzhy+VZjuUqiotXh2zsaMCTHJYyJ5fX1y2R+LWWrj9gsEcdkhAxgRGLk7MdUM9LwlvWn79hzeaDBIBiUCuEVDrvcWqzwI7jv\/eyx3VVKlWi8d\/Z29qSZPF4\/Fcn6zPmox7rXsJ93\/hehLb3Mf5Sj33+364BNz0bXHhfdwv+XArSKOlcJshj6jv3otf8QLio+XqiLjD5so6EO8YfJ043mLbiLm6BwhM\/SiOUrs9i9ihdt3gnVh0Uv+G5Nhm9lsz9huUI1rfeCAgPMsYxKV1+sxenji6V5\/b3\/Xyaq+QtKyCUaJsNhZvVjseUKrB1AC8Fcbrs2ARZo5z6GB9xv+RlInm+i7OMdYL4\/weyGCurQPzks5XNrHttfFydV9QR6l6w1wNXE+MLzVch7lO1I4R9oI4LWPZku5Z+kezsOLik10vD8MT9x4YbtMq\/nieFsoSGE9fW+2eSnGtqSNc5H9QR40adfLkyRo1alSogK8aGSQCEoFbQ6Co2uRVQq+QRDAVz4rrLqX2vx2DYPfyx8Q9VOv6EApRHiBX\/yC8s\/bQt1r7xoSWFGciSfEXnM\/MoM7L4vwlolYlySeUWtOcQ0cTaxRHi9cQ548QtaHW6XutfQOQQUuUFnEXlCqjHQPXKlWdxH2axySpbZY4urdLbae4GkddE7ROjVNjFP8BxJ1IbhRXqj6rPbZWDfRtNvJjG4jWilZqQsu1JUWqae3eUx6AUXmWoCeKc5W07mu0lkFEKSMuxRCjkdr2C8cjMCFg8NO7iHOQ8+l5tDTqQMv688PxSvC\/ncM+AAYkmiKOUbXDEq1TCGQW14EW4ecxbZSaLzkeXawG4egbA62s1gnhZ07R4q3U5p86n7CYEeK1IuJKJUfnIbR42iIVzE1QvwfE6WTFf7xj2Kzb+zHM+fPns6c+GhUVFR4eHhoaGhwcbLVRHiQCEoHbRiDSPTWElpnhHDnqtkXIggWDQHR0dPbUJ+ccC+ZGyFruUwRYkr0XxVZPJO2DE6VRj\/tU28KlliTHwnW\/pbb5iIC48IP7HT\/3Z1O8MnVz09OEPWNtxvbGyf\/3LAJyQeaevXWy4X82AvxMODYhZaL73Y1Kw9b8wDuED3f+\/Ys\/u12y\/vxBQJJj\/uAopRRCBNSG05QH+pvhX5HLbnExWeu6x\/4sTSGE4r5UWZLjfXlbpVIFhAAt08H+GGIB1SerKUAE5JxjAYItq5IISATuHQQkOd4790q2VCIgEShABCQ5FiDYsiqJgETg3kFAkuO9c69kSyUCEoECRMCzIHPmDP5eUgaJgERAIlBIEMiR9DRVxZ+jx1qhkIAi1ZQISAQkAjYCNgH6REMLDAyEBMaYz2QZKRGQCEgE7lcEgBltAvSpIBXC+savz0QZKRGQCEgECisCckGmsN55qbdEQCKQLQKSHLOFRyZKBCQChRUBSY6F9c5LvSUCEoFsEZDkmC08MlEiIBEorAhIciysd17qLRGQCGSLgCTHbOGRiRIBiUBhRUCSY2G981JviYBEIFsE\/h8yL5uZLb0DbgAAAABJRU5ErkJggg==\" alt=\"\" \/><\/p>\n<style type=\"text\/css\"><!--\nP { margin-bottom: 0.21cm; }\n--><\/style>\n<p align=\"LEFT\">Lors de la <b>premi\u00e8re s\u00e9ance,<\/b> l&rsquo;auteur explique son projet ou pr\u00e9sente le texte<br \/>\nqu&rsquo;il est en train de r\u00e9diger et sur lequel il veut \u00eatre conseill\u00e9 <span style=\"color: #ff9900;\"><strong>(s\u00e9ance gratuite)<\/strong><\/span>.<\/p>\n<p align=\"LEFT\">\n<p align=\"LEFT\">En fonction du genre litt\u00e9raire qu&rsquo;il souhaite d\u00e9velopper,<b> autobiographie, <\/b><br \/>\n<b>m\u00e9moires ou roman<\/b>, nous lui donnons les instructions de base<br \/>\nqui vont l&rsquo;aider \u00e0 poursuivre son travail dans la bonne direction,\u00a0 et l&rsquo;aidons<br \/>\n\u00e0 trouver un style propre en accord avec sa personnalit\u00e9.<\/p>\n<style type=\"text\/css\"><!--\nP { margin-bottom: 0.21cm; }\n--><\/style>\n<p align=\"LEFT\"><b>Le rythme et le nombre de s\u00e9ances post\u00e9rieures<\/b> est d\u00e9cid\u00e9 en fonction<br \/>\nde l&rsquo;auteur et de l&rsquo;\u00e9tape dans laquelle se trouve le r\u00e9dig\u00e9 de son r\u00e9cit.<br \/>\nLa r\u00e9gularit\u00e9 est un facteur fondamental pour r\u00e9ussir tout projet. Notre exp\u00e9rience<br \/>\nnous a prouv\u00e9 que le rythme d&rsquo;accompagnement le plus effectif, est de<\/p>\n<p align=\"LEFT\"><span style=\"color: #ff9900;\"><b>2 fois <b><b>par mois,<\/b> \u00e0<b> raison d&rsquo;une s\u00e9ance<\/b><\/b> d&rsquo;une heure et demi tous les 15 jours.\u00a0<\/b><\/span><\/p>\n<style type=\"text\/css\"><!--\nP { margin-bottom: 0.21cm; }\n--><\/style>\n<p align=\"LEFT\"><b>Guid\u00e9<\/b><b> <\/b><b>par le<\/b><b> <\/b><b>coach,<\/b> l&rsquo;auteur avance peu \u00e0 peu sur le chemin de l&rsquo;\u00e9vocation des<br \/>\nsouvenirs ou apprend \u00e0 noter sur le vif, le moment pr\u00e9sent. Il apprend \u00e0 r\u00e9diger ses<br \/>\nexp\u00e9riences, ses pens\u00e9es, ses \u00e9motions,\u00a0 \u00e0 d\u00e9crire des personnages, des lieux,\u00a0\u00a0<b><br \/>\n<\/b>des paysages tout en acqu\u00e9rant la technique n\u00e9cessaire pour r\u00e9ussir<b> un r\u00e9dig\u00e9<br \/>\ncorrecte et agr\u00e9able, au caract\u00e8re litt\u00e9raire.<br \/>\n<\/b><\/p>\n<style type=\"text\/css\"><!--\nP { margin-bottom: 0.21cm; }\n--><\/style>\n<p align=\"LEFT\">Le projet termin\u00e9, <b>nous conseillons l&rsquo;auteur sur les diff\u00e9rentes possibilit\u00e9s d&rsquo;\u00e9dition<\/b>:<br \/>\nimportance du titre, couverture, formes d&rsquo;\u00e9dition (auto-\u00e9dition, \u00e9dition on-line, co-\u00e9dition).<\/p>\n<div style=\"border-top: 1px solid #ff9900; border-bottom: 1px solid #ff9900; width: 525px; height: 196px; padding: 20px;\">\n<div style=\"float: left; width: 182px; height: 100px;\"><img decoding=\"async\" loading=\"lazy\" src=\"http:\/\/www.lecturavertical.com\/wp-content\/uploads\/2015\/02\/FR.jpg\" alt=\"Contactar escriptura personal\" width=\"155\" height=\"145\" \/><\/div>\n<div style=\"float: left; width: 303px; height: 100px;\"><span style=\"color: #ff6600;\"><span style=\"color: #000000;\"><span style=\"color: #808080;\"><br \/>\nPour plus de renseignements ou pour demander notre service de <strong>Coaching<\/strong>, appelez au<br \/>\n+34 699 455 946<br \/>\nou \u00e9crivez-nous \u00e0<\/span><strong><a href=\"mailto:info@lecturavertical.com\"><br \/>\n<\/a><\/strong><\/span><a href=\"mailto:zeneida.sarda@gmail.com\">zeneida.sarda@gmail.com<\/a><br \/>\n<\/span><span style=\"color: #808080;\"><br \/>\n<\/span><\/div>\n<\/div>\n<div id=\"gtx-trans\" style=\"position: absolute; left: 218px; top: 760.531px;\"><\/div>\n","protected":false},"excerpt":{"rendered":"<p>Lors de la premi\u00e8re s\u00e9ance, l&rsquo;auteur explique son projet ou pr\u00e9sente le texte qu&rsquo;il est en train de r\u00e9diger et sur lequel il veut \u00eatre conseill\u00e9 (s\u00e9ance gratuite). En fonction du genre litt\u00e9raire qu&rsquo;il souhaite d\u00e9velopper, autobiographie, m\u00e9moires ou roman, nous lui donnons les instructions de base qui vont l&rsquo;aider \u00e0 poursuivre son travail dans [&hellip;]<\/p>\n","protected":false},"author":2,"featured_media":0,"parent":2816,"menu_order":0,"comment_status":"closed","ping_status":"open","template":"","meta":[],"_links":{"self":[{"href":"https:\/\/www.lecturavertical.com\/fr\/wp-json\/wp\/v2\/pages\/2864"}],"collection":[{"href":"https:\/\/www.lecturavertical.com\/fr\/wp-json\/wp\/v2\/pages"}],"about":[{"href":"https:\/\/www.lecturavertical.com\/fr\/wp-json\/wp\/v2\/types\/page"}],"author":[{"embeddable":true,"href":"https:\/\/www.lecturavertical.com\/fr\/wp-json\/wp\/v2\/users\/2"}],"replies":[{"embeddable":true,"href":"https:\/\/www.lecturavertical.com\/fr\/wp-json\/wp\/v2\/comments?post=2864"}],"version-history":[{"count":28,"href":"https:\/\/www.lecturavertical.com\/fr\/wp-json\/wp\/v2\/pages\/2864\/revisions"}],"predecessor-version":[{"id":6127,"href":"https:\/\/www.lecturavertical.com\/fr\/wp-json\/wp\/v2\/pages\/2864\/revisions\/6127"}],"up":[{"embeddable":true,"href":"https:\/\/www.lecturavertical.com\/fr\/wp-json\/wp\/v2\/pages\/2816"}],"wp:attachment":[{"href":"https:\/\/www.lecturavertical.com\/fr\/wp-json\/wp\/v2\/media?parent=2864"}],"curies":[{"name":"wp","href":"https:\/\/api.w.org\/{rel}","templated":true}]}}