{"id":4303,"date":"2018-05-12T09:24:12","date_gmt":"2018-05-12T09:24:12","guid":{"rendered":"http:\/\/www.lecturavertical.com\/?page_id=4303"},"modified":"2021-04-30T19:04:59","modified_gmt":"2021-04-30T19:04:59","slug":"jeu","status":"publish","type":"page","link":"https:\/\/www.lecturavertical.com\/fr\/jeu\/","title":{"rendered":"Jeu"},"content":{"rendered":"<p><a href=\"http:\/\/www.lecturavertical.com\/wp-content\/uploads\/2018\/05\/0cells-fr.jpg\"><img decoding=\"async\" loading=\"lazy\" class=\" wp-image-4550 alignnone\" src=\"http:\/\/www.lecturavertical.com\/wp-content\/uploads\/2018\/05\/0cells-fr-300x93.jpg\" alt=\"0cells fr\" width=\"450\" height=\"93\" \/><\/a><\/p>\n<p><span style=\"font-size: medium;\"><b>Faites, de\u00a0<\/b><\/span><span style=\"font-size: medium;\"><b>la lecture, un jeu amusant et enrichissant.<\/b><\/span><\/p>\n<p>JEU LITT\u00c9RAIRE INTERACTIF<br \/>\nPOUR \u00c9L\u00c8VES DU SECONDAIRE<\/p>\n<ul>\n<li><span style=\"color: #808080;\"><b>Facilite\u00a0<\/b>la\u00a0compr\u00e9hension de la lecture \u00a0 \u00a0 \u00a0 \u00a0 \u00a0\u00a0<a style=\"color: #808080;\" href=\"http:\/\/www.lecturavertical.com\/wp-content\/uploads\/2018\/05\/tablette.jpeg\"><img decoding=\"async\" loading=\"lazy\" class=\"alignright  wp-image-4400\" src=\"http:\/\/www.lecturavertical.com\/wp-content\/uploads\/2018\/05\/tablette.jpeg\" alt=\"tablette\" width=\"200\" height=\"183\" \/><\/a><\/span><\/li>\n<li><span style=\"color: #808080;\"><b>Augmente\u00a0<\/b>les\u00a0habilet\u00e9s\u00a0intellectuelles<\/span><\/li>\n<li><span style=\"color: #808080;\"><b>S<\/b><b>timule<\/b> le go\u00fbt\u00a0pour\u00a0la\u00a0lecture<\/span><\/li>\n<li><span style=\"color: #808080;\"><b>Entra\u00eene<\/b> le plaisir de l&rsquo;\u00e9criture<\/span><\/li>\n<\/ul>\n<p>A partir de la lecture d&rsquo;un texte bref, le jeu consiste \u00e0 d\u00e9couvrir<br \/>\nles mots ou les fragments de texte qui correspondent aux th\u00e8mes<br \/>\nindiqu\u00e9s dans les cases.<\/p>\n<p>La comp\u00e9tition peut se faire en groupe ou individuellement, en temps<br \/>\nlimit\u00e9 et\/ou en fonction de la ponctuation obtenue.<\/p>\n<p><strong>Ce jeu a pour objectif de mettre en \u00e9vidence comment a travaill\u00e9<br \/>\n<\/strong>\u00a0<strong>l&rsquo;auteur<\/strong>\u00a0<a href=\"http:\/\/www.lecturavertical.com\/wp-content\/uploads\/2018\/05\/classe.jpg\"><img decoding=\"async\" loading=\"lazy\" class=\"alignright  wp-image-4397\" src=\"http:\/\/www.lecturavertical.com\/wp-content\/uploads\/2018\/05\/classe.jpg\" alt=\"classe\" width=\"200\" height=\"183\" \/><\/a><strong>pour produire, sur le lecteur, l&rsquo;effet voulu.<\/strong><\/p>\n<p><span style=\"color: #000000;\"><span style=\"color: #808080;\">La<\/span>\u00a0<a href=\"https:\/\/www.lecturavertical.com\/fr\/jeu\/textes\/\">version compl\u00e8te<\/a><\/span><span style=\"color: #ff420e;\"><a href=\"https:\/\/www.lecturavertical.com\/fr\/jeu\/textes\/\"><span style=\"color: #ff9900;\"><span style=\"color: #ff9900;\">\u00a0<\/span><\/span><\/a><\/span><span style=\"color: #808080;\">du\u00a0jeu\u00a0contient\u00a0une\u00a0grande\u00a0vari\u00e9t\u00e9\u00a0de\u00a0textes<br \/>\nde\u00a0diff\u00e9rents\u00a0auteurs.<\/span><\/p>\n<p><span style=\"color: #ff6600;\">_____________________________________________________________<\/span><\/p>\n<p><a href=\"http:\/\/www.lecturavertical.com\/wp-content\/uploads\/2018\/05\/adrec\u0327a-papellones1.jpg\"><img decoding=\"async\" loading=\"lazy\" class=\" wp-image-4619 alignleft\" style=\"margin-left: 10px; margin-right: 10px;\" src=\"http:\/\/www.lecturavertical.com\/wp-content\/uploads\/2018\/05\/adrec\u0327a-papellones1.jpg\" alt=\"adrec\u0327a papellones\" width=\"100\" height=\"153\" \/> <\/a><span style=\"color: #808080;\">Si vous avez quelque question sur<\/span><span style=\"color: #808080;\">\u00a0 \u00a0<\/span><br \/>\nle \u00ab\u00a0Jeu litt\u00e9raire\u00a0\u00bb, appelez-moi<span style=\"color: #ff420e;\"><br \/>\n<\/span><span style=\"color: #ff420e;\"><a href=\"https:\/\/www.lecturavertical.com\/fr\/z%c3%a9n%c3%a9ida-sarda\/\">\u00a0Zeneida Sard\u00e0<\/a><\/span><span style=\"color: #ff420e;\">\u00a0<\/span>+34 699 455 946<br \/>\nou \u00e9crivez-moi \u00e0<br \/>\n<a href=\"mailto:zeneida.sarda@gmail.com\">zeneida.sarda@gmail.com<\/a><a href=\"mailto:info@lecturavertical.com\"><br \/>\n_____________________________________________________________<br \/>\n<\/a><\/p>\n","protected":false},"excerpt":{"rendered":"<p>Faites, de\u00a0la lecture, un jeu amusant et enrichissant. JEU LITT\u00c9RAIRE INTERACTIF POUR \u00c9L\u00c8VES DU SECONDAIRE Facilite\u00a0la\u00a0compr\u00e9hension de la lecture \u00a0 \u00a0 \u00a0 \u00a0 \u00a0\u00a0 Augmente\u00a0les\u00a0habilet\u00e9s\u00a0intellectuelles Stimule le go\u00fbt\u00a0pour\u00a0la\u00a0lecture Entra\u00eene le plaisir de l&rsquo;\u00e9criture A partir de la lecture d&rsquo;un texte bref, le jeu consiste \u00e0 d\u00e9couvrir les mots ou les fragments de texte qui correspondent [&hellip;]<\/p>\n","protected":false},"author":2,"featured_media":0,"parent":0,"menu_order":0,"comment_status":"closed","ping_status":"open","template":"","meta":[],"_links":{"self":[{"href":"https:\/\/www.lecturavertical.com\/fr\/wp-json\/wp\/v2\/pages\/4303"}],"collection":[{"href":"https:\/\/www.lecturavertical.com\/fr\/wp-json\/wp\/v2\/pages"}],"about":[{"href":"https:\/\/www.lecturavertical.com\/fr\/wp-json\/wp\/v2\/types\/page"}],"author":[{"embeddable":true,"href":"https:\/\/www.lecturavertical.com\/fr\/wp-json\/wp\/v2\/users\/2"}],"replies":[{"embeddable":true,"href":"https:\/\/www.lecturavertical.com\/fr\/wp-json\/wp\/v2\/comments?post=4303"}],"version-history":[{"count":44,"href":"https:\/\/www.lecturavertical.com\/fr\/wp-json\/wp\/v2\/pages\/4303\/revisions"}],"predecessor-version":[{"id":5998,"href":"https:\/\/www.lecturavertical.com\/fr\/wp-json\/wp\/v2\/pages\/4303\/revisions\/5998"}],"wp:attachment":[{"href":"https:\/\/www.lecturavertical.com\/fr\/wp-json\/wp\/v2\/media?parent=4303"}],"curies":[{"name":"wp","href":"https:\/\/api.w.org\/{rel}","templated":true}]}}