{"id":4663,"date":"2018-05-15T21:40:29","date_gmt":"2018-05-15T21:40:29","guid":{"rendered":"http:\/\/www.lecturavertical.com\/?page_id=4663"},"modified":"2020-10-31T18:09:41","modified_gmt":"2020-10-31T18:09:41","slug":"textes","status":"publish","type":"page","link":"https:\/\/www.lecturavertical.com\/fr\/jeu\/textes\/","title":{"rendered":"Textes"},"content":{"rendered":"<p><strong>\u00a0Pour avoir acc\u00e9s \u00e0 la version compl\u00e8te, contacter avec moi:<\/strong>\u00a0 \u00a0 \u00a0 \u00a0\u00a0 \u00a0 \u00a0 \u00a0 \u00a0 \u00a0<\/p>\n<p>\u00a0____________________________________________________<br \/>\u00a0\u00a0<a href=\" http:\/\/www.lecturavertical.com\/zeneida-sarda\/\">Zeneida Sard\u00e0<\/a><a href=\"http:\/\/www.lecturavertical.com\/zeneida-sarda\/\">\u00a0<\/a><strong><\/strong>+ 34 699 455 946<br \/>\u00a0 ou \u00e9crivez-moi \u00e0<br \/>\u00a0\u00a0<a href=\"mailto:zeneida.sarda@gmail.com\">zeneida.sarda@gmail.com<\/a>\u00a0 \u00a0 \u00a0 \u00a0 \u00a0 \u00a0 \u00a0 \u00a0 \u00a0 \u00a0 \u00a0 \u00a0 \u00a0 \u00a0 \u00a0\u00a0<br \/>\u00a0____________________________________________________<\/p>\n<p><a href=\"http:\/\/www.lecturavertical.com\/wp-content\/uploads\/2018\/09\/Textos-App1.jpg\"><img decoding=\"async\" loading=\"lazy\" alt=\"Textos App1\" src=\"http:\/\/www.lecturavertical.com\/wp-content\/uploads\/2018\/09\/Textos-App1-300x277.jpg\" width=\"600\" height=\"300\" \/><\/a><\/p>\n<p><a href=\"http:\/\/www.lecturavertical.com\/wp-content\/uploads\/2018\/09\/Textos-App-2.jpg\"><img decoding=\"async\" loading=\"lazy\" alt=\"Textos App 2\" src=\"http:\/\/www.lecturavertical.com\/wp-content\/uploads\/2018\/09\/Textos-App-2-300x281.jpg\" width=\"600\" height=\"300\" \/><\/a><\/p>\n<p><a href=\"http:\/\/www.lecturavertical.com\/wp-content\/uploads\/2018\/09\/Textos-App-3.jpg\"><img decoding=\"async\" loading=\"lazy\" alt=\"Textos App 3\" src=\"http:\/\/www.lecturavertical.com\/wp-content\/uploads\/2018\/09\/Textos-App-3-300x276.jpg\" width=\"600\" height=\"300\" \/><\/a><\/p>\n","protected":false},"excerpt":{"rendered":"<p>\u00a0Pour avoir acc\u00e9s \u00e0 la version compl\u00e8te, contacter avec moi:\u00a0 \u00a0 \u00a0 \u00a0\u00a0 \u00a0 \u00a0 \u00a0 \u00a0 \u00a0 \u00a0____________________________________________________\u00a0\u00a0Zeneida Sard\u00e0\u00a0+ 34 699 455 946\u00a0 ou \u00e9crivez-moi \u00e0\u00a0\u00a0zeneida.sarda@gmail.com\u00a0 \u00a0 \u00a0 \u00a0 \u00a0 \u00a0 \u00a0 \u00a0 \u00a0 \u00a0 \u00a0 \u00a0 \u00a0 \u00a0 \u00a0\u00a0\u00a0____________________________________________________<\/p>\n","protected":false},"author":2,"featured_media":0,"parent":4303,"menu_order":0,"comment_status":"closed","ping_status":"open","template":"","meta":[],"_links":{"self":[{"href":"https:\/\/www.lecturavertical.com\/fr\/wp-json\/wp\/v2\/pages\/4663"}],"collection":[{"href":"https:\/\/www.lecturavertical.com\/fr\/wp-json\/wp\/v2\/pages"}],"about":[{"href":"https:\/\/www.lecturavertical.com\/fr\/wp-json\/wp\/v2\/types\/page"}],"author":[{"embeddable":true,"href":"https:\/\/www.lecturavertical.com\/fr\/wp-json\/wp\/v2\/users\/2"}],"replies":[{"embeddable":true,"href":"https:\/\/www.lecturavertical.com\/fr\/wp-json\/wp\/v2\/comments?post=4663"}],"version-history":[{"count":9,"href":"https:\/\/www.lecturavertical.com\/fr\/wp-json\/wp\/v2\/pages\/4663\/revisions"}],"predecessor-version":[{"id":5033,"href":"https:\/\/www.lecturavertical.com\/fr\/wp-json\/wp\/v2\/pages\/4663\/revisions\/5033"}],"up":[{"embeddable":true,"href":"https:\/\/www.lecturavertical.com\/fr\/wp-json\/wp\/v2\/pages\/4303"}],"wp:attachment":[{"href":"https:\/\/www.lecturavertical.com\/fr\/wp-json\/wp\/v2\/media?parent=4663"}],"curies":[{"name":"wp","href":"https:\/\/api.w.org\/{rel}","templated":true}]}}