{"id":5950,"date":"2021-03-25T18:57:17","date_gmt":"2021-03-25T18:57:17","guid":{"rendered":"https:\/\/www.lecturavertical.com\/_in-company\/la-felicitat\/"},"modified":"2024-06-12T07:54:34","modified_gmt":"2024-06-12T07:54:34","slug":"la-felicitat","status":"publish","type":"page","link":"https:\/\/www.lecturavertical.com\/fr\/_in-company\/la-felicitat\/","title":{"rendered":"Le Bonheur"},"content":{"rendered":"<p align=\"left\"><strong><strong>LE BONHEUR ?<br \/><strong>COMMENT?<\/strong><br \/><\/strong><\/strong><\/p>\n<p class=\"western\" align=\"left\"><span style=\"color: #ff9900;\"><b>Nous ne pouvons pas d\u00e9finir le Bonheur mais nous pouvons <br \/><\/b><b>\u00ab\u00a0aprendre \u00e0 \u00eatre heureux\u00a0\u00bb<\/b><\/span><\/p>\n<p class=\"western\" align=\"left\">Tout le monde veut \u00eatre heureux.De l&rsquo;Orient \u00e0 l&rsquo;Occident, depuis les d\u00e9buts de<br \/>notre civilisation jusqu&rsquo;\u00e0 nos jours, philosophes et penseurs essayent de d\u00e9finir<br \/><span style=\"color: #808080;\">le concept de <\/span><span style=\"color: #000000;\"><b><span style=\"color: #808080;\">Bonheur<\/span> <\/b><\/span><span style=\"color: #808080;\">sans r\u00e9ussir \u00e0 le saisir compl\u00e8tement.<\/span><\/p>\n<p class=\"western\" align=\"left\">Les d\u00e9finitions se sont multipli\u00e9es, compl\u00e9t\u00e9es, exclues les unes aux autres.<br \/>C&rsquo;est un concept poly\u00e9drique aux mille faces, difficil, sinon impossible, \u00e0 d\u00e9finir.<\/p>\n<p class=\"western\" align=\"left\"><span style=\"font-size: medium;\"><b>Pour la premi\u00e8re fois, gr\u00e2ce aux grands progr\u00e9s technologiques,<br \/><\/b><\/span><span style=\"font-size: medium;\"><b>la Science s&rsquo;occupe du Bonheur.<\/b><\/span><\/p>\n<p><strong>Actuellement nous savons:<br \/><\/strong><\/p>\n<ul>\n<li><span style=\"color: #000000;\"><span style=\"font-size: medium;\"><span lang=\"ca-ES\"><span style=\"color: #808080;\">qu&rsquo;il y a des facteurs responsables de notre bonheur<\/span><br \/><\/span><\/span><\/span><\/li>\n<li><span style=\"font-size: medium;\">et nous savons comment r\u00e9ussir \u00e0 les d\u00e9velopper<\/span><\/li>\n<\/ul>\n<p class=\"western\" align=\"left\"><span style=\"font-size: medium;\"><b>Le cours est divis\u00e9 en trois grandes parties:<\/b><\/span><\/p>\n<ul>\n<li>aspects biologiques et physiologiques<\/li>\n<li>facteurs qui nous emp\u00eachent d&rsquo;\u00eatre heureux<\/li>\n<li>facteurs cl\u00e9 du Bonheur<\/li>\n<\/ul>\n<p class=\"western\" align=\"left\"><span style=\"font-size: medium;\"><b>Les s\u00e9ances th\u00e9oriques se compl\u00e8tent avec des exercices qui visent<br \/><\/b><\/span><span style=\"font-size: medium;\"><b>\u00e0 comprendre et exp\u00e9rimenter individuellement, les concepts qui<br \/><\/b><\/span><span style=\"font-size: medium;\"><b>s&rsquo;expliquen dans le cours.<\/b><\/span><\/p>\n<p align=\"left\"><strong>Cours de 10 s\u00e9ances<\/strong><span style=\"color: #333333;\"><b>, <span style=\"color: #808080;\">\u00e0<\/span><\/b><\/span><span style=\"color: #000000;\"><span style=\"color: #808080;\"> raison de deux heures par s\u00e9ance<\/span><br \/><\/span><strong><span style=\"color: #000000;\"><span style=\"color: #333333;\"><span style=\"color: #808080;\">Nombre d&rsquo;\u00e9l\u00e8ves<\/span><\/span><\/span><span style=\"color: #000000;\"><span style=\"color: #333333;\">:<\/span> <\/span><\/strong><span style=\"color: #000000;\"><span style=\"color: #808080;\">de 15 \u00e0 20 par cours<\/span><br \/><span style=\"color: #ff6600;\">_________________________________________________________________<\/span><\/span><\/p>\n<p>\u00a0 \u00a0 \u00a0 \u00a0 \u00a0 \u00a0 \u00a0 \u00a0 \u00a0 \u00a0 \u00a0 \u00a0 \u00a0 \u00a0 \u00a0 \u00a0 \u00a0 \u00a0 <img decoding=\"async\" loading=\"lazy\" class=\"size-full wp-image-1046 alignleft\" style=\"margin-left: 10px; margin-right: 10px;\" src=\"http:\/\/www.lecturavertical.com\/wp-content\/uploads\/2013\/11\/IE-Flor-150x150.jpg\" alt=\"IE-Flor-150x150\" width=\"150\" height=\"150\" \/><br \/>Pour organiser ce cours, contacter<br \/>avec nous par email<br \/><a href=\"mailto:zeneida.sarda@gmail.com\">zeneida.sarda@gmail.com<br \/><\/a>ou par t\u00e9l\u00e9phone au +34 699 455 946<\/p>\n<p>\u00a0<\/p>\n<p><span style=\"color: #ff6600;\"><br \/>_________________________________________________________________<\/span><\/p>\n\n\n<p><\/p>\n","protected":false},"excerpt":{"rendered":"<p>LE BONHEUR ?COMMENT? Nous ne pouvons pas d\u00e9finir le Bonheur mais nous pouvons \u00ab\u00a0aprendre \u00e0 \u00eatre heureux\u00a0\u00bb Tout le monde veut \u00eatre heureux.De l&rsquo;Orient \u00e0 l&rsquo;Occident, depuis les d\u00e9buts denotre civilisation jusqu&rsquo;\u00e0 nos jours, philosophes et penseurs essayent de d\u00e9finirle concept de Bonheur sans r\u00e9ussir \u00e0 le saisir compl\u00e8tement. Les d\u00e9finitions se sont multipli\u00e9es, compl\u00e9t\u00e9es, [&hellip;]<\/p>\n","protected":false},"author":2,"featured_media":0,"parent":1895,"menu_order":0,"comment_status":"open","ping_status":"closed","template":"","meta":[],"_links":{"self":[{"href":"https:\/\/www.lecturavertical.com\/fr\/wp-json\/wp\/v2\/pages\/5950"}],"collection":[{"href":"https:\/\/www.lecturavertical.com\/fr\/wp-json\/wp\/v2\/pages"}],"about":[{"href":"https:\/\/www.lecturavertical.com\/fr\/wp-json\/wp\/v2\/types\/page"}],"author":[{"embeddable":true,"href":"https:\/\/www.lecturavertical.com\/fr\/wp-json\/wp\/v2\/users\/2"}],"replies":[{"embeddable":true,"href":"https:\/\/www.lecturavertical.com\/fr\/wp-json\/wp\/v2\/comments?post=5950"}],"version-history":[{"count":20,"href":"https:\/\/www.lecturavertical.com\/fr\/wp-json\/wp\/v2\/pages\/5950\/revisions"}],"predecessor-version":[{"id":6380,"href":"https:\/\/www.lecturavertical.com\/fr\/wp-json\/wp\/v2\/pages\/5950\/revisions\/6380"}],"up":[{"embeddable":true,"href":"https:\/\/www.lecturavertical.com\/fr\/wp-json\/wp\/v2\/pages\/1895"}],"wp:attachment":[{"href":"https:\/\/www.lecturavertical.com\/fr\/wp-json\/wp\/v2\/media?parent=5950"}],"curies":[{"name":"wp","href":"https:\/\/api.w.org\/{rel}","templated":true}]}}